{"id":4719,"date":"2025-05-22T17:59:42","date_gmt":"2025-05-22T22:59:42","guid":{"rendered":"https:\/\/guerrerotortillas.com\/products\/corn-and-wheat-tortillas\/"},"modified":"2025-09-18T16:56:52","modified_gmt":"2025-09-18T21:56:52","slug":"tortillas-de-harina-de-maiz-y-trigo","status":"publish","type":"product","link":"https:\/\/guerrerotortillas.com\/es\/productos\/tortillas-de-harina-de-maiz-y-trigo\/","title":{"rendered":"Tortillas de Harina de Ma\u00ecz y Trigo"},"content":{"rendered":"\n<p>Nuestras tortillas son la combinaci\u00f3n perfecta del sabor aut\u00e9ntico del ma\u00edz con la textura suave y flexible del trigo. Cada bocado es una celebraci\u00f3n que eleva tus comidas, deleita tus sentidos, y trae a tu mesa Un pedacito de M\u00e9xico\u00ae.<\/p>\n\n\n\n<p><strong>Ingredientes:<\/strong> agua, harina de ma\u00edz nixtamalizado, harina de trigo, manteca vegetal aceites de soya interesterificado e hidrogenado), gluten de trigo, almid\u00f3n modificado, contiene 1 % o menos de: sal, pirofosfato acido de sodio, bicarbonato de sodio, mono y digliceridos, goma de gelulosa, goma guar, acido fumarico, acido folico, enzimas, y propionato de calcio, acido sorbico, acido propionico, acido benzoico, acido fosforico (para mantener la frescura). <\/p>\n\n\n\n<p><strong>Contiene:<\/strong> trigo<\/p>\n","protected":false},"featured_media":4716,"template":"","product_category":[187,117,84],"product_type":[79],"size":[221],"diet_type":[],"count":[82],"class_list":["post-4719","product","type-product","status-publish","has-post-thumbnail","hentry","product_category-nuevo","product_category-tortillas-de-maiz","product_category-tortillas-de-harina","product_type-tortillas-es","size-11-8-inches-es","count-10-count-es"],"acf":[],"yoast_head":"<!-- This site is optimized with the Yoast SEO plugin v25.2 - https:\/\/yoast.com\/wordpress\/plugins\/seo\/ -->\n<title>Tortillas de Harina de Ma\u00ecz y Trigo - Guerrero Tortillas<\/title>\n<meta name=\"description\" content=\"Nuestras tortillas son la combinaci\u00f3n perfecta del aut\u00e9ntico sabor del ma\u00edz con la textura suave y flexible del trigo. Cada bocado es una celebraci\u00f3n de sabor, dise\u00f1ada para realzar tus comidas, deleitar tus sentidos y llevar Un pedacito de M\u00e9xico\u00ae a tu mesa.\" \/>\n<meta name=\"robots\" content=\"index, follow, max-snippet:-1, max-image-preview:large, max-video-preview:-1\" \/>\n<link rel=\"canonical\" href=\"https:\/\/guerrerotortillas.com\/es\/productos\/tortillas-de-harina-de-maiz-y-trigo\/\" \/>\n<meta property=\"og:locale\" content=\"es_ES\" \/>\n<meta property=\"og:type\" content=\"article\" \/>\n<meta property=\"og:title\" content=\"Tortillas de Harina de Ma\u00ecz y Trigo - Guerrero Tortillas\" \/>\n<meta property=\"og:description\" content=\"Nuestras tortillas son la combinaci\u00f3n perfecta del aut\u00e9ntico sabor del ma\u00edz con la textura suave y flexible del trigo. Cada bocado es una celebraci\u00f3n de sabor, dise\u00f1ada para realzar tus comidas, deleitar tus sentidos y llevar Un pedacito de M\u00e9xico\u00ae a tu mesa.\" \/>\n<meta property=\"og:url\" content=\"https:\/\/guerrerotortillas.com\/es\/productos\/tortillas-de-harina-de-maiz-y-trigo\/\" \/>\n<meta property=\"og:site_name\" content=\"Guerrero Tortillas\" \/>\n<meta property=\"article:modified_time\" content=\"2025-09-18T21:56:52+00:00\" \/>\n<meta property=\"og:image\" content=\"https:\/\/guerrerotortillas.com\/wp-content\/uploads\/2025\/05\/product-corn-wheat-tortillas-front.png\" \/>\n\t<meta property=\"og:image:width\" content=\"800\" \/>\n\t<meta property=\"og:image:height\" content=\"1019\" \/>\n\t<meta property=\"og:image:type\" content=\"image\/png\" \/>\n<meta name=\"twitter:card\" content=\"summary_large_image\" \/>\n<script type=\"application\/ld+json\" class=\"yoast-schema-graph\">{\"@context\":\"https:\/\/schema.org\",\"@graph\":[{\"@type\":\"WebPage\",\"@id\":\"https:\/\/guerrerotortillas.com\/es\/productos\/tortillas-de-harina-de-maiz-y-trigo\/\",\"url\":\"https:\/\/guerrerotortillas.com\/es\/productos\/tortillas-de-harina-de-maiz-y-trigo\/\",\"name\":\"Tortillas de Harina de Ma\u00ecz y Trigo - Guerrero Tortillas\",\"isPartOf\":{\"@id\":\"https:\/\/guerrerotortillas.com\/es\/#website\"},\"primaryImageOfPage\":{\"@id\":\"https:\/\/guerrerotortillas.com\/es\/productos\/tortillas-de-harina-de-maiz-y-trigo\/#primaryimage\"},\"image\":{\"@id\":\"https:\/\/guerrerotortillas.com\/es\/productos\/tortillas-de-harina-de-maiz-y-trigo\/#primaryimage\"},\"thumbnailUrl\":\"https:\/\/guerrerotortillas.com\/wp-content\/uploads\/2025\/05\/product-corn-wheat-tortillas-front.png\",\"datePublished\":\"2025-05-22T22:59:42+00:00\",\"dateModified\":\"2025-09-18T21:56:52+00:00\",\"description\":\"Nuestras tortillas son la combinaci\u00f3n perfecta del aut\u00e9ntico sabor del ma\u00edz con la textura suave y flexible del trigo. Cada bocado es una celebraci\u00f3n de sabor, dise\u00f1ada para realzar tus comidas, deleitar tus sentidos y llevar Un pedacito de M\u00e9xico\u00ae a tu mesa.\",\"breadcrumb\":{\"@id\":\"https:\/\/guerrerotortillas.com\/es\/productos\/tortillas-de-harina-de-maiz-y-trigo\/#breadcrumb\"},\"inLanguage\":\"es\",\"potentialAction\":[{\"@type\":\"ReadAction\",\"target\":[\"https:\/\/guerrerotortillas.com\/es\/productos\/tortillas-de-harina-de-maiz-y-trigo\/\"]}]},{\"@type\":\"ImageObject\",\"inLanguage\":\"es\",\"@id\":\"https:\/\/guerrerotortillas.com\/es\/productos\/tortillas-de-harina-de-maiz-y-trigo\/#primaryimage\",\"url\":\"https:\/\/guerrerotortillas.com\/wp-content\/uploads\/2025\/05\/product-corn-wheat-tortillas-front.png\",\"contentUrl\":\"https:\/\/guerrerotortillas.com\/wp-content\/uploads\/2025\/05\/product-corn-wheat-tortillas-front.png\",\"width\":800,\"height\":1019},{\"@type\":\"BreadcrumbList\",\"@id\":\"https:\/\/guerrerotortillas.com\/es\/productos\/tortillas-de-harina-de-maiz-y-trigo\/#breadcrumb\",\"itemListElement\":[{\"@type\":\"ListItem\",\"position\":1,\"name\":\"Inicio\",\"item\":\"https:\/\/guerrerotortillas.com\/es\/\"},{\"@type\":\"ListItem\",\"position\":2,\"name\":\"Tortillas de Harina\",\"item\":\"https:\/\/guerrerotortillas.com\/es\/product-category\/tortillas-de-harina\/\"},{\"@type\":\"ListItem\",\"position\":3,\"name\":\"Tortillas de Harina de Ma\u00ecz y Trigo\"}]},{\"@type\":\"WebSite\",\"@id\":\"https:\/\/guerrerotortillas.com\/es\/#website\",\"url\":\"https:\/\/guerrerotortillas.com\/es\/\",\"name\":\"Guerrero Tortillas\",\"description\":\"\",\"potentialAction\":[{\"@type\":\"SearchAction\",\"target\":{\"@type\":\"EntryPoint\",\"urlTemplate\":\"https:\/\/guerrerotortillas.com\/es\/?s={search_term_string}\"},\"query-input\":{\"@type\":\"PropertyValueSpecification\",\"valueRequired\":true,\"valueName\":\"search_term_string\"}}],\"inLanguage\":\"es\"}]}<\/script>\n<!-- \/ Yoast SEO plugin. -->","yoast_head_json":{"title":"Tortillas de Harina de Ma\u00ecz y Trigo - Guerrero Tortillas","description":"Nuestras tortillas son la combinaci\u00f3n perfecta del aut\u00e9ntico sabor del ma\u00edz con la textura suave y flexible del trigo. Cada bocado es una celebraci\u00f3n de sabor, dise\u00f1ada para realzar tus comidas, deleitar tus sentidos y llevar Un pedacito de M\u00e9xico\u00ae a tu mesa.","robots":{"index":"index","follow":"follow","max-snippet":"max-snippet:-1","max-image-preview":"max-image-preview:large","max-video-preview":"max-video-preview:-1"},"canonical":"https:\/\/guerrerotortillas.com\/es\/productos\/tortillas-de-harina-de-maiz-y-trigo\/","og_locale":"es_ES","og_type":"article","og_title":"Tortillas de Harina de Ma\u00ecz y Trigo - Guerrero Tortillas","og_description":"Nuestras tortillas son la combinaci\u00f3n perfecta del aut\u00e9ntico sabor del ma\u00edz con la textura suave y flexible del trigo. Cada bocado es una celebraci\u00f3n de sabor, dise\u00f1ada para realzar tus comidas, deleitar tus sentidos y llevar Un pedacito de M\u00e9xico\u00ae a tu mesa.","og_url":"https:\/\/guerrerotortillas.com\/es\/productos\/tortillas-de-harina-de-maiz-y-trigo\/","og_site_name":"Guerrero Tortillas","article_modified_time":"2025-09-18T21:56:52+00:00","og_image":[{"width":800,"height":1019,"url":"https:\/\/guerrerotortillas.com\/wp-content\/uploads\/2025\/05\/product-corn-wheat-tortillas-front.png","type":"image\/png"}],"twitter_card":"summary_large_image","schema":{"@context":"https:\/\/schema.org","@graph":[{"@type":"WebPage","@id":"https:\/\/guerrerotortillas.com\/es\/productos\/tortillas-de-harina-de-maiz-y-trigo\/","url":"https:\/\/guerrerotortillas.com\/es\/productos\/tortillas-de-harina-de-maiz-y-trigo\/","name":"Tortillas de Harina de Ma\u00ecz y Trigo - Guerrero Tortillas","isPartOf":{"@id":"https:\/\/guerrerotortillas.com\/es\/#website"},"primaryImageOfPage":{"@id":"https:\/\/guerrerotortillas.com\/es\/productos\/tortillas-de-harina-de-maiz-y-trigo\/#primaryimage"},"image":{"@id":"https:\/\/guerrerotortillas.com\/es\/productos\/tortillas-de-harina-de-maiz-y-trigo\/#primaryimage"},"thumbnailUrl":"https:\/\/guerrerotortillas.com\/wp-content\/uploads\/2025\/05\/product-corn-wheat-tortillas-front.png","datePublished":"2025-05-22T22:59:42+00:00","dateModified":"2025-09-18T21:56:52+00:00","description":"Nuestras tortillas son la combinaci\u00f3n perfecta del aut\u00e9ntico sabor del ma\u00edz con la textura suave y flexible del trigo. Cada bocado es una celebraci\u00f3n de sabor, dise\u00f1ada para realzar tus comidas, deleitar tus sentidos y llevar Un pedacito de M\u00e9xico\u00ae a tu mesa.","breadcrumb":{"@id":"https:\/\/guerrerotortillas.com\/es\/productos\/tortillas-de-harina-de-maiz-y-trigo\/#breadcrumb"},"inLanguage":"es","potentialAction":[{"@type":"ReadAction","target":["https:\/\/guerrerotortillas.com\/es\/productos\/tortillas-de-harina-de-maiz-y-trigo\/"]}]},{"@type":"ImageObject","inLanguage":"es","@id":"https:\/\/guerrerotortillas.com\/es\/productos\/tortillas-de-harina-de-maiz-y-trigo\/#primaryimage","url":"https:\/\/guerrerotortillas.com\/wp-content\/uploads\/2025\/05\/product-corn-wheat-tortillas-front.png","contentUrl":"https:\/\/guerrerotortillas.com\/wp-content\/uploads\/2025\/05\/product-corn-wheat-tortillas-front.png","width":800,"height":1019},{"@type":"BreadcrumbList","@id":"https:\/\/guerrerotortillas.com\/es\/productos\/tortillas-de-harina-de-maiz-y-trigo\/#breadcrumb","itemListElement":[{"@type":"ListItem","position":1,"name":"Inicio","item":"https:\/\/guerrerotortillas.com\/es\/"},{"@type":"ListItem","position":2,"name":"Tortillas de Harina","item":"https:\/\/guerrerotortillas.com\/es\/product-category\/tortillas-de-harina\/"},{"@type":"ListItem","position":3,"name":"Tortillas de Harina de Ma\u00ecz y Trigo"}]},{"@type":"WebSite","@id":"https:\/\/guerrerotortillas.com\/es\/#website","url":"https:\/\/guerrerotortillas.com\/es\/","name":"Guerrero Tortillas","description":"","potentialAction":[{"@type":"SearchAction","target":{"@type":"EntryPoint","urlTemplate":"https:\/\/guerrerotortillas.com\/es\/?s={search_term_string}"},"query-input":{"@type":"PropertyValueSpecification","valueRequired":true,"valueName":"search_term_string"}}],"inLanguage":"es"}]}},"_links":{"self":[{"href":"https:\/\/guerrerotortillas.com\/es\/wp-json\/wp\/v2\/product\/4719","targetHints":{"allow":["GET"]}}],"collection":[{"href":"https:\/\/guerrerotortillas.com\/es\/wp-json\/wp\/v2\/product"}],"about":[{"href":"https:\/\/guerrerotortillas.com\/es\/wp-json\/wp\/v2\/types\/product"}],"wp:featuredmedia":[{"embeddable":true,"href":"https:\/\/guerrerotortillas.com\/es\/wp-json\/wp\/v2\/media\/4716"}],"wp:attachment":[{"href":"https:\/\/guerrerotortillas.com\/es\/wp-json\/wp\/v2\/media?parent=4719"}],"wp:term":[{"taxonomy":"product_category","embeddable":true,"href":"https:\/\/guerrerotortillas.com\/es\/wp-json\/wp\/v2\/product_category?post=4719"},{"taxonomy":"product_type","embeddable":true,"href":"https:\/\/guerrerotortillas.com\/es\/wp-json\/wp\/v2\/product_type?post=4719"},{"taxonomy":"size","embeddable":true,"href":"https:\/\/guerrerotortillas.com\/es\/wp-json\/wp\/v2\/size?post=4719"},{"taxonomy":"diet_type","embeddable":true,"href":"https:\/\/guerrerotortillas.com\/es\/wp-json\/wp\/v2\/diet_type?post=4719"},{"taxonomy":"count","embeddable":true,"href":"https:\/\/guerrerotortillas.com\/es\/wp-json\/wp\/v2\/count?post=4719"}],"curies":[{"name":"wp","href":"https:\/\/api.w.org\/{rel}","templated":true}]}}