{"id":4365,"date":"2024-08-05T15:48:39","date_gmt":"2024-08-05T20:48:39","guid":{"rendered":"https:\/\/guerrerotortillas.com\/products\/zero-net-carbs-jalapeno\/"},"modified":"2026-02-20T17:43:06","modified_gmt":"2026-02-20T22:43:06","slug":"zero-net-carbs-jalapeno","status":"publish","type":"product","link":"https:\/\/guerrerotortillas.com\/es\/productos\/zero-net-carbs-jalapeno\/","title":{"rendered":"Zero Net Carbs Jalape\u00f1o"},"content":{"rendered":"\n<p>\u00a1Ac\u00e9rcate a tus metas sin sacrificar el sabor! Las tortillas Guerrero Zero Net Carbs Jalape\u00f1o tienen cero carbohidratos netos y cero az\u00facar, pero conservan todo el sabor que te encanta. Son la opci\u00f3n perfecta para quienes buscan disfrutar sin culpas y seguir avanzando hacia sus objetivos. Certificadas keto, estas tortillas hacen que tus tacos, quesadillas y antojos favoritos sean una alternativa m\u00e1s ligera y llena de sabor.<\/p>\n\n\n\n<p><strong>Ingredients:<\/strong> Agua, almid\u00f3n modificado, manteca vegetal (aceites de soya interesterificados e hidrogenados), aislado de gluten de trigo, gluten vital de trigo, celulosa en polvo, sazonador (chile jalape\u00f1o, pimiento verde, sal, ajo en polvo, cebolla en polvo, \u00e1cido c\u00edtrico, maltodextrina de ma\u00edz, sabor natural, triglic\u00e9ridos de cadena media), prote\u00edna de ch\u00edcharo. Contiene 1% o menos de: sal, mono y diglic\u00e9ridos, maltodextrina, aceite de canola, sabores naturales, aceite de girasol org\u00e1nico, pirofosfato \u00e1cido de sodio, bicarbonato de sodio, goma de celulosa, \u00e1cido fum\u00e1rico, enzimas, gluc\u00f3sidos de esteviol, y propionato de calcio y \u00e1cido s\u00f3rbico (para conservar la frescura).<\/p>\n","protected":false},"featured_media":5010,"template":"","product_category":[187,178],"product_type":[],"size":[],"diet_type":[169],"count":[190],"class_list":["post-4365","product","type-product","status-publish","has-post-thumbnail","hentry","product_category-nuevo","product_category-tortillas-bajas-en-carbohidratos","diet_type-bajo-carbohidratos","count-14-count-es"],"acf":[],"yoast_head":"<!-- This site is optimized with the Yoast SEO plugin v25.2 - https:\/\/yoast.com\/wordpress\/plugins\/seo\/ -->\n<title>Zero Net Carbs Jalape\u00f1o - Guerrero Tortillas<\/title>\n<meta name=\"description\" content=\"Las tortillas Guerrero Zero Net Carbs Jalape\u00f1o tienen cero carbohidratos netos y cero az\u00facar, pero conservan todo el sabor que te encanta. Son la opci\u00f3n perfecta para quienes buscan disfrutar sin culpas y seguir avanzando hacia sus objetivos.\" \/>\n<meta name=\"robots\" content=\"index, follow, max-snippet:-1, max-image-preview:large, max-video-preview:-1\" \/>\n<link rel=\"canonical\" href=\"https:\/\/guerrerotortillas.com\/es\/productos\/zero-net-carbs-jalapeno\/\" \/>\n<meta property=\"og:locale\" content=\"es_ES\" \/>\n<meta property=\"og:type\" content=\"article\" \/>\n<meta property=\"og:title\" content=\"Zero Net Carbs Jalape\u00f1o - Guerrero Tortillas\" \/>\n<meta property=\"og:description\" content=\"Las tortillas Guerrero Zero Net Carbs Jalape\u00f1o tienen cero carbohidratos netos y cero az\u00facar, pero conservan todo el sabor que te encanta. Son la opci\u00f3n perfecta para quienes buscan disfrutar sin culpas y seguir avanzando hacia sus objetivos.\" \/>\n<meta property=\"og:url\" content=\"https:\/\/guerrerotortillas.com\/es\/productos\/zero-net-carbs-jalapeno\/\" \/>\n<meta property=\"og:site_name\" content=\"Guerrero Tortillas\" \/>\n<meta property=\"article:modified_time\" content=\"2026-02-20T22:43:06+00:00\" \/>\n<meta property=\"og:image\" content=\"https:\/\/guerrerotortillas.com\/wp-content\/uploads\/2026\/02\/prod-znc-jalapeno-front-1-755x1024.png\" \/>\n\t<meta property=\"og:image:width\" content=\"755\" \/>\n\t<meta property=\"og:image:height\" content=\"1024\" \/>\n\t<meta property=\"og:image:type\" content=\"image\/png\" \/>\n<meta name=\"twitter:card\" content=\"summary_large_image\" \/>\n<script type=\"application\/ld+json\" class=\"yoast-schema-graph\">{\"@context\":\"https:\/\/schema.org\",\"@graph\":[{\"@type\":\"WebPage\",\"@id\":\"https:\/\/guerrerotortillas.com\/es\/productos\/zero-net-carbs-jalapeno\/\",\"url\":\"https:\/\/guerrerotortillas.com\/es\/productos\/zero-net-carbs-jalapeno\/\",\"name\":\"Zero Net Carbs Jalape\u00f1o - Guerrero Tortillas\",\"isPartOf\":{\"@id\":\"https:\/\/guerrerotortillas.com\/es\/#website\"},\"primaryImageOfPage\":{\"@id\":\"https:\/\/guerrerotortillas.com\/es\/productos\/zero-net-carbs-jalapeno\/#primaryimage\"},\"image\":{\"@id\":\"https:\/\/guerrerotortillas.com\/es\/productos\/zero-net-carbs-jalapeno\/#primaryimage\"},\"thumbnailUrl\":\"https:\/\/guerrerotortillas.com\/wp-content\/uploads\/2026\/02\/prod-znc-jalapeno-front-1.png\",\"datePublished\":\"2024-08-05T20:48:39+00:00\",\"dateModified\":\"2026-02-20T22:43:06+00:00\",\"description\":\"Las tortillas Guerrero Zero Net Carbs Jalape\u00f1o tienen cero carbohidratos netos y cero az\u00facar, pero conservan todo el sabor que te encanta. Son la opci\u00f3n perfecta para quienes buscan disfrutar sin culpas y seguir avanzando hacia sus objetivos.\",\"breadcrumb\":{\"@id\":\"https:\/\/guerrerotortillas.com\/es\/productos\/zero-net-carbs-jalapeno\/#breadcrumb\"},\"inLanguage\":\"es\",\"potentialAction\":[{\"@type\":\"ReadAction\",\"target\":[\"https:\/\/guerrerotortillas.com\/es\/productos\/zero-net-carbs-jalapeno\/\"]}]},{\"@type\":\"ImageObject\",\"inLanguage\":\"es\",\"@id\":\"https:\/\/guerrerotortillas.com\/es\/productos\/zero-net-carbs-jalapeno\/#primaryimage\",\"url\":\"https:\/\/guerrerotortillas.com\/wp-content\/uploads\/2026\/02\/prod-znc-jalapeno-front-1.png\",\"contentUrl\":\"https:\/\/guerrerotortillas.com\/wp-content\/uploads\/2026\/02\/prod-znc-jalapeno-front-1.png\",\"width\":1600,\"height\":2171},{\"@type\":\"BreadcrumbList\",\"@id\":\"https:\/\/guerrerotortillas.com\/es\/productos\/zero-net-carbs-jalapeno\/#breadcrumb\",\"itemListElement\":[{\"@type\":\"ListItem\",\"position\":1,\"name\":\"Inicio\",\"item\":\"https:\/\/guerrerotortillas.com\/es\/\"},{\"@type\":\"ListItem\",\"position\":2,\"name\":\"Tortillas Bajas en Carbohidratos\",\"item\":\"https:\/\/guerrerotortillas.com\/es\/product-category\/tortillas-bajas-en-carbohidratos\/\"},{\"@type\":\"ListItem\",\"position\":3,\"name\":\"Zero Net Carbs Jalape\u00f1o\"}]},{\"@type\":\"WebSite\",\"@id\":\"https:\/\/guerrerotortillas.com\/es\/#website\",\"url\":\"https:\/\/guerrerotortillas.com\/es\/\",\"name\":\"Guerrero Tortillas\",\"description\":\"\",\"potentialAction\":[{\"@type\":\"SearchAction\",\"target\":{\"@type\":\"EntryPoint\",\"urlTemplate\":\"https:\/\/guerrerotortillas.com\/es\/?s={search_term_string}\"},\"query-input\":{\"@type\":\"PropertyValueSpecification\",\"valueRequired\":true,\"valueName\":\"search_term_string\"}}],\"inLanguage\":\"es\"}]}<\/script>\n<!-- \/ Yoast SEO plugin. -->","yoast_head_json":{"title":"Zero Net Carbs Jalape\u00f1o - Guerrero Tortillas","description":"Las tortillas Guerrero Zero Net Carbs Jalape\u00f1o tienen cero carbohidratos netos y cero az\u00facar, pero conservan todo el sabor que te encanta. Son la opci\u00f3n perfecta para quienes buscan disfrutar sin culpas y seguir avanzando hacia sus objetivos.","robots":{"index":"index","follow":"follow","max-snippet":"max-snippet:-1","max-image-preview":"max-image-preview:large","max-video-preview":"max-video-preview:-1"},"canonical":"https:\/\/guerrerotortillas.com\/es\/productos\/zero-net-carbs-jalapeno\/","og_locale":"es_ES","og_type":"article","og_title":"Zero Net Carbs Jalape\u00f1o - Guerrero Tortillas","og_description":"Las tortillas Guerrero Zero Net Carbs Jalape\u00f1o tienen cero carbohidratos netos y cero az\u00facar, pero conservan todo el sabor que te encanta. Son la opci\u00f3n perfecta para quienes buscan disfrutar sin culpas y seguir avanzando hacia sus objetivos.","og_url":"https:\/\/guerrerotortillas.com\/es\/productos\/zero-net-carbs-jalapeno\/","og_site_name":"Guerrero Tortillas","article_modified_time":"2026-02-20T22:43:06+00:00","og_image":[{"width":755,"height":1024,"url":"https:\/\/guerrerotortillas.com\/wp-content\/uploads\/2026\/02\/prod-znc-jalapeno-front-1-755x1024.png","type":"image\/png"}],"twitter_card":"summary_large_image","schema":{"@context":"https:\/\/schema.org","@graph":[{"@type":"WebPage","@id":"https:\/\/guerrerotortillas.com\/es\/productos\/zero-net-carbs-jalapeno\/","url":"https:\/\/guerrerotortillas.com\/es\/productos\/zero-net-carbs-jalapeno\/","name":"Zero Net Carbs Jalape\u00f1o - Guerrero Tortillas","isPartOf":{"@id":"https:\/\/guerrerotortillas.com\/es\/#website"},"primaryImageOfPage":{"@id":"https:\/\/guerrerotortillas.com\/es\/productos\/zero-net-carbs-jalapeno\/#primaryimage"},"image":{"@id":"https:\/\/guerrerotortillas.com\/es\/productos\/zero-net-carbs-jalapeno\/#primaryimage"},"thumbnailUrl":"https:\/\/guerrerotortillas.com\/wp-content\/uploads\/2026\/02\/prod-znc-jalapeno-front-1.png","datePublished":"2024-08-05T20:48:39+00:00","dateModified":"2026-02-20T22:43:06+00:00","description":"Las tortillas Guerrero Zero Net Carbs Jalape\u00f1o tienen cero carbohidratos netos y cero az\u00facar, pero conservan todo el sabor que te encanta. Son la opci\u00f3n perfecta para quienes buscan disfrutar sin culpas y seguir avanzando hacia sus objetivos.","breadcrumb":{"@id":"https:\/\/guerrerotortillas.com\/es\/productos\/zero-net-carbs-jalapeno\/#breadcrumb"},"inLanguage":"es","potentialAction":[{"@type":"ReadAction","target":["https:\/\/guerrerotortillas.com\/es\/productos\/zero-net-carbs-jalapeno\/"]}]},{"@type":"ImageObject","inLanguage":"es","@id":"https:\/\/guerrerotortillas.com\/es\/productos\/zero-net-carbs-jalapeno\/#primaryimage","url":"https:\/\/guerrerotortillas.com\/wp-content\/uploads\/2026\/02\/prod-znc-jalapeno-front-1.png","contentUrl":"https:\/\/guerrerotortillas.com\/wp-content\/uploads\/2026\/02\/prod-znc-jalapeno-front-1.png","width":1600,"height":2171},{"@type":"BreadcrumbList","@id":"https:\/\/guerrerotortillas.com\/es\/productos\/zero-net-carbs-jalapeno\/#breadcrumb","itemListElement":[{"@type":"ListItem","position":1,"name":"Inicio","item":"https:\/\/guerrerotortillas.com\/es\/"},{"@type":"ListItem","position":2,"name":"Tortillas Bajas en Carbohidratos","item":"https:\/\/guerrerotortillas.com\/es\/product-category\/tortillas-bajas-en-carbohidratos\/"},{"@type":"ListItem","position":3,"name":"Zero Net Carbs Jalape\u00f1o"}]},{"@type":"WebSite","@id":"https:\/\/guerrerotortillas.com\/es\/#website","url":"https:\/\/guerrerotortillas.com\/es\/","name":"Guerrero Tortillas","description":"","potentialAction":[{"@type":"SearchAction","target":{"@type":"EntryPoint","urlTemplate":"https:\/\/guerrerotortillas.com\/es\/?s={search_term_string}"},"query-input":{"@type":"PropertyValueSpecification","valueRequired":true,"valueName":"search_term_string"}}],"inLanguage":"es"}]}},"_links":{"self":[{"href":"https:\/\/guerrerotortillas.com\/es\/wp-json\/wp\/v2\/product\/4365","targetHints":{"allow":["GET"]}}],"collection":[{"href":"https:\/\/guerrerotortillas.com\/es\/wp-json\/wp\/v2\/product"}],"about":[{"href":"https:\/\/guerrerotortillas.com\/es\/wp-json\/wp\/v2\/types\/product"}],"wp:featuredmedia":[{"embeddable":true,"href":"https:\/\/guerrerotortillas.com\/es\/wp-json\/wp\/v2\/media\/5010"}],"wp:attachment":[{"href":"https:\/\/guerrerotortillas.com\/es\/wp-json\/wp\/v2\/media?parent=4365"}],"wp:term":[{"taxonomy":"product_category","embeddable":true,"href":"https:\/\/guerrerotortillas.com\/es\/wp-json\/wp\/v2\/product_category?post=4365"},{"taxonomy":"product_type","embeddable":true,"href":"https:\/\/guerrerotortillas.com\/es\/wp-json\/wp\/v2\/product_type?post=4365"},{"taxonomy":"size","embeddable":true,"href":"https:\/\/guerrerotortillas.com\/es\/wp-json\/wp\/v2\/size?post=4365"},{"taxonomy":"diet_type","embeddable":true,"href":"https:\/\/guerrerotortillas.com\/es\/wp-json\/wp\/v2\/diet_type?post=4365"},{"taxonomy":"count","embeddable":true,"href":"https:\/\/guerrerotortillas.com\/es\/wp-json\/wp\/v2\/count?post=4365"}],"curies":[{"name":"wp","href":"https:\/\/api.w.org\/{rel}","templated":true}]}}