{"id":1733,"date":"2021-06-09T05:59:00","date_gmt":"2021-06-09T10:59:00","guid":{"rendered":"https:\/\/webprojects.rocks\/clientes\/alma\/guerrerofood\/wordpress\/products\/25-calories-white-corn-tortillas\/"},"modified":"2026-02-05T17:01:32","modified_gmt":"2026-02-05T22:01:32","slug":"tortillas-de-25-calorias-de-maiz-blanco","status":"publish","type":"product","link":"https:\/\/guerrerotortillas.com\/es\/productos\/tortillas-de-25-calorias-de-maiz-blanco\/","title":{"rendered":"Tortillas de 25 Calor\u00edas de Ma\u00edz Blanco"},"content":{"rendered":"\n<p>\u00a1EL DELICIOSO SABOR DE LAS TORTILLAS GUERRERO, AHORA CON MENOS CALOR\u00cdAS! <\/p>\n\n\n\n<p>Guerrero ahora te ofrece tortillas de 25 calor\u00edas, porque sabemos que t\u00fa y tu familia quieren el mismo sabor, y mejorar su bienestar. Por eso, estas tortillas son una buena fuente de fibra, bajas en grasa y no contienen gluten. Lo mejor que es que tienen ese aut\u00e9ntico sabor Guerrero que pondr\u00e1 Un pedacito de M\u00e9xico en tu mesa.<\/p>\n\n\n\n<p><strong>Ingredientes:<\/strong> Harina de ma\u00edz nixtamalizado, agua, contiene 2% o menos de: goma de celulosa, goma guar, y \u00e1cido propi\u00f3nico, \u00e1cido benzoico y \u00e1cido fosf\u00f3rico (para mantener la frescura).<\/p>\n","protected":false},"featured_media":4071,"template":"","product_category":[117],"product_type":[79],"size":[136],"diet_type":[147,151,171],"count":[131],"class_list":["post-1733","product","type-product","status-publish","has-post-thumbnail","hentry","product_category-tortillas-de-maiz","product_type-tortillas-es","size-5-inches","diet_type-gulten-free","diet_type-todos-tipos-dieta","diet_type-bajo-calorias","count-50-count-es"],"acf":[],"yoast_head":"<!-- This site is optimized with the Yoast SEO plugin v25.2 - https:\/\/yoast.com\/wordpress\/plugins\/seo\/ -->\n<title>Tortillas de 25 Calor\u00edas de Ma\u00edz Blanco - Guerrero Tortillas<\/title>\n<meta name=\"description\" content=\"\u00a1Disfruta del sabor de las tortillas Guerrero con menos calor\u00edas! Nuestras tortillas de ma\u00edz blanco bajas en 25 calor\u00edas son perfectas recetas saludables.\" \/>\n<meta name=\"robots\" content=\"index, follow, max-snippet:-1, max-image-preview:large, max-video-preview:-1\" \/>\n<link rel=\"canonical\" href=\"https:\/\/guerrerotortillas.com\/es\/productos\/tortillas-de-25-calorias-de-maiz-blanco\/\" \/>\n<meta property=\"og:locale\" content=\"es_ES\" \/>\n<meta property=\"og:type\" content=\"article\" \/>\n<meta property=\"og:title\" content=\"Tortillas de 25 Calor\u00edas de Ma\u00edz Blanco - Guerrero Tortillas\" \/>\n<meta property=\"og:description\" content=\"\u00a1Disfruta del sabor de las tortillas Guerrero con menos calor\u00edas! Nuestras tortillas de ma\u00edz blanco bajas en 25 calor\u00edas son perfectas recetas saludables.\" \/>\n<meta property=\"og:url\" content=\"https:\/\/guerrerotortillas.com\/es\/productos\/tortillas-de-25-calorias-de-maiz-blanco\/\" \/>\n<meta property=\"og:site_name\" content=\"Guerrero Tortillas\" \/>\n<meta property=\"article:modified_time\" content=\"2026-02-05T22:01:32+00:00\" \/>\n<meta property=\"og:image\" content=\"https:\/\/guerrerotortillas.com\/wp-content\/uploads\/2021\/06\/low-cal-white-corn-front.png\" \/>\n\t<meta property=\"og:image:width\" content=\"1092\" \/>\n\t<meta property=\"og:image:height\" content=\"1697\" \/>\n\t<meta property=\"og:image:type\" content=\"image\/png\" \/>\n<meta name=\"twitter:card\" content=\"summary_large_image\" \/>\n<script type=\"application\/ld+json\" class=\"yoast-schema-graph\">{\"@context\":\"https:\/\/schema.org\",\"@graph\":[{\"@type\":\"WebPage\",\"@id\":\"https:\/\/guerrerotortillas.com\/es\/productos\/tortillas-de-25-calorias-de-maiz-blanco\/\",\"url\":\"https:\/\/guerrerotortillas.com\/es\/productos\/tortillas-de-25-calorias-de-maiz-blanco\/\",\"name\":\"Tortillas de 25 Calor\u00edas de Ma\u00edz Blanco - Guerrero Tortillas\",\"isPartOf\":{\"@id\":\"https:\/\/guerrerotortillas.com\/es\/#website\"},\"primaryImageOfPage\":{\"@id\":\"https:\/\/guerrerotortillas.com\/es\/productos\/tortillas-de-25-calorias-de-maiz-blanco\/#primaryimage\"},\"image\":{\"@id\":\"https:\/\/guerrerotortillas.com\/es\/productos\/tortillas-de-25-calorias-de-maiz-blanco\/#primaryimage\"},\"thumbnailUrl\":\"https:\/\/guerrerotortillas.com\/wp-content\/uploads\/2021\/06\/low-cal-white-corn-front.png\",\"datePublished\":\"2021-06-09T10:59:00+00:00\",\"dateModified\":\"2026-02-05T22:01:32+00:00\",\"description\":\"\u00a1Disfruta del sabor de las tortillas Guerrero con menos calor\u00edas! Nuestras tortillas de ma\u00edz blanco bajas en 25 calor\u00edas son perfectas recetas saludables.\",\"breadcrumb\":{\"@id\":\"https:\/\/guerrerotortillas.com\/es\/productos\/tortillas-de-25-calorias-de-maiz-blanco\/#breadcrumb\"},\"inLanguage\":\"es\",\"potentialAction\":[{\"@type\":\"ReadAction\",\"target\":[\"https:\/\/guerrerotortillas.com\/es\/productos\/tortillas-de-25-calorias-de-maiz-blanco\/\"]}]},{\"@type\":\"ImageObject\",\"inLanguage\":\"es\",\"@id\":\"https:\/\/guerrerotortillas.com\/es\/productos\/tortillas-de-25-calorias-de-maiz-blanco\/#primaryimage\",\"url\":\"https:\/\/guerrerotortillas.com\/wp-content\/uploads\/2021\/06\/low-cal-white-corn-front.png\",\"contentUrl\":\"https:\/\/guerrerotortillas.com\/wp-content\/uploads\/2021\/06\/low-cal-white-corn-front.png\",\"width\":1092,\"height\":1697},{\"@type\":\"BreadcrumbList\",\"@id\":\"https:\/\/guerrerotortillas.com\/es\/productos\/tortillas-de-25-calorias-de-maiz-blanco\/#breadcrumb\",\"itemListElement\":[{\"@type\":\"ListItem\",\"position\":1,\"name\":\"Inicio\",\"item\":\"https:\/\/guerrerotortillas.com\/es\/\"},{\"@type\":\"ListItem\",\"position\":2,\"name\":\"Tortillas de Ma\u00edz\",\"item\":\"https:\/\/guerrerotortillas.com\/es\/product-category\/tortillas-de-maiz\/\"},{\"@type\":\"ListItem\",\"position\":3,\"name\":\"Tortillas de 25 Calor\u00edas de Ma\u00edz Blanco\"}]},{\"@type\":\"WebSite\",\"@id\":\"https:\/\/guerrerotortillas.com\/es\/#website\",\"url\":\"https:\/\/guerrerotortillas.com\/es\/\",\"name\":\"Guerrero Tortillas\",\"description\":\"\",\"potentialAction\":[{\"@type\":\"SearchAction\",\"target\":{\"@type\":\"EntryPoint\",\"urlTemplate\":\"https:\/\/guerrerotortillas.com\/es\/?s={search_term_string}\"},\"query-input\":{\"@type\":\"PropertyValueSpecification\",\"valueRequired\":true,\"valueName\":\"search_term_string\"}}],\"inLanguage\":\"es\"}]}<\/script>\n<!-- \/ Yoast SEO plugin. -->","yoast_head_json":{"title":"Tortillas de 25 Calor\u00edas de Ma\u00edz Blanco - Guerrero Tortillas","description":"\u00a1Disfruta del sabor de las tortillas Guerrero con menos calor\u00edas! Nuestras tortillas de ma\u00edz blanco bajas en 25 calor\u00edas son perfectas recetas saludables.","robots":{"index":"index","follow":"follow","max-snippet":"max-snippet:-1","max-image-preview":"max-image-preview:large","max-video-preview":"max-video-preview:-1"},"canonical":"https:\/\/guerrerotortillas.com\/es\/productos\/tortillas-de-25-calorias-de-maiz-blanco\/","og_locale":"es_ES","og_type":"article","og_title":"Tortillas de 25 Calor\u00edas de Ma\u00edz Blanco - Guerrero Tortillas","og_description":"\u00a1Disfruta del sabor de las tortillas Guerrero con menos calor\u00edas! Nuestras tortillas de ma\u00edz blanco bajas en 25 calor\u00edas son perfectas recetas saludables.","og_url":"https:\/\/guerrerotortillas.com\/es\/productos\/tortillas-de-25-calorias-de-maiz-blanco\/","og_site_name":"Guerrero Tortillas","article_modified_time":"2026-02-05T22:01:32+00:00","og_image":[{"width":1092,"height":1697,"url":"https:\/\/guerrerotortillas.com\/wp-content\/uploads\/2021\/06\/low-cal-white-corn-front.png","type":"image\/png"}],"twitter_card":"summary_large_image","schema":{"@context":"https:\/\/schema.org","@graph":[{"@type":"WebPage","@id":"https:\/\/guerrerotortillas.com\/es\/productos\/tortillas-de-25-calorias-de-maiz-blanco\/","url":"https:\/\/guerrerotortillas.com\/es\/productos\/tortillas-de-25-calorias-de-maiz-blanco\/","name":"Tortillas de 25 Calor\u00edas de Ma\u00edz Blanco - Guerrero Tortillas","isPartOf":{"@id":"https:\/\/guerrerotortillas.com\/es\/#website"},"primaryImageOfPage":{"@id":"https:\/\/guerrerotortillas.com\/es\/productos\/tortillas-de-25-calorias-de-maiz-blanco\/#primaryimage"},"image":{"@id":"https:\/\/guerrerotortillas.com\/es\/productos\/tortillas-de-25-calorias-de-maiz-blanco\/#primaryimage"},"thumbnailUrl":"https:\/\/guerrerotortillas.com\/wp-content\/uploads\/2021\/06\/low-cal-white-corn-front.png","datePublished":"2021-06-09T10:59:00+00:00","dateModified":"2026-02-05T22:01:32+00:00","description":"\u00a1Disfruta del sabor de las tortillas Guerrero con menos calor\u00edas! Nuestras tortillas de ma\u00edz blanco bajas en 25 calor\u00edas son perfectas recetas saludables.","breadcrumb":{"@id":"https:\/\/guerrerotortillas.com\/es\/productos\/tortillas-de-25-calorias-de-maiz-blanco\/#breadcrumb"},"inLanguage":"es","potentialAction":[{"@type":"ReadAction","target":["https:\/\/guerrerotortillas.com\/es\/productos\/tortillas-de-25-calorias-de-maiz-blanco\/"]}]},{"@type":"ImageObject","inLanguage":"es","@id":"https:\/\/guerrerotortillas.com\/es\/productos\/tortillas-de-25-calorias-de-maiz-blanco\/#primaryimage","url":"https:\/\/guerrerotortillas.com\/wp-content\/uploads\/2021\/06\/low-cal-white-corn-front.png","contentUrl":"https:\/\/guerrerotortillas.com\/wp-content\/uploads\/2021\/06\/low-cal-white-corn-front.png","width":1092,"height":1697},{"@type":"BreadcrumbList","@id":"https:\/\/guerrerotortillas.com\/es\/productos\/tortillas-de-25-calorias-de-maiz-blanco\/#breadcrumb","itemListElement":[{"@type":"ListItem","position":1,"name":"Inicio","item":"https:\/\/guerrerotortillas.com\/es\/"},{"@type":"ListItem","position":2,"name":"Tortillas de Ma\u00edz","item":"https:\/\/guerrerotortillas.com\/es\/product-category\/tortillas-de-maiz\/"},{"@type":"ListItem","position":3,"name":"Tortillas de 25 Calor\u00edas de Ma\u00edz Blanco"}]},{"@type":"WebSite","@id":"https:\/\/guerrerotortillas.com\/es\/#website","url":"https:\/\/guerrerotortillas.com\/es\/","name":"Guerrero Tortillas","description":"","potentialAction":[{"@type":"SearchAction","target":{"@type":"EntryPoint","urlTemplate":"https:\/\/guerrerotortillas.com\/es\/?s={search_term_string}"},"query-input":{"@type":"PropertyValueSpecification","valueRequired":true,"valueName":"search_term_string"}}],"inLanguage":"es"}]}},"_links":{"self":[{"href":"https:\/\/guerrerotortillas.com\/es\/wp-json\/wp\/v2\/product\/1733","targetHints":{"allow":["GET"]}}],"collection":[{"href":"https:\/\/guerrerotortillas.com\/es\/wp-json\/wp\/v2\/product"}],"about":[{"href":"https:\/\/guerrerotortillas.com\/es\/wp-json\/wp\/v2\/types\/product"}],"wp:featuredmedia":[{"embeddable":true,"href":"https:\/\/guerrerotortillas.com\/es\/wp-json\/wp\/v2\/media\/4071"}],"wp:attachment":[{"href":"https:\/\/guerrerotortillas.com\/es\/wp-json\/wp\/v2\/media?parent=1733"}],"wp:term":[{"taxonomy":"product_category","embeddable":true,"href":"https:\/\/guerrerotortillas.com\/es\/wp-json\/wp\/v2\/product_category?post=1733"},{"taxonomy":"product_type","embeddable":true,"href":"https:\/\/guerrerotortillas.com\/es\/wp-json\/wp\/v2\/product_type?post=1733"},{"taxonomy":"size","embeddable":true,"href":"https:\/\/guerrerotortillas.com\/es\/wp-json\/wp\/v2\/size?post=1733"},{"taxonomy":"diet_type","embeddable":true,"href":"https:\/\/guerrerotortillas.com\/es\/wp-json\/wp\/v2\/diet_type?post=1733"},{"taxonomy":"count","embeddable":true,"href":"https:\/\/guerrerotortillas.com\/es\/wp-json\/wp\/v2\/count?post=1733"}],"curies":[{"name":"wp","href":"https:\/\/api.w.org\/{rel}","templated":true}]}}