{"id":1731,"date":"2021-06-02T17:33:00","date_gmt":"2021-06-02T22:33:00","guid":{"rendered":"https:\/\/webprojects.rocks\/clientes\/alma\/guerrerofood\/wordpress\/products\/caseras-white-corn-tortillas\/"},"modified":"2025-04-25T16:52:21","modified_gmt":"2025-04-25T21:52:21","slug":"tortillas-caseras-de-maiz-blanco","status":"publish","type":"product","link":"https:\/\/guerrerotortillas.com\/es\/productos\/tortillas-caseras-de-maiz-blanco\/","title":{"rendered":"Tortillas Caseras de Ma\u00edz Blanco"},"content":{"rendered":"\n<p>Empleamos ingredientes de alta calidad y m\u00e9todos comprobados para garantizar que cada paquete de Tortillas Caseras de Ma\u00edz Blanco Guerrero sea un complemento delicioso para tu mesa familiar. La textura gruesa y esponjosa de nuestras tortillas y su sabor casero combinan a la perfecci\u00f3n con cualquier receta mexicana aut\u00e9ntica que prepares. Adem\u00e1s, las Tortillas Caseras de Ma\u00edz Blanco Guerrero no contienen gluten, manteca, grasas trans ni colesterol. Recomendamos que las prepares con carne guisada hecha en casa, aguacate y queso Cotija. Contiene un paquete de 48 Tortillas Caseras de Ma\u00edz Blanco Guerrero.<\/p>\n\n\n\n<p><strong>Ingredientes:<\/strong> Harina de ma\u00edz nixtamalizado, agua, contiene 2% o menos de: goma de celulosa, goma guar, y \u00e1cido propi\u00f3nico, \u00e1cido benzoico y \u00e1cido fosf\u00f3rico (para mantener la frescura).<\/p>\n","protected":false},"featured_media":4697,"template":"","product_category":[117],"product_type":[79],"size":[135],"diet_type":[147,151],"count":[130],"class_list":["post-1731","product","type-product","status-publish","has-post-thumbnail","hentry","product_category-tortillas-de-maiz","product_type-tortillas-es","size-5-5-inches","diet_type-gulten-free","diet_type-todos-tipos-dieta","count-48-count-es"],"acf":[],"yoast_head":"<!-- This site is optimized with the Yoast SEO plugin v25.2 - https:\/\/yoast.com\/wordpress\/plugins\/seo\/ -->\n<title>Tortillas Caseras de Ma\u00edz Blanco - Guerrero Tortillas<\/title>\n<meta name=\"description\" content=\"Ingredientes de alta calidad y t\u00e9cnicas comprobadas hacen de las Tortillas de Ma\u00edz Blanco Guerrero Caseras una deliciosa adici\u00f3n a la mesa de su familia.\" \/>\n<meta name=\"robots\" content=\"index, follow, max-snippet:-1, max-image-preview:large, max-video-preview:-1\" \/>\n<link rel=\"canonical\" href=\"https:\/\/guerrerotortillas.com\/es\/productos\/tortillas-caseras-de-maiz-blanco\/\" \/>\n<meta property=\"og:locale\" content=\"es_ES\" \/>\n<meta property=\"og:type\" content=\"article\" \/>\n<meta property=\"og:title\" content=\"Tortillas Caseras de Ma\u00edz Blanco - Guerrero Tortillas\" \/>\n<meta property=\"og:description\" content=\"Ingredientes de alta calidad y t\u00e9cnicas comprobadas hacen de las Tortillas de Ma\u00edz Blanco Guerrero Caseras una deliciosa adici\u00f3n a la mesa de su familia.\" \/>\n<meta property=\"og:url\" content=\"https:\/\/guerrerotortillas.com\/es\/productos\/tortillas-caseras-de-maiz-blanco\/\" \/>\n<meta property=\"og:site_name\" content=\"Guerrero Tortillas\" \/>\n<meta property=\"article:modified_time\" content=\"2025-04-25T21:52:21+00:00\" \/>\n<meta property=\"og:image\" content=\"https:\/\/guerrerotortillas.com\/wp-content\/uploads\/2021\/06\/caseras-white-corn-front-new.png\" \/>\n\t<meta property=\"og:image:width\" content=\"800\" \/>\n\t<meta property=\"og:image:height\" content=\"964\" \/>\n\t<meta property=\"og:image:type\" content=\"image\/png\" \/>\n<meta name=\"twitter:card\" content=\"summary_large_image\" \/>\n<script type=\"application\/ld+json\" class=\"yoast-schema-graph\">{\"@context\":\"https:\/\/schema.org\",\"@graph\":[{\"@type\":\"WebPage\",\"@id\":\"https:\/\/guerrerotortillas.com\/es\/productos\/tortillas-caseras-de-maiz-blanco\/\",\"url\":\"https:\/\/guerrerotortillas.com\/es\/productos\/tortillas-caseras-de-maiz-blanco\/\",\"name\":\"Tortillas Caseras de Ma\u00edz Blanco - Guerrero Tortillas\",\"isPartOf\":{\"@id\":\"https:\/\/guerrerotortillas.com\/es\/#website\"},\"primaryImageOfPage\":{\"@id\":\"https:\/\/guerrerotortillas.com\/es\/productos\/tortillas-caseras-de-maiz-blanco\/#primaryimage\"},\"image\":{\"@id\":\"https:\/\/guerrerotortillas.com\/es\/productos\/tortillas-caseras-de-maiz-blanco\/#primaryimage\"},\"thumbnailUrl\":\"https:\/\/guerrerotortillas.com\/wp-content\/uploads\/2021\/06\/caseras-white-corn-front-new.png\",\"datePublished\":\"2021-06-02T22:33:00+00:00\",\"dateModified\":\"2025-04-25T21:52:21+00:00\",\"description\":\"Ingredientes de alta calidad y t\u00e9cnicas comprobadas hacen de las Tortillas de Ma\u00edz Blanco Guerrero Caseras una deliciosa adici\u00f3n a la mesa de su familia.\",\"breadcrumb\":{\"@id\":\"https:\/\/guerrerotortillas.com\/es\/productos\/tortillas-caseras-de-maiz-blanco\/#breadcrumb\"},\"inLanguage\":\"es\",\"potentialAction\":[{\"@type\":\"ReadAction\",\"target\":[\"https:\/\/guerrerotortillas.com\/es\/productos\/tortillas-caseras-de-maiz-blanco\/\"]}]},{\"@type\":\"ImageObject\",\"inLanguage\":\"es\",\"@id\":\"https:\/\/guerrerotortillas.com\/es\/productos\/tortillas-caseras-de-maiz-blanco\/#primaryimage\",\"url\":\"https:\/\/guerrerotortillas.com\/wp-content\/uploads\/2021\/06\/caseras-white-corn-front-new.png\",\"contentUrl\":\"https:\/\/guerrerotortillas.com\/wp-content\/uploads\/2021\/06\/caseras-white-corn-front-new.png\",\"width\":800,\"height\":964},{\"@type\":\"BreadcrumbList\",\"@id\":\"https:\/\/guerrerotortillas.com\/es\/productos\/tortillas-caseras-de-maiz-blanco\/#breadcrumb\",\"itemListElement\":[{\"@type\":\"ListItem\",\"position\":1,\"name\":\"Inicio\",\"item\":\"https:\/\/guerrerotortillas.com\/es\/\"},{\"@type\":\"ListItem\",\"position\":2,\"name\":\"Tortillas de Ma\u00edz\",\"item\":\"https:\/\/guerrerotortillas.com\/es\/product-category\/tortillas-de-maiz\/\"},{\"@type\":\"ListItem\",\"position\":3,\"name\":\"Tortillas Caseras de Ma\u00edz Blanco\"}]},{\"@type\":\"WebSite\",\"@id\":\"https:\/\/guerrerotortillas.com\/es\/#website\",\"url\":\"https:\/\/guerrerotortillas.com\/es\/\",\"name\":\"Guerrero Tortillas\",\"description\":\"\",\"potentialAction\":[{\"@type\":\"SearchAction\",\"target\":{\"@type\":\"EntryPoint\",\"urlTemplate\":\"https:\/\/guerrerotortillas.com\/es\/?s={search_term_string}\"},\"query-input\":{\"@type\":\"PropertyValueSpecification\",\"valueRequired\":true,\"valueName\":\"search_term_string\"}}],\"inLanguage\":\"es\"}]}<\/script>\n<!-- \/ Yoast SEO plugin. -->","yoast_head_json":{"title":"Tortillas Caseras de Ma\u00edz Blanco - Guerrero Tortillas","description":"Ingredientes de alta calidad y t\u00e9cnicas comprobadas hacen de las Tortillas de Ma\u00edz Blanco Guerrero Caseras una deliciosa adici\u00f3n a la mesa de su familia.","robots":{"index":"index","follow":"follow","max-snippet":"max-snippet:-1","max-image-preview":"max-image-preview:large","max-video-preview":"max-video-preview:-1"},"canonical":"https:\/\/guerrerotortillas.com\/es\/productos\/tortillas-caseras-de-maiz-blanco\/","og_locale":"es_ES","og_type":"article","og_title":"Tortillas Caseras de Ma\u00edz Blanco - Guerrero Tortillas","og_description":"Ingredientes de alta calidad y t\u00e9cnicas comprobadas hacen de las Tortillas de Ma\u00edz Blanco Guerrero Caseras una deliciosa adici\u00f3n a la mesa de su familia.","og_url":"https:\/\/guerrerotortillas.com\/es\/productos\/tortillas-caseras-de-maiz-blanco\/","og_site_name":"Guerrero Tortillas","article_modified_time":"2025-04-25T21:52:21+00:00","og_image":[{"width":800,"height":964,"url":"https:\/\/guerrerotortillas.com\/wp-content\/uploads\/2021\/06\/caseras-white-corn-front-new.png","type":"image\/png"}],"twitter_card":"summary_large_image","schema":{"@context":"https:\/\/schema.org","@graph":[{"@type":"WebPage","@id":"https:\/\/guerrerotortillas.com\/es\/productos\/tortillas-caseras-de-maiz-blanco\/","url":"https:\/\/guerrerotortillas.com\/es\/productos\/tortillas-caseras-de-maiz-blanco\/","name":"Tortillas Caseras de Ma\u00edz Blanco - Guerrero Tortillas","isPartOf":{"@id":"https:\/\/guerrerotortillas.com\/es\/#website"},"primaryImageOfPage":{"@id":"https:\/\/guerrerotortillas.com\/es\/productos\/tortillas-caseras-de-maiz-blanco\/#primaryimage"},"image":{"@id":"https:\/\/guerrerotortillas.com\/es\/productos\/tortillas-caseras-de-maiz-blanco\/#primaryimage"},"thumbnailUrl":"https:\/\/guerrerotortillas.com\/wp-content\/uploads\/2021\/06\/caseras-white-corn-front-new.png","datePublished":"2021-06-02T22:33:00+00:00","dateModified":"2025-04-25T21:52:21+00:00","description":"Ingredientes de alta calidad y t\u00e9cnicas comprobadas hacen de las Tortillas de Ma\u00edz Blanco Guerrero Caseras una deliciosa adici\u00f3n a la mesa de su familia.","breadcrumb":{"@id":"https:\/\/guerrerotortillas.com\/es\/productos\/tortillas-caseras-de-maiz-blanco\/#breadcrumb"},"inLanguage":"es","potentialAction":[{"@type":"ReadAction","target":["https:\/\/guerrerotortillas.com\/es\/productos\/tortillas-caseras-de-maiz-blanco\/"]}]},{"@type":"ImageObject","inLanguage":"es","@id":"https:\/\/guerrerotortillas.com\/es\/productos\/tortillas-caseras-de-maiz-blanco\/#primaryimage","url":"https:\/\/guerrerotortillas.com\/wp-content\/uploads\/2021\/06\/caseras-white-corn-front-new.png","contentUrl":"https:\/\/guerrerotortillas.com\/wp-content\/uploads\/2021\/06\/caseras-white-corn-front-new.png","width":800,"height":964},{"@type":"BreadcrumbList","@id":"https:\/\/guerrerotortillas.com\/es\/productos\/tortillas-caseras-de-maiz-blanco\/#breadcrumb","itemListElement":[{"@type":"ListItem","position":1,"name":"Inicio","item":"https:\/\/guerrerotortillas.com\/es\/"},{"@type":"ListItem","position":2,"name":"Tortillas de Ma\u00edz","item":"https:\/\/guerrerotortillas.com\/es\/product-category\/tortillas-de-maiz\/"},{"@type":"ListItem","position":3,"name":"Tortillas Caseras de Ma\u00edz Blanco"}]},{"@type":"WebSite","@id":"https:\/\/guerrerotortillas.com\/es\/#website","url":"https:\/\/guerrerotortillas.com\/es\/","name":"Guerrero Tortillas","description":"","potentialAction":[{"@type":"SearchAction","target":{"@type":"EntryPoint","urlTemplate":"https:\/\/guerrerotortillas.com\/es\/?s={search_term_string}"},"query-input":{"@type":"PropertyValueSpecification","valueRequired":true,"valueName":"search_term_string"}}],"inLanguage":"es"}]}},"_links":{"self":[{"href":"https:\/\/guerrerotortillas.com\/es\/wp-json\/wp\/v2\/product\/1731","targetHints":{"allow":["GET"]}}],"collection":[{"href":"https:\/\/guerrerotortillas.com\/es\/wp-json\/wp\/v2\/product"}],"about":[{"href":"https:\/\/guerrerotortillas.com\/es\/wp-json\/wp\/v2\/types\/product"}],"wp:featuredmedia":[{"embeddable":true,"href":"https:\/\/guerrerotortillas.com\/es\/wp-json\/wp\/v2\/media\/4697"}],"wp:attachment":[{"href":"https:\/\/guerrerotortillas.com\/es\/wp-json\/wp\/v2\/media?parent=1731"}],"wp:term":[{"taxonomy":"product_category","embeddable":true,"href":"https:\/\/guerrerotortillas.com\/es\/wp-json\/wp\/v2\/product_category?post=1731"},{"taxonomy":"product_type","embeddable":true,"href":"https:\/\/guerrerotortillas.com\/es\/wp-json\/wp\/v2\/product_type?post=1731"},{"taxonomy":"size","embeddable":true,"href":"https:\/\/guerrerotortillas.com\/es\/wp-json\/wp\/v2\/size?post=1731"},{"taxonomy":"diet_type","embeddable":true,"href":"https:\/\/guerrerotortillas.com\/es\/wp-json\/wp\/v2\/diet_type?post=1731"},{"taxonomy":"count","embeddable":true,"href":"https:\/\/guerrerotortillas.com\/es\/wp-json\/wp\/v2\/count?post=1731"}],"curies":[{"name":"wp","href":"https:\/\/api.w.org\/{rel}","templated":true}]}}