{"id":1730,"date":"2021-06-03T17:29:00","date_gmt":"2021-06-03T22:29:00","guid":{"rendered":"https:\/\/webprojects.rocks\/clientes\/alma\/guerrerofood\/wordpress\/products\/yellow-corn-tortillas\/"},"modified":"2026-02-05T16:57:39","modified_gmt":"2026-02-05T21:57:39","slug":"tortillas-de-maiz-amarillo","status":"publish","type":"product","link":"https:\/\/guerrerotortillas.com\/es\/productos\/tortillas-de-maiz-amarillo\/","title":{"rendered":"Tortillas de Ma\u00edz Amarillo"},"content":{"rendered":"\n<p>Disfruta el aut\u00e9ntico sabor mexicano y tradici\u00f3n de las Tortillas de Ma\u00edz Amarillo Guerrero y prepara tus platillos preferidos con la suavidad y frescura que solo encontrar\u00e1s en las Tortillas Guerrero. La Tortillas de Ma\u00edz Amarillo Guerrero no contienen gluten, son una excelente fuente de calcio y son bajas en grasa. As\u00ed puedes tener la tranquilidad de saber que t\u00fa y tu familia se est\u00e1n cuidando y alimentando de manera nutritiva. Las Tortillas de Ma\u00edz Amarillo Guerrero tienen un aut\u00e9ntico sabor casero. Por eso son un pedacito de M\u00e9xico.<\/p>\n\n\n\n<p><strong>Ingredientes:<\/strong> Harina de ma\u00edz amarillo nixtamalizado, agua, contiene 2% o menos de: goma de celulosa, goma guar, y \u00e1cido propi\u00f3nico, \u00e1cido benzoico y \u00e1cido fosf\u00f3rico (para mantener la frescura).<\/p>\n","protected":false},"featured_media":4041,"template":"","product_category":[117],"product_type":[79],"size":[135],"diet_type":[147],"count":[122],"class_list":["post-1730","product","type-product","status-publish","has-post-thumbnail","hentry","product_category-tortillas-de-maiz","product_type-tortillas-es","size-5-5-inches","diet_type-gulten-free","count-80-count-es"],"acf":[],"yoast_head":"<!-- This site is optimized with the Yoast SEO plugin v25.2 - https:\/\/yoast.com\/wordpress\/plugins\/seo\/ -->\n<title>Tortillas de Ma\u00edz Amarillo - Guerrero Tortillas<\/title>\n<meta name=\"description\" content=\"Disfruta del aut\u00e9ntico sabor mexicano de las Tortillas de Ma\u00edz Amarillo Guerrero. Perfecto para hacer comidas tradicionales para tu familia.\" \/>\n<meta name=\"robots\" content=\"index, follow, max-snippet:-1, max-image-preview:large, max-video-preview:-1\" \/>\n<link rel=\"canonical\" href=\"https:\/\/guerrerotortillas.com\/es\/productos\/tortillas-de-maiz-amarillo\/\" \/>\n<meta property=\"og:locale\" content=\"es_ES\" \/>\n<meta property=\"og:type\" content=\"article\" \/>\n<meta property=\"og:title\" content=\"Tortillas de Ma\u00edz Amarillo - Guerrero Tortillas\" \/>\n<meta property=\"og:description\" content=\"Disfruta del aut\u00e9ntico sabor mexicano de las Tortillas de Ma\u00edz Amarillo Guerrero. Perfecto para hacer comidas tradicionales para tu familia.\" \/>\n<meta property=\"og:url\" content=\"https:\/\/guerrerotortillas.com\/es\/productos\/tortillas-de-maiz-amarillo\/\" \/>\n<meta property=\"og:site_name\" content=\"Guerrero Tortillas\" \/>\n<meta property=\"article:modified_time\" content=\"2026-02-05T21:57:39+00:00\" \/>\n<meta property=\"og:image\" content=\"https:\/\/guerrerotortillas.com\/wp-content\/uploads\/2021\/06\/yellow-corn-front-new.png\" \/>\n\t<meta property=\"og:image:width\" content=\"800\" \/>\n\t<meta property=\"og:image:height\" content=\"1170\" \/>\n\t<meta property=\"og:image:type\" content=\"image\/png\" \/>\n<meta name=\"twitter:card\" content=\"summary_large_image\" \/>\n<script type=\"application\/ld+json\" class=\"yoast-schema-graph\">{\"@context\":\"https:\/\/schema.org\",\"@graph\":[{\"@type\":\"WebPage\",\"@id\":\"https:\/\/guerrerotortillas.com\/es\/productos\/tortillas-de-maiz-amarillo\/\",\"url\":\"https:\/\/guerrerotortillas.com\/es\/productos\/tortillas-de-maiz-amarillo\/\",\"name\":\"Tortillas de Ma\u00edz Amarillo - Guerrero Tortillas\",\"isPartOf\":{\"@id\":\"https:\/\/guerrerotortillas.com\/es\/#website\"},\"primaryImageOfPage\":{\"@id\":\"https:\/\/guerrerotortillas.com\/es\/productos\/tortillas-de-maiz-amarillo\/#primaryimage\"},\"image\":{\"@id\":\"https:\/\/guerrerotortillas.com\/es\/productos\/tortillas-de-maiz-amarillo\/#primaryimage\"},\"thumbnailUrl\":\"https:\/\/guerrerotortillas.com\/wp-content\/uploads\/2021\/06\/yellow-corn-front-new.png\",\"datePublished\":\"2021-06-03T22:29:00+00:00\",\"dateModified\":\"2026-02-05T21:57:39+00:00\",\"description\":\"Disfruta del aut\u00e9ntico sabor mexicano de las Tortillas de Ma\u00edz Amarillo Guerrero. Perfecto para hacer comidas tradicionales para tu familia.\",\"breadcrumb\":{\"@id\":\"https:\/\/guerrerotortillas.com\/es\/productos\/tortillas-de-maiz-amarillo\/#breadcrumb\"},\"inLanguage\":\"es\",\"potentialAction\":[{\"@type\":\"ReadAction\",\"target\":[\"https:\/\/guerrerotortillas.com\/es\/productos\/tortillas-de-maiz-amarillo\/\"]}]},{\"@type\":\"ImageObject\",\"inLanguage\":\"es\",\"@id\":\"https:\/\/guerrerotortillas.com\/es\/productos\/tortillas-de-maiz-amarillo\/#primaryimage\",\"url\":\"https:\/\/guerrerotortillas.com\/wp-content\/uploads\/2021\/06\/yellow-corn-front-new.png\",\"contentUrl\":\"https:\/\/guerrerotortillas.com\/wp-content\/uploads\/2021\/06\/yellow-corn-front-new.png\",\"width\":800,\"height\":1170},{\"@type\":\"BreadcrumbList\",\"@id\":\"https:\/\/guerrerotortillas.com\/es\/productos\/tortillas-de-maiz-amarillo\/#breadcrumb\",\"itemListElement\":[{\"@type\":\"ListItem\",\"position\":1,\"name\":\"Inicio\",\"item\":\"https:\/\/guerrerotortillas.com\/es\/\"},{\"@type\":\"ListItem\",\"position\":2,\"name\":\"Tortillas de Ma\u00edz\",\"item\":\"https:\/\/guerrerotortillas.com\/es\/product-category\/tortillas-de-maiz\/\"},{\"@type\":\"ListItem\",\"position\":3,\"name\":\"Tortillas de Ma\u00edz Amarillo\"}]},{\"@type\":\"WebSite\",\"@id\":\"https:\/\/guerrerotortillas.com\/es\/#website\",\"url\":\"https:\/\/guerrerotortillas.com\/es\/\",\"name\":\"Guerrero Tortillas\",\"description\":\"\",\"potentialAction\":[{\"@type\":\"SearchAction\",\"target\":{\"@type\":\"EntryPoint\",\"urlTemplate\":\"https:\/\/guerrerotortillas.com\/es\/?s={search_term_string}\"},\"query-input\":{\"@type\":\"PropertyValueSpecification\",\"valueRequired\":true,\"valueName\":\"search_term_string\"}}],\"inLanguage\":\"es\"}]}<\/script>\n<!-- \/ Yoast SEO plugin. -->","yoast_head_json":{"title":"Tortillas de Ma\u00edz Amarillo - Guerrero Tortillas","description":"Disfruta del aut\u00e9ntico sabor mexicano de las Tortillas de Ma\u00edz Amarillo Guerrero. Perfecto para hacer comidas tradicionales para tu familia.","robots":{"index":"index","follow":"follow","max-snippet":"max-snippet:-1","max-image-preview":"max-image-preview:large","max-video-preview":"max-video-preview:-1"},"canonical":"https:\/\/guerrerotortillas.com\/es\/productos\/tortillas-de-maiz-amarillo\/","og_locale":"es_ES","og_type":"article","og_title":"Tortillas de Ma\u00edz Amarillo - Guerrero Tortillas","og_description":"Disfruta del aut\u00e9ntico sabor mexicano de las Tortillas de Ma\u00edz Amarillo Guerrero. Perfecto para hacer comidas tradicionales para tu familia.","og_url":"https:\/\/guerrerotortillas.com\/es\/productos\/tortillas-de-maiz-amarillo\/","og_site_name":"Guerrero Tortillas","article_modified_time":"2026-02-05T21:57:39+00:00","og_image":[{"width":800,"height":1170,"url":"https:\/\/guerrerotortillas.com\/wp-content\/uploads\/2021\/06\/yellow-corn-front-new.png","type":"image\/png"}],"twitter_card":"summary_large_image","schema":{"@context":"https:\/\/schema.org","@graph":[{"@type":"WebPage","@id":"https:\/\/guerrerotortillas.com\/es\/productos\/tortillas-de-maiz-amarillo\/","url":"https:\/\/guerrerotortillas.com\/es\/productos\/tortillas-de-maiz-amarillo\/","name":"Tortillas de Ma\u00edz Amarillo - Guerrero Tortillas","isPartOf":{"@id":"https:\/\/guerrerotortillas.com\/es\/#website"},"primaryImageOfPage":{"@id":"https:\/\/guerrerotortillas.com\/es\/productos\/tortillas-de-maiz-amarillo\/#primaryimage"},"image":{"@id":"https:\/\/guerrerotortillas.com\/es\/productos\/tortillas-de-maiz-amarillo\/#primaryimage"},"thumbnailUrl":"https:\/\/guerrerotortillas.com\/wp-content\/uploads\/2021\/06\/yellow-corn-front-new.png","datePublished":"2021-06-03T22:29:00+00:00","dateModified":"2026-02-05T21:57:39+00:00","description":"Disfruta del aut\u00e9ntico sabor mexicano de las Tortillas de Ma\u00edz Amarillo Guerrero. Perfecto para hacer comidas tradicionales para tu familia.","breadcrumb":{"@id":"https:\/\/guerrerotortillas.com\/es\/productos\/tortillas-de-maiz-amarillo\/#breadcrumb"},"inLanguage":"es","potentialAction":[{"@type":"ReadAction","target":["https:\/\/guerrerotortillas.com\/es\/productos\/tortillas-de-maiz-amarillo\/"]}]},{"@type":"ImageObject","inLanguage":"es","@id":"https:\/\/guerrerotortillas.com\/es\/productos\/tortillas-de-maiz-amarillo\/#primaryimage","url":"https:\/\/guerrerotortillas.com\/wp-content\/uploads\/2021\/06\/yellow-corn-front-new.png","contentUrl":"https:\/\/guerrerotortillas.com\/wp-content\/uploads\/2021\/06\/yellow-corn-front-new.png","width":800,"height":1170},{"@type":"BreadcrumbList","@id":"https:\/\/guerrerotortillas.com\/es\/productos\/tortillas-de-maiz-amarillo\/#breadcrumb","itemListElement":[{"@type":"ListItem","position":1,"name":"Inicio","item":"https:\/\/guerrerotortillas.com\/es\/"},{"@type":"ListItem","position":2,"name":"Tortillas de Ma\u00edz","item":"https:\/\/guerrerotortillas.com\/es\/product-category\/tortillas-de-maiz\/"},{"@type":"ListItem","position":3,"name":"Tortillas de Ma\u00edz Amarillo"}]},{"@type":"WebSite","@id":"https:\/\/guerrerotortillas.com\/es\/#website","url":"https:\/\/guerrerotortillas.com\/es\/","name":"Guerrero Tortillas","description":"","potentialAction":[{"@type":"SearchAction","target":{"@type":"EntryPoint","urlTemplate":"https:\/\/guerrerotortillas.com\/es\/?s={search_term_string}"},"query-input":{"@type":"PropertyValueSpecification","valueRequired":true,"valueName":"search_term_string"}}],"inLanguage":"es"}]}},"_links":{"self":[{"href":"https:\/\/guerrerotortillas.com\/es\/wp-json\/wp\/v2\/product\/1730","targetHints":{"allow":["GET"]}}],"collection":[{"href":"https:\/\/guerrerotortillas.com\/es\/wp-json\/wp\/v2\/product"}],"about":[{"href":"https:\/\/guerrerotortillas.com\/es\/wp-json\/wp\/v2\/types\/product"}],"wp:featuredmedia":[{"embeddable":true,"href":"https:\/\/guerrerotortillas.com\/es\/wp-json\/wp\/v2\/media\/4041"}],"wp:attachment":[{"href":"https:\/\/guerrerotortillas.com\/es\/wp-json\/wp\/v2\/media?parent=1730"}],"wp:term":[{"taxonomy":"product_category","embeddable":true,"href":"https:\/\/guerrerotortillas.com\/es\/wp-json\/wp\/v2\/product_category?post=1730"},{"taxonomy":"product_type","embeddable":true,"href":"https:\/\/guerrerotortillas.com\/es\/wp-json\/wp\/v2\/product_type?post=1730"},{"taxonomy":"size","embeddable":true,"href":"https:\/\/guerrerotortillas.com\/es\/wp-json\/wp\/v2\/size?post=1730"},{"taxonomy":"diet_type","embeddable":true,"href":"https:\/\/guerrerotortillas.com\/es\/wp-json\/wp\/v2\/diet_type?post=1730"},{"taxonomy":"count","embeddable":true,"href":"https:\/\/guerrerotortillas.com\/es\/wp-json\/wp\/v2\/count?post=1730"}],"curies":[{"name":"wp","href":"https:\/\/api.w.org\/{rel}","templated":true}]}}