{"id":1726,"date":"2021-06-07T17:09:00","date_gmt":"2021-06-07T22:09:00","guid":{"rendered":"https:\/\/webprojects.rocks\/clientes\/alma\/guerrerofood\/wordpress\/products\/king-size-white-corn-tortillas\/"},"modified":"2026-02-05T18:15:43","modified_gmt":"2026-02-05T23:15:43","slug":"tortillas-de-maiz-blanco-extra-grandes","status":"publish","type":"product","link":"https:\/\/guerrerotortillas.com\/es\/productos\/tortillas-de-maiz-blanco-extra-grandes\/","title":{"rendered":"Tortillas de Ma\u00edz Blanco Extra Grandes"},"content":{"rendered":"\n<p>Queremos que el sabor de nuestras Tortillas Extra Grandes de Ma\u00edz Blanco sea lo m\u00e1s aut\u00e9ntico posible; por lo que usamos solo ingredientes de alta calidad y t\u00e9cnicas ancestrales comprobadas. La suave textura y el sabor tradicional de nuestras tortillas mejora cualquier receta mexicana. Su tama\u00f1o extra grande te permite a\u00f1adir m\u00e1s ingredientes deliciosos a tus creaciones. Adem\u00e1s, las Tortillas Extra Grandes de Ma\u00edz Blanco Guerrero no contienen gluten, manteca, grasas trans, ni colesterol. Para una deliciosa comida a media semana, prueba rellenarlas con carne guisada hecha en casa, aguacate y queso Cotija.<\/p>\n\n\n\n<p><strong>Ingredientes:<\/strong> Harina de ma\u00edz nixtamalizado, agua, contiene 2% o menos de: goma de celulosa, goma guar, y \u00e1cido propi\u00f3nico, \u00e1cido benzoico y \u00e1cido fosf\u00f3rico (para mantener la frescura).<\/p>\n","protected":false},"featured_media":4049,"template":"","product_category":[117],"product_type":[79],"size":[132],"diet_type":[147,151],"count":[98],"class_list":["post-1726","product","type-product","status-publish","has-post-thumbnail","hentry","product_category-tortillas-de-maiz","product_type-tortillas-es","size-6-5-inches","diet_type-gulten-free","diet_type-todos-tipos-dieta","count-30-count-es"],"acf":[],"yoast_head":"<!-- This site is optimized with the Yoast SEO plugin v25.2 - https:\/\/yoast.com\/wordpress\/plugins\/seo\/ -->\n<title>Tortillas de Ma\u00edz Blanco Extra Grandes - Guerrero Tortillas<\/title>\n<meta name=\"description\" content=\"Las Tortillas de Ma\u00edz Blanco extra grandes de Guerrero tienen un sabor aut\u00e9ntico y est\u00e1n hechas con m\u00e9todos tradicionales de cocina mexicana.\" \/>\n<meta name=\"robots\" content=\"index, follow, max-snippet:-1, max-image-preview:large, max-video-preview:-1\" \/>\n<link rel=\"canonical\" href=\"https:\/\/guerrerotortillas.com\/es\/productos\/tortillas-de-maiz-blanco-extra-grandes\/\" \/>\n<meta property=\"og:locale\" content=\"es_ES\" \/>\n<meta property=\"og:type\" content=\"article\" \/>\n<meta property=\"og:title\" content=\"Tortillas de Ma\u00edz Blanco Extra Grandes - Guerrero Tortillas\" \/>\n<meta property=\"og:description\" content=\"Las Tortillas de Ma\u00edz Blanco extra grandes de Guerrero tienen un sabor aut\u00e9ntico y est\u00e1n hechas con m\u00e9todos tradicionales de cocina mexicana.\" \/>\n<meta property=\"og:url\" content=\"https:\/\/guerrerotortillas.com\/es\/productos\/tortillas-de-maiz-blanco-extra-grandes\/\" \/>\n<meta property=\"og:site_name\" content=\"Guerrero Tortillas\" \/>\n<meta property=\"article:modified_time\" content=\"2026-02-05T23:15:43+00:00\" \/>\n<meta property=\"og:image\" content=\"https:\/\/guerrerotortillas.com\/wp-content\/uploads\/2021\/06\/king-size-white-corn-front-new.png\" \/>\n\t<meta property=\"og:image:width\" content=\"800\" \/>\n\t<meta property=\"og:image:height\" content=\"1029\" \/>\n\t<meta property=\"og:image:type\" content=\"image\/png\" \/>\n<meta name=\"twitter:card\" content=\"summary_large_image\" \/>\n<script type=\"application\/ld+json\" class=\"yoast-schema-graph\">{\"@context\":\"https:\/\/schema.org\",\"@graph\":[{\"@type\":\"WebPage\",\"@id\":\"https:\/\/guerrerotortillas.com\/es\/productos\/tortillas-de-maiz-blanco-extra-grandes\/\",\"url\":\"https:\/\/guerrerotortillas.com\/es\/productos\/tortillas-de-maiz-blanco-extra-grandes\/\",\"name\":\"Tortillas de Ma\u00edz Blanco Extra Grandes - Guerrero Tortillas\",\"isPartOf\":{\"@id\":\"https:\/\/guerrerotortillas.com\/es\/#website\"},\"primaryImageOfPage\":{\"@id\":\"https:\/\/guerrerotortillas.com\/es\/productos\/tortillas-de-maiz-blanco-extra-grandes\/#primaryimage\"},\"image\":{\"@id\":\"https:\/\/guerrerotortillas.com\/es\/productos\/tortillas-de-maiz-blanco-extra-grandes\/#primaryimage\"},\"thumbnailUrl\":\"https:\/\/guerrerotortillas.com\/wp-content\/uploads\/2021\/06\/king-size-white-corn-front-new.png\",\"datePublished\":\"2021-06-07T22:09:00+00:00\",\"dateModified\":\"2026-02-05T23:15:43+00:00\",\"description\":\"Las Tortillas de Ma\u00edz Blanco extra grandes de Guerrero tienen un sabor aut\u00e9ntico y est\u00e1n hechas con m\u00e9todos tradicionales de cocina mexicana.\",\"breadcrumb\":{\"@id\":\"https:\/\/guerrerotortillas.com\/es\/productos\/tortillas-de-maiz-blanco-extra-grandes\/#breadcrumb\"},\"inLanguage\":\"es\",\"potentialAction\":[{\"@type\":\"ReadAction\",\"target\":[\"https:\/\/guerrerotortillas.com\/es\/productos\/tortillas-de-maiz-blanco-extra-grandes\/\"]}]},{\"@type\":\"ImageObject\",\"inLanguage\":\"es\",\"@id\":\"https:\/\/guerrerotortillas.com\/es\/productos\/tortillas-de-maiz-blanco-extra-grandes\/#primaryimage\",\"url\":\"https:\/\/guerrerotortillas.com\/wp-content\/uploads\/2021\/06\/king-size-white-corn-front-new.png\",\"contentUrl\":\"https:\/\/guerrerotortillas.com\/wp-content\/uploads\/2021\/06\/king-size-white-corn-front-new.png\",\"width\":800,\"height\":1029},{\"@type\":\"BreadcrumbList\",\"@id\":\"https:\/\/guerrerotortillas.com\/es\/productos\/tortillas-de-maiz-blanco-extra-grandes\/#breadcrumb\",\"itemListElement\":[{\"@type\":\"ListItem\",\"position\":1,\"name\":\"Inicio\",\"item\":\"https:\/\/guerrerotortillas.com\/es\/\"},{\"@type\":\"ListItem\",\"position\":2,\"name\":\"Tortillas de Ma\u00edz\",\"item\":\"https:\/\/guerrerotortillas.com\/es\/product-category\/tortillas-de-maiz\/\"},{\"@type\":\"ListItem\",\"position\":3,\"name\":\"Tortillas de Ma\u00edz Blanco Extra Grandes\"}]},{\"@type\":\"WebSite\",\"@id\":\"https:\/\/guerrerotortillas.com\/es\/#website\",\"url\":\"https:\/\/guerrerotortillas.com\/es\/\",\"name\":\"Guerrero Tortillas\",\"description\":\"\",\"potentialAction\":[{\"@type\":\"SearchAction\",\"target\":{\"@type\":\"EntryPoint\",\"urlTemplate\":\"https:\/\/guerrerotortillas.com\/es\/?s={search_term_string}\"},\"query-input\":{\"@type\":\"PropertyValueSpecification\",\"valueRequired\":true,\"valueName\":\"search_term_string\"}}],\"inLanguage\":\"es\"}]}<\/script>\n<!-- \/ Yoast SEO plugin. -->","yoast_head_json":{"title":"Tortillas de Ma\u00edz Blanco Extra Grandes - Guerrero Tortillas","description":"Las Tortillas de Ma\u00edz Blanco extra grandes de Guerrero tienen un sabor aut\u00e9ntico y est\u00e1n hechas con m\u00e9todos tradicionales de cocina mexicana.","robots":{"index":"index","follow":"follow","max-snippet":"max-snippet:-1","max-image-preview":"max-image-preview:large","max-video-preview":"max-video-preview:-1"},"canonical":"https:\/\/guerrerotortillas.com\/es\/productos\/tortillas-de-maiz-blanco-extra-grandes\/","og_locale":"es_ES","og_type":"article","og_title":"Tortillas de Ma\u00edz Blanco Extra Grandes - Guerrero Tortillas","og_description":"Las Tortillas de Ma\u00edz Blanco extra grandes de Guerrero tienen un sabor aut\u00e9ntico y est\u00e1n hechas con m\u00e9todos tradicionales de cocina mexicana.","og_url":"https:\/\/guerrerotortillas.com\/es\/productos\/tortillas-de-maiz-blanco-extra-grandes\/","og_site_name":"Guerrero Tortillas","article_modified_time":"2026-02-05T23:15:43+00:00","og_image":[{"width":800,"height":1029,"url":"https:\/\/guerrerotortillas.com\/wp-content\/uploads\/2021\/06\/king-size-white-corn-front-new.png","type":"image\/png"}],"twitter_card":"summary_large_image","schema":{"@context":"https:\/\/schema.org","@graph":[{"@type":"WebPage","@id":"https:\/\/guerrerotortillas.com\/es\/productos\/tortillas-de-maiz-blanco-extra-grandes\/","url":"https:\/\/guerrerotortillas.com\/es\/productos\/tortillas-de-maiz-blanco-extra-grandes\/","name":"Tortillas de Ma\u00edz Blanco Extra Grandes - Guerrero Tortillas","isPartOf":{"@id":"https:\/\/guerrerotortillas.com\/es\/#website"},"primaryImageOfPage":{"@id":"https:\/\/guerrerotortillas.com\/es\/productos\/tortillas-de-maiz-blanco-extra-grandes\/#primaryimage"},"image":{"@id":"https:\/\/guerrerotortillas.com\/es\/productos\/tortillas-de-maiz-blanco-extra-grandes\/#primaryimage"},"thumbnailUrl":"https:\/\/guerrerotortillas.com\/wp-content\/uploads\/2021\/06\/king-size-white-corn-front-new.png","datePublished":"2021-06-07T22:09:00+00:00","dateModified":"2026-02-05T23:15:43+00:00","description":"Las Tortillas de Ma\u00edz Blanco extra grandes de Guerrero tienen un sabor aut\u00e9ntico y est\u00e1n hechas con m\u00e9todos tradicionales de cocina mexicana.","breadcrumb":{"@id":"https:\/\/guerrerotortillas.com\/es\/productos\/tortillas-de-maiz-blanco-extra-grandes\/#breadcrumb"},"inLanguage":"es","potentialAction":[{"@type":"ReadAction","target":["https:\/\/guerrerotortillas.com\/es\/productos\/tortillas-de-maiz-blanco-extra-grandes\/"]}]},{"@type":"ImageObject","inLanguage":"es","@id":"https:\/\/guerrerotortillas.com\/es\/productos\/tortillas-de-maiz-blanco-extra-grandes\/#primaryimage","url":"https:\/\/guerrerotortillas.com\/wp-content\/uploads\/2021\/06\/king-size-white-corn-front-new.png","contentUrl":"https:\/\/guerrerotortillas.com\/wp-content\/uploads\/2021\/06\/king-size-white-corn-front-new.png","width":800,"height":1029},{"@type":"BreadcrumbList","@id":"https:\/\/guerrerotortillas.com\/es\/productos\/tortillas-de-maiz-blanco-extra-grandes\/#breadcrumb","itemListElement":[{"@type":"ListItem","position":1,"name":"Inicio","item":"https:\/\/guerrerotortillas.com\/es\/"},{"@type":"ListItem","position":2,"name":"Tortillas de Ma\u00edz","item":"https:\/\/guerrerotortillas.com\/es\/product-category\/tortillas-de-maiz\/"},{"@type":"ListItem","position":3,"name":"Tortillas de Ma\u00edz Blanco Extra Grandes"}]},{"@type":"WebSite","@id":"https:\/\/guerrerotortillas.com\/es\/#website","url":"https:\/\/guerrerotortillas.com\/es\/","name":"Guerrero Tortillas","description":"","potentialAction":[{"@type":"SearchAction","target":{"@type":"EntryPoint","urlTemplate":"https:\/\/guerrerotortillas.com\/es\/?s={search_term_string}"},"query-input":{"@type":"PropertyValueSpecification","valueRequired":true,"valueName":"search_term_string"}}],"inLanguage":"es"}]}},"_links":{"self":[{"href":"https:\/\/guerrerotortillas.com\/es\/wp-json\/wp\/v2\/product\/1726","targetHints":{"allow":["GET"]}}],"collection":[{"href":"https:\/\/guerrerotortillas.com\/es\/wp-json\/wp\/v2\/product"}],"about":[{"href":"https:\/\/guerrerotortillas.com\/es\/wp-json\/wp\/v2\/types\/product"}],"wp:featuredmedia":[{"embeddable":true,"href":"https:\/\/guerrerotortillas.com\/es\/wp-json\/wp\/v2\/media\/4049"}],"wp:attachment":[{"href":"https:\/\/guerrerotortillas.com\/es\/wp-json\/wp\/v2\/media?parent=1726"}],"wp:term":[{"taxonomy":"product_category","embeddable":true,"href":"https:\/\/guerrerotortillas.com\/es\/wp-json\/wp\/v2\/product_category?post=1726"},{"taxonomy":"product_type","embeddable":true,"href":"https:\/\/guerrerotortillas.com\/es\/wp-json\/wp\/v2\/product_type?post=1726"},{"taxonomy":"size","embeddable":true,"href":"https:\/\/guerrerotortillas.com\/es\/wp-json\/wp\/v2\/size?post=1726"},{"taxonomy":"diet_type","embeddable":true,"href":"https:\/\/guerrerotortillas.com\/es\/wp-json\/wp\/v2\/diet_type?post=1726"},{"taxonomy":"count","embeddable":true,"href":"https:\/\/guerrerotortillas.com\/es\/wp-json\/wp\/v2\/count?post=1726"}],"curies":[{"name":"wp","href":"https:\/\/api.w.org\/{rel}","templated":true}]}}