{"id":1725,"date":"2021-06-08T16:39:00","date_gmt":"2021-06-08T21:39:00","guid":{"rendered":"https:\/\/webprojects.rocks\/clientes\/alma\/guerrerofood\/wordpress\/products\/white-corn-tortillas\/"},"modified":"2026-02-05T18:54:58","modified_gmt":"2026-02-05T23:54:58","slug":"tortillas-de-maiz-blanco","status":"publish","type":"product","link":"https:\/\/guerrerotortillas.com\/es\/productos\/tortillas-de-maiz-blanco\/","title":{"rendered":"Tortillas de Ma\u00edz Blanco"},"content":{"rendered":"\n<p>Usamos ingredientes de alta calidad y t\u00e9cnicas ancestrales comprobadas para garantizar que cada paquete de Tortillas de Ma\u00edz Blanco Guerrero a\u00f1ada autenticidad a tu mesa familiar. El sabor tradicional y la textura de nuestras tortillas mejoran cualquier receta, desde los platillos mexicanos heredados de generaci\u00f3n en generaci\u00f3n, hasta cualquier variaci\u00f3n moderna. Adem\u00e1s, las Tortillas de Ma\u00edz Blanco Guerrero no contienen gluten, manteca, grasas trans, ni colesterol. Recomendamos servirlas con carne guisada hecha en casa, aguacate y queso Cotija.<\/p>\n\n\n\n<p><strong>Ingredientes:<\/strong> Harina de ma\u00edz nixtamalizado, agua, contiene 2% o menos de: goma de celulosa, goma guar, y \u00e1cido propinico, \u00e1cido benzoico y acido fosf\u00f3rico (para mantener la frescura).<\/p>\n","protected":false},"featured_media":4018,"template":"","product_category":[117,118],"product_type":[79],"size":[133,135],"diet_type":[147,151],"count":[98,119,120,121,122],"class_list":["post-1725","product","type-product","status-publish","has-post-thumbnail","hentry","product_category-tortillas-de-maiz","product_category-white-corn-tortillas-es","product_type-tortillas-es","size-5-75-inches","size-5-5-inches","diet_type-gulten-free","diet_type-todos-tipos-dieta","count-30-count-es","count-100-count-es","count-18-count-es","count-60-count-es","count-80-count-es"],"acf":[],"yoast_head":"<!-- This site is optimized with the Yoast SEO plugin v25.2 - https:\/\/yoast.com\/wordpress\/plugins\/seo\/ -->\n<title>Tortillas de Ma\u00edz Blanco - Guerrero Tortillas<\/title>\n<meta name=\"description\" content=\"Usamos t\u00e9cnicas ancestrales comprobadas para garantizar que cada paquete de Tortillas de Ma\u00edz Blanco Guerrero a\u00f1ada autenticidad a tu mesa familiar.\" \/>\n<meta name=\"robots\" content=\"index, follow, max-snippet:-1, max-image-preview:large, max-video-preview:-1\" \/>\n<link rel=\"canonical\" href=\"https:\/\/guerrerotortillas.com\/es\/productos\/tortillas-de-maiz-blanco\/\" \/>\n<meta property=\"og:locale\" content=\"es_ES\" \/>\n<meta property=\"og:type\" content=\"article\" \/>\n<meta property=\"og:title\" content=\"Tortillas de Ma\u00edz Blanco - Guerrero Tortillas\" \/>\n<meta property=\"og:description\" content=\"Usamos t\u00e9cnicas ancestrales comprobadas para garantizar que cada paquete de Tortillas de Ma\u00edz Blanco Guerrero a\u00f1ada autenticidad a tu mesa familiar.\" \/>\n<meta property=\"og:url\" content=\"https:\/\/guerrerotortillas.com\/es\/productos\/tortillas-de-maiz-blanco\/\" \/>\n<meta property=\"og:site_name\" content=\"Guerrero Tortillas\" \/>\n<meta property=\"article:modified_time\" content=\"2026-02-05T23:54:58+00:00\" \/>\n<meta property=\"og:image\" content=\"https:\/\/guerrerotortillas.com\/wp-content\/uploads\/2021\/06\/white-corn-tortillas-front-new.png\" \/>\n\t<meta property=\"og:image:width\" content=\"800\" \/>\n\t<meta property=\"og:image:height\" content=\"1170\" \/>\n\t<meta property=\"og:image:type\" content=\"image\/png\" \/>\n<meta name=\"twitter:card\" content=\"summary_large_image\" \/>\n<script type=\"application\/ld+json\" class=\"yoast-schema-graph\">{\"@context\":\"https:\/\/schema.org\",\"@graph\":[{\"@type\":\"WebPage\",\"@id\":\"https:\/\/guerrerotortillas.com\/es\/productos\/tortillas-de-maiz-blanco\/\",\"url\":\"https:\/\/guerrerotortillas.com\/es\/productos\/tortillas-de-maiz-blanco\/\",\"name\":\"Tortillas de Ma\u00edz Blanco - Guerrero Tortillas\",\"isPartOf\":{\"@id\":\"https:\/\/guerrerotortillas.com\/es\/#website\"},\"primaryImageOfPage\":{\"@id\":\"https:\/\/guerrerotortillas.com\/es\/productos\/tortillas-de-maiz-blanco\/#primaryimage\"},\"image\":{\"@id\":\"https:\/\/guerrerotortillas.com\/es\/productos\/tortillas-de-maiz-blanco\/#primaryimage\"},\"thumbnailUrl\":\"https:\/\/guerrerotortillas.com\/wp-content\/uploads\/2021\/06\/white-corn-tortillas-front-new.png\",\"datePublished\":\"2021-06-08T21:39:00+00:00\",\"dateModified\":\"2026-02-05T23:54:58+00:00\",\"description\":\"Usamos t\u00e9cnicas ancestrales comprobadas para garantizar que cada paquete de Tortillas de Ma\u00edz Blanco Guerrero a\u00f1ada autenticidad a tu mesa familiar.\",\"breadcrumb\":{\"@id\":\"https:\/\/guerrerotortillas.com\/es\/productos\/tortillas-de-maiz-blanco\/#breadcrumb\"},\"inLanguage\":\"es\",\"potentialAction\":[{\"@type\":\"ReadAction\",\"target\":[\"https:\/\/guerrerotortillas.com\/es\/productos\/tortillas-de-maiz-blanco\/\"]}]},{\"@type\":\"ImageObject\",\"inLanguage\":\"es\",\"@id\":\"https:\/\/guerrerotortillas.com\/es\/productos\/tortillas-de-maiz-blanco\/#primaryimage\",\"url\":\"https:\/\/guerrerotortillas.com\/wp-content\/uploads\/2021\/06\/white-corn-tortillas-front-new.png\",\"contentUrl\":\"https:\/\/guerrerotortillas.com\/wp-content\/uploads\/2021\/06\/white-corn-tortillas-front-new.png\",\"width\":800,\"height\":1170},{\"@type\":\"BreadcrumbList\",\"@id\":\"https:\/\/guerrerotortillas.com\/es\/productos\/tortillas-de-maiz-blanco\/#breadcrumb\",\"itemListElement\":[{\"@type\":\"ListItem\",\"position\":1,\"name\":\"Inicio\",\"item\":\"https:\/\/guerrerotortillas.com\/es\/\"},{\"@type\":\"ListItem\",\"position\":2,\"name\":\"Tortillas de Ma\u00edz\",\"item\":\"https:\/\/guerrerotortillas.com\/es\/product-category\/tortillas-de-maiz\/\"},{\"@type\":\"ListItem\",\"position\":3,\"name\":\"Tortillas de Ma\u00edz Blanco\"}]},{\"@type\":\"WebSite\",\"@id\":\"https:\/\/guerrerotortillas.com\/es\/#website\",\"url\":\"https:\/\/guerrerotortillas.com\/es\/\",\"name\":\"Guerrero Tortillas\",\"description\":\"\",\"potentialAction\":[{\"@type\":\"SearchAction\",\"target\":{\"@type\":\"EntryPoint\",\"urlTemplate\":\"https:\/\/guerrerotortillas.com\/es\/?s={search_term_string}\"},\"query-input\":{\"@type\":\"PropertyValueSpecification\",\"valueRequired\":true,\"valueName\":\"search_term_string\"}}],\"inLanguage\":\"es\"}]}<\/script>\n<!-- \/ Yoast SEO plugin. -->","yoast_head_json":{"title":"Tortillas de Ma\u00edz Blanco - Guerrero Tortillas","description":"Usamos t\u00e9cnicas ancestrales comprobadas para garantizar que cada paquete de Tortillas de Ma\u00edz Blanco Guerrero a\u00f1ada autenticidad a tu mesa familiar.","robots":{"index":"index","follow":"follow","max-snippet":"max-snippet:-1","max-image-preview":"max-image-preview:large","max-video-preview":"max-video-preview:-1"},"canonical":"https:\/\/guerrerotortillas.com\/es\/productos\/tortillas-de-maiz-blanco\/","og_locale":"es_ES","og_type":"article","og_title":"Tortillas de Ma\u00edz Blanco - Guerrero Tortillas","og_description":"Usamos t\u00e9cnicas ancestrales comprobadas para garantizar que cada paquete de Tortillas de Ma\u00edz Blanco Guerrero a\u00f1ada autenticidad a tu mesa familiar.","og_url":"https:\/\/guerrerotortillas.com\/es\/productos\/tortillas-de-maiz-blanco\/","og_site_name":"Guerrero Tortillas","article_modified_time":"2026-02-05T23:54:58+00:00","og_image":[{"width":800,"height":1170,"url":"https:\/\/guerrerotortillas.com\/wp-content\/uploads\/2021\/06\/white-corn-tortillas-front-new.png","type":"image\/png"}],"twitter_card":"summary_large_image","schema":{"@context":"https:\/\/schema.org","@graph":[{"@type":"WebPage","@id":"https:\/\/guerrerotortillas.com\/es\/productos\/tortillas-de-maiz-blanco\/","url":"https:\/\/guerrerotortillas.com\/es\/productos\/tortillas-de-maiz-blanco\/","name":"Tortillas de Ma\u00edz Blanco - Guerrero Tortillas","isPartOf":{"@id":"https:\/\/guerrerotortillas.com\/es\/#website"},"primaryImageOfPage":{"@id":"https:\/\/guerrerotortillas.com\/es\/productos\/tortillas-de-maiz-blanco\/#primaryimage"},"image":{"@id":"https:\/\/guerrerotortillas.com\/es\/productos\/tortillas-de-maiz-blanco\/#primaryimage"},"thumbnailUrl":"https:\/\/guerrerotortillas.com\/wp-content\/uploads\/2021\/06\/white-corn-tortillas-front-new.png","datePublished":"2021-06-08T21:39:00+00:00","dateModified":"2026-02-05T23:54:58+00:00","description":"Usamos t\u00e9cnicas ancestrales comprobadas para garantizar que cada paquete de Tortillas de Ma\u00edz Blanco Guerrero a\u00f1ada autenticidad a tu mesa familiar.","breadcrumb":{"@id":"https:\/\/guerrerotortillas.com\/es\/productos\/tortillas-de-maiz-blanco\/#breadcrumb"},"inLanguage":"es","potentialAction":[{"@type":"ReadAction","target":["https:\/\/guerrerotortillas.com\/es\/productos\/tortillas-de-maiz-blanco\/"]}]},{"@type":"ImageObject","inLanguage":"es","@id":"https:\/\/guerrerotortillas.com\/es\/productos\/tortillas-de-maiz-blanco\/#primaryimage","url":"https:\/\/guerrerotortillas.com\/wp-content\/uploads\/2021\/06\/white-corn-tortillas-front-new.png","contentUrl":"https:\/\/guerrerotortillas.com\/wp-content\/uploads\/2021\/06\/white-corn-tortillas-front-new.png","width":800,"height":1170},{"@type":"BreadcrumbList","@id":"https:\/\/guerrerotortillas.com\/es\/productos\/tortillas-de-maiz-blanco\/#breadcrumb","itemListElement":[{"@type":"ListItem","position":1,"name":"Inicio","item":"https:\/\/guerrerotortillas.com\/es\/"},{"@type":"ListItem","position":2,"name":"Tortillas de Ma\u00edz","item":"https:\/\/guerrerotortillas.com\/es\/product-category\/tortillas-de-maiz\/"},{"@type":"ListItem","position":3,"name":"Tortillas de Ma\u00edz Blanco"}]},{"@type":"WebSite","@id":"https:\/\/guerrerotortillas.com\/es\/#website","url":"https:\/\/guerrerotortillas.com\/es\/","name":"Guerrero Tortillas","description":"","potentialAction":[{"@type":"SearchAction","target":{"@type":"EntryPoint","urlTemplate":"https:\/\/guerrerotortillas.com\/es\/?s={search_term_string}"},"query-input":{"@type":"PropertyValueSpecification","valueRequired":true,"valueName":"search_term_string"}}],"inLanguage":"es"}]}},"_links":{"self":[{"href":"https:\/\/guerrerotortillas.com\/es\/wp-json\/wp\/v2\/product\/1725","targetHints":{"allow":["GET"]}}],"collection":[{"href":"https:\/\/guerrerotortillas.com\/es\/wp-json\/wp\/v2\/product"}],"about":[{"href":"https:\/\/guerrerotortillas.com\/es\/wp-json\/wp\/v2\/types\/product"}],"wp:featuredmedia":[{"embeddable":true,"href":"https:\/\/guerrerotortillas.com\/es\/wp-json\/wp\/v2\/media\/4018"}],"wp:attachment":[{"href":"https:\/\/guerrerotortillas.com\/es\/wp-json\/wp\/v2\/media?parent=1725"}],"wp:term":[{"taxonomy":"product_category","embeddable":true,"href":"https:\/\/guerrerotortillas.com\/es\/wp-json\/wp\/v2\/product_category?post=1725"},{"taxonomy":"product_type","embeddable":true,"href":"https:\/\/guerrerotortillas.com\/es\/wp-json\/wp\/v2\/product_type?post=1725"},{"taxonomy":"size","embeddable":true,"href":"https:\/\/guerrerotortillas.com\/es\/wp-json\/wp\/v2\/size?post=1725"},{"taxonomy":"diet_type","embeddable":true,"href":"https:\/\/guerrerotortillas.com\/es\/wp-json\/wp\/v2\/diet_type?post=1725"},{"taxonomy":"count","embeddable":true,"href":"https:\/\/guerrerotortillas.com\/es\/wp-json\/wp\/v2\/count?post=1725"}],"curies":[{"name":"wp","href":"https:\/\/api.w.org\/{rel}","templated":true}]}}