{"id":1721,"date":"2021-05-17T19:55:00","date_gmt":"2021-05-18T00:55:00","guid":{"rendered":"https:\/\/webprojects.rocks\/clientes\/alma\/guerrerofood\/wordpress\/products\/nortenas-clasicas-tostadas\/"},"modified":"2024-06-28T14:43:42","modified_gmt":"2024-06-28T19:43:42","slug":"tostadas-nortenas-clasicas","status":"publish","type":"product","link":"https:\/\/guerrerotortillas.com\/es\/productos\/tostadas-nortenas-clasicas\/","title":{"rendered":"Tostadas Norte\u00f1as Cl\u00e1sicas"},"content":{"rendered":"\n<p>El delicioso sabor y la textura crujiente de las Tostadas Norte\u00f1as Cl\u00e1sicas de Guerrero complementan todas tus recetas mexicanas favoritas, desde ceviche hasta picadillo. Preparamos nuestras tostadas con ingredientes de alta calidad y m\u00e9todos de cocci\u00f3n comprobados, as\u00ed que siempre ser\u00e1n una adici\u00f3n aut\u00e9ntica a la mesa familiar. Adem\u00e1s, las tostadas Guerrero no contienen gluten, manteca, grasas trans ni colesterol. Aunque nuestras tostadas combinan con cualquier comida casera, recomendamos que las sirvas con carne molida sazonada, frijoles refritos y queso Monterey Jack para una comida apetitosa que deleitar\u00e1 a los peque\u00f1os.<\/p>\n\n\n\n<p><strong>Ingredientes:<\/strong> Harina de ma\u00edz nixtamalizado, agua, aceite vegetal (algod\u00f3n y\/o ma\u00edz), sal, amarillo 5, rojo 40.<\/p>\n","protected":false},"featured_media":4252,"template":"","product_category":[106],"product_type":[107],"size":[139],"diet_type":[147,151],"count":[98],"class_list":["post-1721","product","type-product","status-publish","has-post-thumbnail","hentry","product_category-tostadas","product_type-tostadas-es","size-4-75-inches","diet_type-gulten-free","diet_type-todos-tipos-dieta","count-30-count-es"],"acf":[],"yoast_head":"<!-- This site is optimized with the Yoast SEO plugin v25.2 - https:\/\/yoast.com\/wordpress\/plugins\/seo\/ -->\n<title>Tostadas Norte\u00f1as Cl\u00e1sicas - Guerrero Tortillas<\/title>\n<meta name=\"description\" content=\"El delicioso sabor de las Tostadas Norte\u00f1as Cl\u00e1sicas de Guerrero complementan todas tus recetas mexicanas favoritas, desde ceviche hasta picadillo.\" \/>\n<meta name=\"robots\" content=\"index, follow, max-snippet:-1, max-image-preview:large, max-video-preview:-1\" \/>\n<link rel=\"canonical\" href=\"https:\/\/guerrerotortillas.com\/es\/productos\/tostadas-nortenas-clasicas\/\" \/>\n<meta property=\"og:locale\" content=\"es_ES\" \/>\n<meta property=\"og:type\" content=\"article\" \/>\n<meta property=\"og:title\" content=\"Tostadas Norte\u00f1as Cl\u00e1sicas - Guerrero Tortillas\" \/>\n<meta property=\"og:description\" content=\"El delicioso sabor de las Tostadas Norte\u00f1as Cl\u00e1sicas de Guerrero complementan todas tus recetas mexicanas favoritas, desde ceviche hasta picadillo.\" \/>\n<meta property=\"og:url\" content=\"https:\/\/guerrerotortillas.com\/es\/productos\/tostadas-nortenas-clasicas\/\" \/>\n<meta property=\"og:site_name\" content=\"Guerrero Tortillas\" \/>\n<meta property=\"article:modified_time\" content=\"2024-06-28T19:43:42+00:00\" \/>\n<meta property=\"og:image\" content=\"https:\/\/guerrerotortillas.com\/wp-content\/uploads\/2021\/05\/nortenas-clasicas-front.png\" \/>\n\t<meta property=\"og:image:width\" content=\"1051\" \/>\n\t<meta property=\"og:image:height\" content=\"1862\" \/>\n\t<meta property=\"og:image:type\" content=\"image\/png\" \/>\n<meta name=\"twitter:card\" content=\"summary_large_image\" \/>\n<script type=\"application\/ld+json\" class=\"yoast-schema-graph\">{\"@context\":\"https:\/\/schema.org\",\"@graph\":[{\"@type\":\"WebPage\",\"@id\":\"https:\/\/guerrerotortillas.com\/es\/productos\/tostadas-nortenas-clasicas\/\",\"url\":\"https:\/\/guerrerotortillas.com\/es\/productos\/tostadas-nortenas-clasicas\/\",\"name\":\"Tostadas Norte\u00f1as Cl\u00e1sicas - Guerrero Tortillas\",\"isPartOf\":{\"@id\":\"https:\/\/guerrerotortillas.com\/es\/#website\"},\"primaryImageOfPage\":{\"@id\":\"https:\/\/guerrerotortillas.com\/es\/productos\/tostadas-nortenas-clasicas\/#primaryimage\"},\"image\":{\"@id\":\"https:\/\/guerrerotortillas.com\/es\/productos\/tostadas-nortenas-clasicas\/#primaryimage\"},\"thumbnailUrl\":\"https:\/\/guerrerotortillas.com\/wp-content\/uploads\/2021\/05\/nortenas-clasicas-front.png\",\"datePublished\":\"2021-05-18T00:55:00+00:00\",\"dateModified\":\"2024-06-28T19:43:42+00:00\",\"description\":\"El delicioso sabor de las Tostadas Norte\u00f1as Cl\u00e1sicas de Guerrero complementan todas tus recetas mexicanas favoritas, desde ceviche hasta picadillo.\",\"breadcrumb\":{\"@id\":\"https:\/\/guerrerotortillas.com\/es\/productos\/tostadas-nortenas-clasicas\/#breadcrumb\"},\"inLanguage\":\"es\",\"potentialAction\":[{\"@type\":\"ReadAction\",\"target\":[\"https:\/\/guerrerotortillas.com\/es\/productos\/tostadas-nortenas-clasicas\/\"]}]},{\"@type\":\"ImageObject\",\"inLanguage\":\"es\",\"@id\":\"https:\/\/guerrerotortillas.com\/es\/productos\/tostadas-nortenas-clasicas\/#primaryimage\",\"url\":\"https:\/\/guerrerotortillas.com\/wp-content\/uploads\/2021\/05\/nortenas-clasicas-front.png\",\"contentUrl\":\"https:\/\/guerrerotortillas.com\/wp-content\/uploads\/2021\/05\/nortenas-clasicas-front.png\",\"width\":1051,\"height\":1862},{\"@type\":\"BreadcrumbList\",\"@id\":\"https:\/\/guerrerotortillas.com\/es\/productos\/tostadas-nortenas-clasicas\/#breadcrumb\",\"itemListElement\":[{\"@type\":\"ListItem\",\"position\":1,\"name\":\"Inicio\",\"item\":\"https:\/\/guerrerotortillas.com\/es\/\"},{\"@type\":\"ListItem\",\"position\":2,\"name\":\"Tostadas\",\"item\":\"https:\/\/guerrerotortillas.com\/es\/product-category\/tostadas\/\"},{\"@type\":\"ListItem\",\"position\":3,\"name\":\"Tostadas Norte\u00f1as Cl\u00e1sicas\"}]},{\"@type\":\"WebSite\",\"@id\":\"https:\/\/guerrerotortillas.com\/es\/#website\",\"url\":\"https:\/\/guerrerotortillas.com\/es\/\",\"name\":\"Guerrero Tortillas\",\"description\":\"\",\"potentialAction\":[{\"@type\":\"SearchAction\",\"target\":{\"@type\":\"EntryPoint\",\"urlTemplate\":\"https:\/\/guerrerotortillas.com\/es\/?s={search_term_string}\"},\"query-input\":{\"@type\":\"PropertyValueSpecification\",\"valueRequired\":true,\"valueName\":\"search_term_string\"}}],\"inLanguage\":\"es\"}]}<\/script>\n<!-- \/ Yoast SEO plugin. -->","yoast_head_json":{"title":"Tostadas Norte\u00f1as Cl\u00e1sicas - Guerrero Tortillas","description":"El delicioso sabor de las Tostadas Norte\u00f1as Cl\u00e1sicas de Guerrero complementan todas tus recetas mexicanas favoritas, desde ceviche hasta picadillo.","robots":{"index":"index","follow":"follow","max-snippet":"max-snippet:-1","max-image-preview":"max-image-preview:large","max-video-preview":"max-video-preview:-1"},"canonical":"https:\/\/guerrerotortillas.com\/es\/productos\/tostadas-nortenas-clasicas\/","og_locale":"es_ES","og_type":"article","og_title":"Tostadas Norte\u00f1as Cl\u00e1sicas - Guerrero Tortillas","og_description":"El delicioso sabor de las Tostadas Norte\u00f1as Cl\u00e1sicas de Guerrero complementan todas tus recetas mexicanas favoritas, desde ceviche hasta picadillo.","og_url":"https:\/\/guerrerotortillas.com\/es\/productos\/tostadas-nortenas-clasicas\/","og_site_name":"Guerrero Tortillas","article_modified_time":"2024-06-28T19:43:42+00:00","og_image":[{"width":1051,"height":1862,"url":"https:\/\/guerrerotortillas.com\/wp-content\/uploads\/2021\/05\/nortenas-clasicas-front.png","type":"image\/png"}],"twitter_card":"summary_large_image","schema":{"@context":"https:\/\/schema.org","@graph":[{"@type":"WebPage","@id":"https:\/\/guerrerotortillas.com\/es\/productos\/tostadas-nortenas-clasicas\/","url":"https:\/\/guerrerotortillas.com\/es\/productos\/tostadas-nortenas-clasicas\/","name":"Tostadas Norte\u00f1as Cl\u00e1sicas - Guerrero Tortillas","isPartOf":{"@id":"https:\/\/guerrerotortillas.com\/es\/#website"},"primaryImageOfPage":{"@id":"https:\/\/guerrerotortillas.com\/es\/productos\/tostadas-nortenas-clasicas\/#primaryimage"},"image":{"@id":"https:\/\/guerrerotortillas.com\/es\/productos\/tostadas-nortenas-clasicas\/#primaryimage"},"thumbnailUrl":"https:\/\/guerrerotortillas.com\/wp-content\/uploads\/2021\/05\/nortenas-clasicas-front.png","datePublished":"2021-05-18T00:55:00+00:00","dateModified":"2024-06-28T19:43:42+00:00","description":"El delicioso sabor de las Tostadas Norte\u00f1as Cl\u00e1sicas de Guerrero complementan todas tus recetas mexicanas favoritas, desde ceviche hasta picadillo.","breadcrumb":{"@id":"https:\/\/guerrerotortillas.com\/es\/productos\/tostadas-nortenas-clasicas\/#breadcrumb"},"inLanguage":"es","potentialAction":[{"@type":"ReadAction","target":["https:\/\/guerrerotortillas.com\/es\/productos\/tostadas-nortenas-clasicas\/"]}]},{"@type":"ImageObject","inLanguage":"es","@id":"https:\/\/guerrerotortillas.com\/es\/productos\/tostadas-nortenas-clasicas\/#primaryimage","url":"https:\/\/guerrerotortillas.com\/wp-content\/uploads\/2021\/05\/nortenas-clasicas-front.png","contentUrl":"https:\/\/guerrerotortillas.com\/wp-content\/uploads\/2021\/05\/nortenas-clasicas-front.png","width":1051,"height":1862},{"@type":"BreadcrumbList","@id":"https:\/\/guerrerotortillas.com\/es\/productos\/tostadas-nortenas-clasicas\/#breadcrumb","itemListElement":[{"@type":"ListItem","position":1,"name":"Inicio","item":"https:\/\/guerrerotortillas.com\/es\/"},{"@type":"ListItem","position":2,"name":"Tostadas","item":"https:\/\/guerrerotortillas.com\/es\/product-category\/tostadas\/"},{"@type":"ListItem","position":3,"name":"Tostadas Norte\u00f1as Cl\u00e1sicas"}]},{"@type":"WebSite","@id":"https:\/\/guerrerotortillas.com\/es\/#website","url":"https:\/\/guerrerotortillas.com\/es\/","name":"Guerrero Tortillas","description":"","potentialAction":[{"@type":"SearchAction","target":{"@type":"EntryPoint","urlTemplate":"https:\/\/guerrerotortillas.com\/es\/?s={search_term_string}"},"query-input":{"@type":"PropertyValueSpecification","valueRequired":true,"valueName":"search_term_string"}}],"inLanguage":"es"}]}},"_links":{"self":[{"href":"https:\/\/guerrerotortillas.com\/es\/wp-json\/wp\/v2\/product\/1721","targetHints":{"allow":["GET"]}}],"collection":[{"href":"https:\/\/guerrerotortillas.com\/es\/wp-json\/wp\/v2\/product"}],"about":[{"href":"https:\/\/guerrerotortillas.com\/es\/wp-json\/wp\/v2\/types\/product"}],"wp:featuredmedia":[{"embeddable":true,"href":"https:\/\/guerrerotortillas.com\/es\/wp-json\/wp\/v2\/media\/4252"}],"wp:attachment":[{"href":"https:\/\/guerrerotortillas.com\/es\/wp-json\/wp\/v2\/media?parent=1721"}],"wp:term":[{"taxonomy":"product_category","embeddable":true,"href":"https:\/\/guerrerotortillas.com\/es\/wp-json\/wp\/v2\/product_category?post=1721"},{"taxonomy":"product_type","embeddable":true,"href":"https:\/\/guerrerotortillas.com\/es\/wp-json\/wp\/v2\/product_type?post=1721"},{"taxonomy":"size","embeddable":true,"href":"https:\/\/guerrerotortillas.com\/es\/wp-json\/wp\/v2\/size?post=1721"},{"taxonomy":"diet_type","embeddable":true,"href":"https:\/\/guerrerotortillas.com\/es\/wp-json\/wp\/v2\/diet_type?post=1721"},{"taxonomy":"count","embeddable":true,"href":"https:\/\/guerrerotortillas.com\/es\/wp-json\/wp\/v2\/count?post=1721"}],"curies":[{"name":"wp","href":"https:\/\/api.w.org\/{rel}","templated":true}]}}