{"id":1720,"date":"2021-05-18T19:53:00","date_gmt":"2021-05-19T00:53:00","guid":{"rendered":"https:\/\/webprojects.rocks\/clientes\/alma\/guerrerofood\/wordpress\/products\/caseras-doraditas-tostadas\/"},"modified":"2024-06-28T14:38:19","modified_gmt":"2024-06-28T19:38:19","slug":"tostadas-caseras-doraditas","status":"publish","type":"product","link":"https:\/\/guerrerotortillas.com\/es\/productos\/tostadas-caseras-doraditas\/","title":{"rendered":"Caseras Doraditas"},"content":{"rendered":"\n<p>El delicioso sabor y la textura crujiente de las Tostadas Caseras Doraditas de Guerrero complementan perfectamente cualquiera de tus recetas mexicanas caseras favoritas, desde el ceviche hasta el picadillo. Preparamos nuestras tostadas con ingredientes de alta calidad y m\u00e9todos de cocci\u00f3n comprobados de comprobada eficacia, as\u00ed que siempre ser\u00e1n una adici\u00f3n aut\u00e9ntica a la mesa familiar. Adem\u00e1s, nuestras tostadas no contienen gluten, manteca, grasas trans ni colesterol. Recomendamos acompa\u00f1arlas con picadillo sazonado, frijoles refritos y queso Monterey Jack para un plato sustancioso que la familia entera disfrutar\u00e1.<\/p>\n\n\n\n<p><strong>Ingredientes:<\/strong> Harina de ma\u00edz nixtamalizado, agua, aceite vegetal comestible (algod\u00f3n, ma\u00edz, y\/o girasol), sal, hidr\u00f3xido de calcio, color caramelo.<\/p>\n","protected":false},"featured_media":4250,"template":"","product_category":[106],"product_type":[107],"size":[136],"diet_type":[147,151],"count":[108],"class_list":["post-1720","product","type-product","status-publish","has-post-thumbnail","hentry","product_category-tostadas","product_type-tostadas-es","size-5-inches","diet_type-gulten-free","diet_type-todos-tipos-dieta","count-22-count-es"],"acf":[],"yoast_head":"<!-- This site is optimized with the Yoast SEO plugin v25.2 - https:\/\/yoast.com\/wordpress\/plugins\/seo\/ -->\n<title>Caseras Doraditas - Guerrero Tortillas<\/title>\n<meta name=\"description\" content=\"Las tostadas Guerrero Caseras Doraditas tienen un sabor delicioso y un crujido satisfactorio que complementan cualquiera de sus recetas mexicanas caseras.\" \/>\n<meta name=\"robots\" content=\"index, follow, max-snippet:-1, max-image-preview:large, max-video-preview:-1\" \/>\n<link rel=\"canonical\" href=\"https:\/\/guerrerotortillas.com\/es\/productos\/tostadas-caseras-doraditas\/\" \/>\n<meta property=\"og:locale\" content=\"es_ES\" \/>\n<meta property=\"og:type\" content=\"article\" \/>\n<meta property=\"og:title\" content=\"Caseras Doraditas - Guerrero Tortillas\" \/>\n<meta property=\"og:description\" content=\"Las tostadas Guerrero Caseras Doraditas tienen un sabor delicioso y un crujido satisfactorio que complementan cualquiera de sus recetas mexicanas caseras.\" \/>\n<meta property=\"og:url\" content=\"https:\/\/guerrerotortillas.com\/es\/productos\/tostadas-caseras-doraditas\/\" \/>\n<meta property=\"og:site_name\" content=\"Guerrero Tortillas\" \/>\n<meta property=\"article:modified_time\" content=\"2024-06-28T19:38:19+00:00\" \/>\n<meta property=\"og:image\" content=\"https:\/\/guerrerotortillas.com\/wp-content\/uploads\/2021\/05\/caseras-doraditas-front-updated.png\" \/>\n\t<meta property=\"og:image:width\" content=\"600\" \/>\n\t<meta property=\"og:image:height\" content=\"1063\" \/>\n\t<meta property=\"og:image:type\" content=\"image\/png\" \/>\n<meta name=\"twitter:card\" content=\"summary_large_image\" \/>\n<script type=\"application\/ld+json\" class=\"yoast-schema-graph\">{\"@context\":\"https:\/\/schema.org\",\"@graph\":[{\"@type\":\"WebPage\",\"@id\":\"https:\/\/guerrerotortillas.com\/es\/productos\/tostadas-caseras-doraditas\/\",\"url\":\"https:\/\/guerrerotortillas.com\/es\/productos\/tostadas-caseras-doraditas\/\",\"name\":\"Caseras Doraditas - Guerrero Tortillas\",\"isPartOf\":{\"@id\":\"https:\/\/guerrerotortillas.com\/es\/#website\"},\"primaryImageOfPage\":{\"@id\":\"https:\/\/guerrerotortillas.com\/es\/productos\/tostadas-caseras-doraditas\/#primaryimage\"},\"image\":{\"@id\":\"https:\/\/guerrerotortillas.com\/es\/productos\/tostadas-caseras-doraditas\/#primaryimage\"},\"thumbnailUrl\":\"https:\/\/guerrerotortillas.com\/wp-content\/uploads\/2021\/05\/caseras-doraditas-front-updated.png\",\"datePublished\":\"2021-05-19T00:53:00+00:00\",\"dateModified\":\"2024-06-28T19:38:19+00:00\",\"description\":\"Las tostadas Guerrero Caseras Doraditas tienen un sabor delicioso y un crujido satisfactorio que complementan cualquiera de sus recetas mexicanas caseras.\",\"breadcrumb\":{\"@id\":\"https:\/\/guerrerotortillas.com\/es\/productos\/tostadas-caseras-doraditas\/#breadcrumb\"},\"inLanguage\":\"es\",\"potentialAction\":[{\"@type\":\"ReadAction\",\"target\":[\"https:\/\/guerrerotortillas.com\/es\/productos\/tostadas-caseras-doraditas\/\"]}]},{\"@type\":\"ImageObject\",\"inLanguage\":\"es\",\"@id\":\"https:\/\/guerrerotortillas.com\/es\/productos\/tostadas-caseras-doraditas\/#primaryimage\",\"url\":\"https:\/\/guerrerotortillas.com\/wp-content\/uploads\/2021\/05\/caseras-doraditas-front-updated.png\",\"contentUrl\":\"https:\/\/guerrerotortillas.com\/wp-content\/uploads\/2021\/05\/caseras-doraditas-front-updated.png\",\"width\":600,\"height\":1063},{\"@type\":\"BreadcrumbList\",\"@id\":\"https:\/\/guerrerotortillas.com\/es\/productos\/tostadas-caseras-doraditas\/#breadcrumb\",\"itemListElement\":[{\"@type\":\"ListItem\",\"position\":1,\"name\":\"Inicio\",\"item\":\"https:\/\/guerrerotortillas.com\/es\/\"},{\"@type\":\"ListItem\",\"position\":2,\"name\":\"Tostadas\",\"item\":\"https:\/\/guerrerotortillas.com\/es\/product-category\/tostadas\/\"},{\"@type\":\"ListItem\",\"position\":3,\"name\":\"Caseras Doraditas\"}]},{\"@type\":\"WebSite\",\"@id\":\"https:\/\/guerrerotortillas.com\/es\/#website\",\"url\":\"https:\/\/guerrerotortillas.com\/es\/\",\"name\":\"Guerrero Tortillas\",\"description\":\"\",\"potentialAction\":[{\"@type\":\"SearchAction\",\"target\":{\"@type\":\"EntryPoint\",\"urlTemplate\":\"https:\/\/guerrerotortillas.com\/es\/?s={search_term_string}\"},\"query-input\":{\"@type\":\"PropertyValueSpecification\",\"valueRequired\":true,\"valueName\":\"search_term_string\"}}],\"inLanguage\":\"es\"}]}<\/script>\n<!-- \/ Yoast SEO plugin. -->","yoast_head_json":{"title":"Caseras Doraditas - Guerrero Tortillas","description":"Las tostadas Guerrero Caseras Doraditas tienen un sabor delicioso y un crujido satisfactorio que complementan cualquiera de sus recetas mexicanas caseras.","robots":{"index":"index","follow":"follow","max-snippet":"max-snippet:-1","max-image-preview":"max-image-preview:large","max-video-preview":"max-video-preview:-1"},"canonical":"https:\/\/guerrerotortillas.com\/es\/productos\/tostadas-caseras-doraditas\/","og_locale":"es_ES","og_type":"article","og_title":"Caseras Doraditas - Guerrero Tortillas","og_description":"Las tostadas Guerrero Caseras Doraditas tienen un sabor delicioso y un crujido satisfactorio que complementan cualquiera de sus recetas mexicanas caseras.","og_url":"https:\/\/guerrerotortillas.com\/es\/productos\/tostadas-caseras-doraditas\/","og_site_name":"Guerrero Tortillas","article_modified_time":"2024-06-28T19:38:19+00:00","og_image":[{"width":600,"height":1063,"url":"https:\/\/guerrerotortillas.com\/wp-content\/uploads\/2021\/05\/caseras-doraditas-front-updated.png","type":"image\/png"}],"twitter_card":"summary_large_image","schema":{"@context":"https:\/\/schema.org","@graph":[{"@type":"WebPage","@id":"https:\/\/guerrerotortillas.com\/es\/productos\/tostadas-caseras-doraditas\/","url":"https:\/\/guerrerotortillas.com\/es\/productos\/tostadas-caseras-doraditas\/","name":"Caseras Doraditas - Guerrero Tortillas","isPartOf":{"@id":"https:\/\/guerrerotortillas.com\/es\/#website"},"primaryImageOfPage":{"@id":"https:\/\/guerrerotortillas.com\/es\/productos\/tostadas-caseras-doraditas\/#primaryimage"},"image":{"@id":"https:\/\/guerrerotortillas.com\/es\/productos\/tostadas-caseras-doraditas\/#primaryimage"},"thumbnailUrl":"https:\/\/guerrerotortillas.com\/wp-content\/uploads\/2021\/05\/caseras-doraditas-front-updated.png","datePublished":"2021-05-19T00:53:00+00:00","dateModified":"2024-06-28T19:38:19+00:00","description":"Las tostadas Guerrero Caseras Doraditas tienen un sabor delicioso y un crujido satisfactorio que complementan cualquiera de sus recetas mexicanas caseras.","breadcrumb":{"@id":"https:\/\/guerrerotortillas.com\/es\/productos\/tostadas-caseras-doraditas\/#breadcrumb"},"inLanguage":"es","potentialAction":[{"@type":"ReadAction","target":["https:\/\/guerrerotortillas.com\/es\/productos\/tostadas-caseras-doraditas\/"]}]},{"@type":"ImageObject","inLanguage":"es","@id":"https:\/\/guerrerotortillas.com\/es\/productos\/tostadas-caseras-doraditas\/#primaryimage","url":"https:\/\/guerrerotortillas.com\/wp-content\/uploads\/2021\/05\/caseras-doraditas-front-updated.png","contentUrl":"https:\/\/guerrerotortillas.com\/wp-content\/uploads\/2021\/05\/caseras-doraditas-front-updated.png","width":600,"height":1063},{"@type":"BreadcrumbList","@id":"https:\/\/guerrerotortillas.com\/es\/productos\/tostadas-caseras-doraditas\/#breadcrumb","itemListElement":[{"@type":"ListItem","position":1,"name":"Inicio","item":"https:\/\/guerrerotortillas.com\/es\/"},{"@type":"ListItem","position":2,"name":"Tostadas","item":"https:\/\/guerrerotortillas.com\/es\/product-category\/tostadas\/"},{"@type":"ListItem","position":3,"name":"Caseras Doraditas"}]},{"@type":"WebSite","@id":"https:\/\/guerrerotortillas.com\/es\/#website","url":"https:\/\/guerrerotortillas.com\/es\/","name":"Guerrero Tortillas","description":"","potentialAction":[{"@type":"SearchAction","target":{"@type":"EntryPoint","urlTemplate":"https:\/\/guerrerotortillas.com\/es\/?s={search_term_string}"},"query-input":{"@type":"PropertyValueSpecification","valueRequired":true,"valueName":"search_term_string"}}],"inLanguage":"es"}]}},"_links":{"self":[{"href":"https:\/\/guerrerotortillas.com\/es\/wp-json\/wp\/v2\/product\/1720","targetHints":{"allow":["GET"]}}],"collection":[{"href":"https:\/\/guerrerotortillas.com\/es\/wp-json\/wp\/v2\/product"}],"about":[{"href":"https:\/\/guerrerotortillas.com\/es\/wp-json\/wp\/v2\/types\/product"}],"wp:featuredmedia":[{"embeddable":true,"href":"https:\/\/guerrerotortillas.com\/es\/wp-json\/wp\/v2\/media\/4250"}],"wp:attachment":[{"href":"https:\/\/guerrerotortillas.com\/es\/wp-json\/wp\/v2\/media?parent=1720"}],"wp:term":[{"taxonomy":"product_category","embeddable":true,"href":"https:\/\/guerrerotortillas.com\/es\/wp-json\/wp\/v2\/product_category?post=1720"},{"taxonomy":"product_type","embeddable":true,"href":"https:\/\/guerrerotortillas.com\/es\/wp-json\/wp\/v2\/product_type?post=1720"},{"taxonomy":"size","embeddable":true,"href":"https:\/\/guerrerotortillas.com\/es\/wp-json\/wp\/v2\/size?post=1720"},{"taxonomy":"diet_type","embeddable":true,"href":"https:\/\/guerrerotortillas.com\/es\/wp-json\/wp\/v2\/diet_type?post=1720"},{"taxonomy":"count","embeddable":true,"href":"https:\/\/guerrerotortillas.com\/es\/wp-json\/wp\/v2\/count?post=1720"}],"curies":[{"name":"wp","href":"https:\/\/api.w.org\/{rel}","templated":true}]}}