{"id":1716,"date":"2021-05-23T19:20:00","date_gmt":"2021-05-24T00:20:00","guid":{"rendered":"https:\/\/webprojects.rocks\/clientes\/alma\/guerrerofood\/wordpress\/products\/fresqui-ricas-soft-taco-flour-tortillas\/"},"modified":"2026-02-20T12:27:00","modified_gmt":"2026-02-20T17:27:00","slug":"tortillas-de-harina-fresqui-ricas-soft-taco","status":"publish","type":"product","link":"https:\/\/guerrerotortillas.com\/es\/productos\/tortillas-de-harina-fresqui-ricas-soft-taco\/","title":{"rendered":"Tortillas de Harina Fresqui-ricas Listas para Cocinar Soft Taco"},"content":{"rendered":"\n<p>Con nuestras Tortillas de harina Fresqui-ricas de Guerrero listas para cocinar podr\u00e1s lograr ese gran sabor de las tortillas caseras sin esfuerzo. Solo cali\u00e9ntalas en un sart\u00e9n y estar\u00e1n listas para servir en 90 segundos. Usamos solo ingredientes de alta calidad y m\u00e9todos de cocci\u00f3n comprobados. Nuestras tortillas tienen certificaci\u00f3n kosher y no contienen manteca, grasas trans ni colesterol. Recomendamos a\u00f1adir mantequilla, canela y az\u00facar para preparar unos deliciosos bu\u00f1uelos.<\/p>\n","protected":false},"featured_media":4985,"template":"","product_category":[84],"product_type":[79],"size":[81],"diet_type":[151],"count":[82],"class_list":["post-1716","product","type-product","status-publish","has-post-thumbnail","hentry","product_category-tortillas-de-harina","product_type-tortillas-es","size-8-inches-es","diet_type-todos-tipos-dieta","count-10-count-es"],"acf":[],"yoast_head":"<!-- This site is optimized with the Yoast SEO plugin v25.2 - https:\/\/yoast.com\/wordpress\/plugins\/seo\/ -->\n<title>Tortillas de Harina Fresqui-ricas Listas para Cocinar Soft Taco - Guerrero Tortillas<\/title>\n<meta name=\"description\" content=\"Con nuestras Tortillas de harina Fresqui-ricas de Guerrero listas para cocinar podr\u00e1s lograr ese gran sabor de las tortillas caseras sin esfuerzo.\" \/>\n<meta name=\"robots\" content=\"index, follow, max-snippet:-1, max-image-preview:large, max-video-preview:-1\" \/>\n<link rel=\"canonical\" href=\"https:\/\/guerrerotortillas.com\/es\/productos\/tortillas-de-harina-fresqui-ricas-soft-taco\/\" \/>\n<meta property=\"og:locale\" content=\"es_ES\" \/>\n<meta property=\"og:type\" content=\"article\" \/>\n<meta property=\"og:title\" content=\"Tortillas de Harina Fresqui-ricas Listas para Cocinar Soft Taco - Guerrero Tortillas\" \/>\n<meta property=\"og:description\" content=\"Con nuestras Tortillas de harina Fresqui-ricas de Guerrero listas para cocinar podr\u00e1s lograr ese gran sabor de las tortillas caseras sin esfuerzo.\" \/>\n<meta property=\"og:url\" content=\"https:\/\/guerrerotortillas.com\/es\/productos\/tortillas-de-harina-fresqui-ricas-soft-taco\/\" \/>\n<meta property=\"og:site_name\" content=\"Guerrero Tortillas\" \/>\n<meta property=\"article:modified_time\" content=\"2026-02-20T17:27:00+00:00\" \/>\n<meta property=\"og:image\" content=\"https:\/\/guerrerotortillas.com\/wp-content\/uploads\/2021\/05\/prod-fresqui-ricas-flour-front-new-785x1024.png\" \/>\n\t<meta property=\"og:image:width\" content=\"785\" \/>\n\t<meta property=\"og:image:height\" content=\"1024\" \/>\n\t<meta property=\"og:image:type\" content=\"image\/png\" \/>\n<meta name=\"twitter:card\" content=\"summary_large_image\" \/>\n<script type=\"application\/ld+json\" class=\"yoast-schema-graph\">{\"@context\":\"https:\/\/schema.org\",\"@graph\":[{\"@type\":\"WebPage\",\"@id\":\"https:\/\/guerrerotortillas.com\/es\/productos\/tortillas-de-harina-fresqui-ricas-soft-taco\/\",\"url\":\"https:\/\/guerrerotortillas.com\/es\/productos\/tortillas-de-harina-fresqui-ricas-soft-taco\/\",\"name\":\"Tortillas de Harina Fresqui-ricas Listas para Cocinar Soft Taco - Guerrero Tortillas\",\"isPartOf\":{\"@id\":\"https:\/\/guerrerotortillas.com\/es\/#website\"},\"primaryImageOfPage\":{\"@id\":\"https:\/\/guerrerotortillas.com\/es\/productos\/tortillas-de-harina-fresqui-ricas-soft-taco\/#primaryimage\"},\"image\":{\"@id\":\"https:\/\/guerrerotortillas.com\/es\/productos\/tortillas-de-harina-fresqui-ricas-soft-taco\/#primaryimage\"},\"thumbnailUrl\":\"https:\/\/guerrerotortillas.com\/wp-content\/uploads\/2021\/05\/prod-fresqui-ricas-flour-front-new.png\",\"datePublished\":\"2021-05-24T00:20:00+00:00\",\"dateModified\":\"2026-02-20T17:27:00+00:00\",\"description\":\"Con nuestras Tortillas de harina Fresqui-ricas de Guerrero listas para cocinar podr\u00e1s lograr ese gran sabor de las tortillas caseras sin esfuerzo.\",\"breadcrumb\":{\"@id\":\"https:\/\/guerrerotortillas.com\/es\/productos\/tortillas-de-harina-fresqui-ricas-soft-taco\/#breadcrumb\"},\"inLanguage\":\"es\",\"potentialAction\":[{\"@type\":\"ReadAction\",\"target\":[\"https:\/\/guerrerotortillas.com\/es\/productos\/tortillas-de-harina-fresqui-ricas-soft-taco\/\"]}]},{\"@type\":\"ImageObject\",\"inLanguage\":\"es\",\"@id\":\"https:\/\/guerrerotortillas.com\/es\/productos\/tortillas-de-harina-fresqui-ricas-soft-taco\/#primaryimage\",\"url\":\"https:\/\/guerrerotortillas.com\/wp-content\/uploads\/2021\/05\/prod-fresqui-ricas-flour-front-new.png\",\"contentUrl\":\"https:\/\/guerrerotortillas.com\/wp-content\/uploads\/2021\/05\/prod-fresqui-ricas-flour-front-new.png\",\"width\":1600,\"height\":2086},{\"@type\":\"BreadcrumbList\",\"@id\":\"https:\/\/guerrerotortillas.com\/es\/productos\/tortillas-de-harina-fresqui-ricas-soft-taco\/#breadcrumb\",\"itemListElement\":[{\"@type\":\"ListItem\",\"position\":1,\"name\":\"Inicio\",\"item\":\"https:\/\/guerrerotortillas.com\/es\/\"},{\"@type\":\"ListItem\",\"position\":2,\"name\":\"Tortillas de Harina\",\"item\":\"https:\/\/guerrerotortillas.com\/es\/product-category\/tortillas-de-harina\/\"},{\"@type\":\"ListItem\",\"position\":3,\"name\":\"Tortillas de Harina Fresqui-ricas Listas para Cocinar Soft Taco\"}]},{\"@type\":\"WebSite\",\"@id\":\"https:\/\/guerrerotortillas.com\/es\/#website\",\"url\":\"https:\/\/guerrerotortillas.com\/es\/\",\"name\":\"Guerrero Tortillas\",\"description\":\"\",\"potentialAction\":[{\"@type\":\"SearchAction\",\"target\":{\"@type\":\"EntryPoint\",\"urlTemplate\":\"https:\/\/guerrerotortillas.com\/es\/?s={search_term_string}\"},\"query-input\":{\"@type\":\"PropertyValueSpecification\",\"valueRequired\":true,\"valueName\":\"search_term_string\"}}],\"inLanguage\":\"es\"}]}<\/script>\n<!-- \/ Yoast SEO plugin. -->","yoast_head_json":{"title":"Tortillas de Harina Fresqui-ricas Listas para Cocinar Soft Taco - Guerrero Tortillas","description":"Con nuestras Tortillas de harina Fresqui-ricas de Guerrero listas para cocinar podr\u00e1s lograr ese gran sabor de las tortillas caseras sin esfuerzo.","robots":{"index":"index","follow":"follow","max-snippet":"max-snippet:-1","max-image-preview":"max-image-preview:large","max-video-preview":"max-video-preview:-1"},"canonical":"https:\/\/guerrerotortillas.com\/es\/productos\/tortillas-de-harina-fresqui-ricas-soft-taco\/","og_locale":"es_ES","og_type":"article","og_title":"Tortillas de Harina Fresqui-ricas Listas para Cocinar Soft Taco - Guerrero Tortillas","og_description":"Con nuestras Tortillas de harina Fresqui-ricas de Guerrero listas para cocinar podr\u00e1s lograr ese gran sabor de las tortillas caseras sin esfuerzo.","og_url":"https:\/\/guerrerotortillas.com\/es\/productos\/tortillas-de-harina-fresqui-ricas-soft-taco\/","og_site_name":"Guerrero Tortillas","article_modified_time":"2026-02-20T17:27:00+00:00","og_image":[{"width":785,"height":1024,"url":"https:\/\/guerrerotortillas.com\/wp-content\/uploads\/2021\/05\/prod-fresqui-ricas-flour-front-new-785x1024.png","type":"image\/png"}],"twitter_card":"summary_large_image","schema":{"@context":"https:\/\/schema.org","@graph":[{"@type":"WebPage","@id":"https:\/\/guerrerotortillas.com\/es\/productos\/tortillas-de-harina-fresqui-ricas-soft-taco\/","url":"https:\/\/guerrerotortillas.com\/es\/productos\/tortillas-de-harina-fresqui-ricas-soft-taco\/","name":"Tortillas de Harina Fresqui-ricas Listas para Cocinar Soft Taco - Guerrero Tortillas","isPartOf":{"@id":"https:\/\/guerrerotortillas.com\/es\/#website"},"primaryImageOfPage":{"@id":"https:\/\/guerrerotortillas.com\/es\/productos\/tortillas-de-harina-fresqui-ricas-soft-taco\/#primaryimage"},"image":{"@id":"https:\/\/guerrerotortillas.com\/es\/productos\/tortillas-de-harina-fresqui-ricas-soft-taco\/#primaryimage"},"thumbnailUrl":"https:\/\/guerrerotortillas.com\/wp-content\/uploads\/2021\/05\/prod-fresqui-ricas-flour-front-new.png","datePublished":"2021-05-24T00:20:00+00:00","dateModified":"2026-02-20T17:27:00+00:00","description":"Con nuestras Tortillas de harina Fresqui-ricas de Guerrero listas para cocinar podr\u00e1s lograr ese gran sabor de las tortillas caseras sin esfuerzo.","breadcrumb":{"@id":"https:\/\/guerrerotortillas.com\/es\/productos\/tortillas-de-harina-fresqui-ricas-soft-taco\/#breadcrumb"},"inLanguage":"es","potentialAction":[{"@type":"ReadAction","target":["https:\/\/guerrerotortillas.com\/es\/productos\/tortillas-de-harina-fresqui-ricas-soft-taco\/"]}]},{"@type":"ImageObject","inLanguage":"es","@id":"https:\/\/guerrerotortillas.com\/es\/productos\/tortillas-de-harina-fresqui-ricas-soft-taco\/#primaryimage","url":"https:\/\/guerrerotortillas.com\/wp-content\/uploads\/2021\/05\/prod-fresqui-ricas-flour-front-new.png","contentUrl":"https:\/\/guerrerotortillas.com\/wp-content\/uploads\/2021\/05\/prod-fresqui-ricas-flour-front-new.png","width":1600,"height":2086},{"@type":"BreadcrumbList","@id":"https:\/\/guerrerotortillas.com\/es\/productos\/tortillas-de-harina-fresqui-ricas-soft-taco\/#breadcrumb","itemListElement":[{"@type":"ListItem","position":1,"name":"Inicio","item":"https:\/\/guerrerotortillas.com\/es\/"},{"@type":"ListItem","position":2,"name":"Tortillas de Harina","item":"https:\/\/guerrerotortillas.com\/es\/product-category\/tortillas-de-harina\/"},{"@type":"ListItem","position":3,"name":"Tortillas de Harina Fresqui-ricas Listas para Cocinar Soft Taco"}]},{"@type":"WebSite","@id":"https:\/\/guerrerotortillas.com\/es\/#website","url":"https:\/\/guerrerotortillas.com\/es\/","name":"Guerrero Tortillas","description":"","potentialAction":[{"@type":"SearchAction","target":{"@type":"EntryPoint","urlTemplate":"https:\/\/guerrerotortillas.com\/es\/?s={search_term_string}"},"query-input":{"@type":"PropertyValueSpecification","valueRequired":true,"valueName":"search_term_string"}}],"inLanguage":"es"}]}},"_links":{"self":[{"href":"https:\/\/guerrerotortillas.com\/es\/wp-json\/wp\/v2\/product\/1716","targetHints":{"allow":["GET"]}}],"collection":[{"href":"https:\/\/guerrerotortillas.com\/es\/wp-json\/wp\/v2\/product"}],"about":[{"href":"https:\/\/guerrerotortillas.com\/es\/wp-json\/wp\/v2\/types\/product"}],"wp:featuredmedia":[{"embeddable":true,"href":"https:\/\/guerrerotortillas.com\/es\/wp-json\/wp\/v2\/media\/4985"}],"wp:attachment":[{"href":"https:\/\/guerrerotortillas.com\/es\/wp-json\/wp\/v2\/media?parent=1716"}],"wp:term":[{"taxonomy":"product_category","embeddable":true,"href":"https:\/\/guerrerotortillas.com\/es\/wp-json\/wp\/v2\/product_category?post=1716"},{"taxonomy":"product_type","embeddable":true,"href":"https:\/\/guerrerotortillas.com\/es\/wp-json\/wp\/v2\/product_type?post=1716"},{"taxonomy":"size","embeddable":true,"href":"https:\/\/guerrerotortillas.com\/es\/wp-json\/wp\/v2\/size?post=1716"},{"taxonomy":"diet_type","embeddable":true,"href":"https:\/\/guerrerotortillas.com\/es\/wp-json\/wp\/v2\/diet_type?post=1716"},{"taxonomy":"count","embeddable":true,"href":"https:\/\/guerrerotortillas.com\/es\/wp-json\/wp\/v2\/count?post=1716"}],"curies":[{"name":"wp","href":"https:\/\/api.w.org\/{rel}","templated":true}]}}