{"id":1715,"date":"2021-05-24T19:14:00","date_gmt":"2021-05-25T00:14:00","guid":{"rendered":"https:\/\/webprojects.rocks\/clientes\/alma\/guerrerofood\/wordpress\/products\/caseras-burrito-flour-tortillas\/"},"modified":"2026-02-20T18:14:56","modified_gmt":"2026-02-20T23:14:56","slug":"tortillas-de-harina-caseras-burrito","status":"publish","type":"product","link":"https:\/\/guerrerotortillas.com\/es\/productos\/tortillas-de-harina-caseras-burrito\/","title":{"rendered":"Tortillas de Harina Caseras"},"content":{"rendered":"\n<p>Con textura m\u00e1s suave que nunca y sabor aut\u00e9ntico, nuestras Tortillas Caseras de Harina para Burritos son la adici\u00f3n perfecta a cualquier mesa. Desde siempre, Guerrero ha hecho tortillas con ingredientes de alta calidad y t\u00e9cnicas de cocci\u00f3n comprobadas por lo que puedes estar seguro de que merecen ser parte de todas las recetas mexicanas tradicionales de tu familia. Adem\u00e1s, son una opci\u00f3n saludable, ya que tienen certificaci\u00f3n kosher y no contienen manteca, grasas trans ni colesterol. Te recomendamos que prepares nuestras tortillas tama\u00f1o burrito con cualquiera de tus ingredientes favoritos, desde pescado frito hasta picadillo.<\/p>\n\n\n\n<p><strong>Ingredientes:<\/strong> Harina Blanqueada y Enriquecida (Harina, Niacina, Hierro, Mononitrato de Tiamina, Riboflavina, \u00e1cido F\u2000lico), Agua, Aceite Vegetal (Aceites de Soya Interesterificado e<br>Hidrogenado), Contiene 2% o menos de: Sal, Az\u00facar, Bicarbonato de Sodio, \u00e1cido Pirofosf\u00e1tico de Sodio, Monoglic\u00e9ridos Destilados, Goma de Celulosa, GomaGuar, \u00e1cido Fum\u00e1rico, y<br>Propionato de Calcio y \u00e1cido S\u00f3rbico (para Mantener la Frescura).<\/p>\n","protected":false},"featured_media":4813,"template":"","product_category":[84,96],"product_type":[79],"size":[140],"diet_type":[151],"count":[83,87],"class_list":["post-1715","product","type-product","status-publish","has-post-thumbnail","hentry","product_category-tortillas-de-harina","product_category-caseras-fajita-flour-tortillas-es","product_type-tortillas-es","size-9-5-inches","diet_type-todos-tipos-dieta","count-8-count-es","count-24-count-es"],"acf":[],"yoast_head":"<!-- This site is optimized with the Yoast SEO plugin v25.2 - https:\/\/yoast.com\/wordpress\/plugins\/seo\/ -->\n<title>Tortillas de Harina Caseras - Guerrero Tortillas<\/title>\n<meta name=\"description\" content=\"Con aut\u00e9ntico sabor, nuestras Tortillas Caseras de Harina para Burritos combinan perfectamente con todas las recetas mexicanas tradicionales de su familia.\" \/>\n<meta name=\"robots\" content=\"index, follow, max-snippet:-1, max-image-preview:large, max-video-preview:-1\" \/>\n<link rel=\"canonical\" href=\"https:\/\/guerrerotortillas.com\/es\/productos\/tortillas-de-harina-caseras-burrito\/\" \/>\n<meta property=\"og:locale\" content=\"es_ES\" \/>\n<meta property=\"og:type\" content=\"article\" \/>\n<meta property=\"og:title\" content=\"Tortillas de Harina Caseras - Guerrero Tortillas\" \/>\n<meta property=\"og:description\" content=\"Con aut\u00e9ntico sabor, nuestras Tortillas Caseras de Harina para Burritos combinan perfectamente con todas las recetas mexicanas tradicionales de su familia.\" \/>\n<meta property=\"og:url\" content=\"https:\/\/guerrerotortillas.com\/es\/productos\/tortillas-de-harina-caseras-burrito\/\" \/>\n<meta property=\"og:site_name\" content=\"Guerrero Tortillas\" \/>\n<meta property=\"article:modified_time\" content=\"2026-02-20T23:14:56+00:00\" \/>\n<meta property=\"og:image\" content=\"https:\/\/guerrerotortillas.com\/wp-content\/uploads\/2021\/05\/product-caseras-burrito-8-front-763x1024.png\" \/>\n\t<meta property=\"og:image:width\" content=\"763\" \/>\n\t<meta property=\"og:image:height\" content=\"1024\" \/>\n\t<meta property=\"og:image:type\" content=\"image\/png\" \/>\n<meta name=\"twitter:card\" content=\"summary_large_image\" \/>\n<script type=\"application\/ld+json\" class=\"yoast-schema-graph\">{\"@context\":\"https:\/\/schema.org\",\"@graph\":[{\"@type\":\"WebPage\",\"@id\":\"https:\/\/guerrerotortillas.com\/es\/productos\/tortillas-de-harina-caseras-burrito\/\",\"url\":\"https:\/\/guerrerotortillas.com\/es\/productos\/tortillas-de-harina-caseras-burrito\/\",\"name\":\"Tortillas de Harina Caseras - Guerrero Tortillas\",\"isPartOf\":{\"@id\":\"https:\/\/guerrerotortillas.com\/es\/#website\"},\"primaryImageOfPage\":{\"@id\":\"https:\/\/guerrerotortillas.com\/es\/productos\/tortillas-de-harina-caseras-burrito\/#primaryimage\"},\"image\":{\"@id\":\"https:\/\/guerrerotortillas.com\/es\/productos\/tortillas-de-harina-caseras-burrito\/#primaryimage\"},\"thumbnailUrl\":\"https:\/\/guerrerotortillas.com\/wp-content\/uploads\/2021\/05\/product-caseras-burrito-8-front.png\",\"datePublished\":\"2021-05-25T00:14:00+00:00\",\"dateModified\":\"2026-02-20T23:14:56+00:00\",\"description\":\"Con aut\u00e9ntico sabor, nuestras Tortillas Caseras de Harina para Burritos combinan perfectamente con todas las recetas mexicanas tradicionales de su familia.\",\"breadcrumb\":{\"@id\":\"https:\/\/guerrerotortillas.com\/es\/productos\/tortillas-de-harina-caseras-burrito\/#breadcrumb\"},\"inLanguage\":\"es\",\"potentialAction\":[{\"@type\":\"ReadAction\",\"target\":[\"https:\/\/guerrerotortillas.com\/es\/productos\/tortillas-de-harina-caseras-burrito\/\"]}]},{\"@type\":\"ImageObject\",\"inLanguage\":\"es\",\"@id\":\"https:\/\/guerrerotortillas.com\/es\/productos\/tortillas-de-harina-caseras-burrito\/#primaryimage\",\"url\":\"https:\/\/guerrerotortillas.com\/wp-content\/uploads\/2021\/05\/product-caseras-burrito-8-front.png\",\"contentUrl\":\"https:\/\/guerrerotortillas.com\/wp-content\/uploads\/2021\/05\/product-caseras-burrito-8-front.png\",\"width\":1774,\"height\":2380},{\"@type\":\"BreadcrumbList\",\"@id\":\"https:\/\/guerrerotortillas.com\/es\/productos\/tortillas-de-harina-caseras-burrito\/#breadcrumb\",\"itemListElement\":[{\"@type\":\"ListItem\",\"position\":1,\"name\":\"Inicio\",\"item\":\"https:\/\/guerrerotortillas.com\/es\/\"},{\"@type\":\"ListItem\",\"position\":2,\"name\":\"Tortillas de Harina\",\"item\":\"https:\/\/guerrerotortillas.com\/es\/product-category\/tortillas-de-harina\/\"},{\"@type\":\"ListItem\",\"position\":3,\"name\":\"Tortillas de Harina Caseras\"}]},{\"@type\":\"WebSite\",\"@id\":\"https:\/\/guerrerotortillas.com\/es\/#website\",\"url\":\"https:\/\/guerrerotortillas.com\/es\/\",\"name\":\"Guerrero Tortillas\",\"description\":\"\",\"potentialAction\":[{\"@type\":\"SearchAction\",\"target\":{\"@type\":\"EntryPoint\",\"urlTemplate\":\"https:\/\/guerrerotortillas.com\/es\/?s={search_term_string}\"},\"query-input\":{\"@type\":\"PropertyValueSpecification\",\"valueRequired\":true,\"valueName\":\"search_term_string\"}}],\"inLanguage\":\"es\"}]}<\/script>\n<!-- \/ Yoast SEO plugin. -->","yoast_head_json":{"title":"Tortillas de Harina Caseras - Guerrero Tortillas","description":"Con aut\u00e9ntico sabor, nuestras Tortillas Caseras de Harina para Burritos combinan perfectamente con todas las recetas mexicanas tradicionales de su familia.","robots":{"index":"index","follow":"follow","max-snippet":"max-snippet:-1","max-image-preview":"max-image-preview:large","max-video-preview":"max-video-preview:-1"},"canonical":"https:\/\/guerrerotortillas.com\/es\/productos\/tortillas-de-harina-caseras-burrito\/","og_locale":"es_ES","og_type":"article","og_title":"Tortillas de Harina Caseras - Guerrero Tortillas","og_description":"Con aut\u00e9ntico sabor, nuestras Tortillas Caseras de Harina para Burritos combinan perfectamente con todas las recetas mexicanas tradicionales de su familia.","og_url":"https:\/\/guerrerotortillas.com\/es\/productos\/tortillas-de-harina-caseras-burrito\/","og_site_name":"Guerrero Tortillas","article_modified_time":"2026-02-20T23:14:56+00:00","og_image":[{"width":763,"height":1024,"url":"https:\/\/guerrerotortillas.com\/wp-content\/uploads\/2021\/05\/product-caseras-burrito-8-front-763x1024.png","type":"image\/png"}],"twitter_card":"summary_large_image","schema":{"@context":"https:\/\/schema.org","@graph":[{"@type":"WebPage","@id":"https:\/\/guerrerotortillas.com\/es\/productos\/tortillas-de-harina-caseras-burrito\/","url":"https:\/\/guerrerotortillas.com\/es\/productos\/tortillas-de-harina-caseras-burrito\/","name":"Tortillas de Harina Caseras - Guerrero Tortillas","isPartOf":{"@id":"https:\/\/guerrerotortillas.com\/es\/#website"},"primaryImageOfPage":{"@id":"https:\/\/guerrerotortillas.com\/es\/productos\/tortillas-de-harina-caseras-burrito\/#primaryimage"},"image":{"@id":"https:\/\/guerrerotortillas.com\/es\/productos\/tortillas-de-harina-caseras-burrito\/#primaryimage"},"thumbnailUrl":"https:\/\/guerrerotortillas.com\/wp-content\/uploads\/2021\/05\/product-caseras-burrito-8-front.png","datePublished":"2021-05-25T00:14:00+00:00","dateModified":"2026-02-20T23:14:56+00:00","description":"Con aut\u00e9ntico sabor, nuestras Tortillas Caseras de Harina para Burritos combinan perfectamente con todas las recetas mexicanas tradicionales de su familia.","breadcrumb":{"@id":"https:\/\/guerrerotortillas.com\/es\/productos\/tortillas-de-harina-caseras-burrito\/#breadcrumb"},"inLanguage":"es","potentialAction":[{"@type":"ReadAction","target":["https:\/\/guerrerotortillas.com\/es\/productos\/tortillas-de-harina-caseras-burrito\/"]}]},{"@type":"ImageObject","inLanguage":"es","@id":"https:\/\/guerrerotortillas.com\/es\/productos\/tortillas-de-harina-caseras-burrito\/#primaryimage","url":"https:\/\/guerrerotortillas.com\/wp-content\/uploads\/2021\/05\/product-caseras-burrito-8-front.png","contentUrl":"https:\/\/guerrerotortillas.com\/wp-content\/uploads\/2021\/05\/product-caseras-burrito-8-front.png","width":1774,"height":2380},{"@type":"BreadcrumbList","@id":"https:\/\/guerrerotortillas.com\/es\/productos\/tortillas-de-harina-caseras-burrito\/#breadcrumb","itemListElement":[{"@type":"ListItem","position":1,"name":"Inicio","item":"https:\/\/guerrerotortillas.com\/es\/"},{"@type":"ListItem","position":2,"name":"Tortillas de Harina","item":"https:\/\/guerrerotortillas.com\/es\/product-category\/tortillas-de-harina\/"},{"@type":"ListItem","position":3,"name":"Tortillas de Harina Caseras"}]},{"@type":"WebSite","@id":"https:\/\/guerrerotortillas.com\/es\/#website","url":"https:\/\/guerrerotortillas.com\/es\/","name":"Guerrero Tortillas","description":"","potentialAction":[{"@type":"SearchAction","target":{"@type":"EntryPoint","urlTemplate":"https:\/\/guerrerotortillas.com\/es\/?s={search_term_string}"},"query-input":{"@type":"PropertyValueSpecification","valueRequired":true,"valueName":"search_term_string"}}],"inLanguage":"es"}]}},"_links":{"self":[{"href":"https:\/\/guerrerotortillas.com\/es\/wp-json\/wp\/v2\/product\/1715","targetHints":{"allow":["GET"]}}],"collection":[{"href":"https:\/\/guerrerotortillas.com\/es\/wp-json\/wp\/v2\/product"}],"about":[{"href":"https:\/\/guerrerotortillas.com\/es\/wp-json\/wp\/v2\/types\/product"}],"wp:featuredmedia":[{"embeddable":true,"href":"https:\/\/guerrerotortillas.com\/es\/wp-json\/wp\/v2\/media\/4813"}],"wp:attachment":[{"href":"https:\/\/guerrerotortillas.com\/es\/wp-json\/wp\/v2\/media?parent=1715"}],"wp:term":[{"taxonomy":"product_category","embeddable":true,"href":"https:\/\/guerrerotortillas.com\/es\/wp-json\/wp\/v2\/product_category?post=1715"},{"taxonomy":"product_type","embeddable":true,"href":"https:\/\/guerrerotortillas.com\/es\/wp-json\/wp\/v2\/product_type?post=1715"},{"taxonomy":"size","embeddable":true,"href":"https:\/\/guerrerotortillas.com\/es\/wp-json\/wp\/v2\/size?post=1715"},{"taxonomy":"diet_type","embeddable":true,"href":"https:\/\/guerrerotortillas.com\/es\/wp-json\/wp\/v2\/diet_type?post=1715"},{"taxonomy":"count","embeddable":true,"href":"https:\/\/guerrerotortillas.com\/es\/wp-json\/wp\/v2\/count?post=1715"}],"curies":[{"name":"wp","href":"https:\/\/api.w.org\/{rel}","templated":true}]}}