{"id":1713,"date":"2021-05-26T19:05:00","date_gmt":"2021-05-27T00:05:00","guid":{"rendered":"https:\/\/webprojects.rocks\/clientes\/alma\/guerrerofood\/wordpress\/products\/fresqui-ricas-fajita-flour-tortillas\/"},"modified":"2024-10-16T11:15:41","modified_gmt":"2024-10-16T16:15:41","slug":"tortillas-de-harina-fresqui-ricas-fajita","status":"publish","type":"product","link":"https:\/\/guerrerotortillas.com\/es\/productos\/tortillas-de-harina-fresqui-ricas-fajita\/","title":{"rendered":"Tortillas de Harina Fresqui-Ricas Listas para Cocinar Fajita"},"content":{"rendered":"\n<p>Nuestras Tortillas de harina Fresqui-Ricas Listas para Cocinar, te facilitan lograr ese sabor aut\u00e9ntico de las tortillas caseras reci\u00e9n hechas, sin tener que hacer todo el trabajo. Solo cali\u00e9ntalas en un comal o sart\u00e9n y estar\u00e1n listas para servir en tan solo 90 segundos! Preparamos nuestras tortillas kosher con ingredientes de alta calidad y m\u00e9todos de origen hist\u00f3rico. No contienen manteca, grasas trans, ni colesterol. Recomendamos comer Fresqui-Ricas con picadillo sazonado y queso fresco para una tanda de deliciosas empanadas.<\/p>\n\n\n\n<p><strong>Ingredientes:<\/strong> Harina blanqueada y enriquecida (harina, niacina, hierro, mononitrato de tiamina, riboflavina, \u00e1cido f\u00f3lico), agua, aceite vegetal (aceites de soya interesterificado e hidrogenado), contiene 2% o menos de: sal, bicarbonato de sodio, \u00e1cido pirofosf\u00e1tico de sodio, \u00e1cido fum\u00e1rico, y propionato de calcio y \u00e1cido s\u00f3rbico (para mantener la frescura).<\/p>\n","protected":false},"featured_media":4199,"template":"","product_category":[84],"product_type":[79],"size":[132],"diet_type":[151],"count":[100],"class_list":["post-1713","product","type-product","status-publish","has-post-thumbnail","hentry","product_category-tortillas-de-harina","product_type-tortillas-es","size-6-5-inches","diet_type-todos-tipos-dieta","count-16-count-es"],"acf":[],"yoast_head":"<!-- This site is optimized with the Yoast SEO plugin v25.2 - https:\/\/yoast.com\/wordpress\/plugins\/seo\/ -->\n<title>Tortillas de Harina Fresqui-Ricas Listas para Cocinar Fajita - Guerrero Tortillas<\/title>\n<meta name=\"description\" content=\"Nuestras Tortillas de harina Fresqui-Ricas Listas para Cocinar, te facilitan lograr ese sabor aut\u00e9ntico de las tortillas caseras reci\u00e9n hechas.\" \/>\n<meta name=\"robots\" content=\"index, follow, max-snippet:-1, max-image-preview:large, max-video-preview:-1\" \/>\n<link rel=\"canonical\" href=\"https:\/\/guerrerotortillas.com\/es\/productos\/tortillas-de-harina-fresqui-ricas-fajita\/\" \/>\n<meta property=\"og:locale\" content=\"es_ES\" \/>\n<meta property=\"og:type\" content=\"article\" \/>\n<meta property=\"og:title\" content=\"Tortillas de Harina Fresqui-Ricas Listas para Cocinar Fajita - Guerrero Tortillas\" \/>\n<meta property=\"og:description\" content=\"Nuestras Tortillas de harina Fresqui-Ricas Listas para Cocinar, te facilitan lograr ese sabor aut\u00e9ntico de las tortillas caseras reci\u00e9n hechas.\" \/>\n<meta property=\"og:url\" content=\"https:\/\/guerrerotortillas.com\/es\/productos\/tortillas-de-harina-fresqui-ricas-fajita\/\" \/>\n<meta property=\"og:site_name\" content=\"Guerrero Tortillas\" \/>\n<meta property=\"article:modified_time\" content=\"2024-10-16T16:15:41+00:00\" \/>\n<meta property=\"og:image\" content=\"https:\/\/guerrerotortillas.com\/wp-content\/uploads\/2021\/05\/fresqui-ricas-ready-to-cook-fajita-front.png\" \/>\n\t<meta property=\"og:image:width\" content=\"1332\" \/>\n\t<meta property=\"og:image:height\" content=\"1830\" \/>\n\t<meta property=\"og:image:type\" content=\"image\/png\" \/>\n<meta name=\"twitter:card\" content=\"summary_large_image\" \/>\n<script type=\"application\/ld+json\" class=\"yoast-schema-graph\">{\"@context\":\"https:\/\/schema.org\",\"@graph\":[{\"@type\":\"WebPage\",\"@id\":\"https:\/\/guerrerotortillas.com\/es\/productos\/tortillas-de-harina-fresqui-ricas-fajita\/\",\"url\":\"https:\/\/guerrerotortillas.com\/es\/productos\/tortillas-de-harina-fresqui-ricas-fajita\/\",\"name\":\"Tortillas de Harina Fresqui-Ricas Listas para Cocinar Fajita - Guerrero Tortillas\",\"isPartOf\":{\"@id\":\"https:\/\/guerrerotortillas.com\/es\/#website\"},\"primaryImageOfPage\":{\"@id\":\"https:\/\/guerrerotortillas.com\/es\/productos\/tortillas-de-harina-fresqui-ricas-fajita\/#primaryimage\"},\"image\":{\"@id\":\"https:\/\/guerrerotortillas.com\/es\/productos\/tortillas-de-harina-fresqui-ricas-fajita\/#primaryimage\"},\"thumbnailUrl\":\"https:\/\/guerrerotortillas.com\/wp-content\/uploads\/2021\/05\/fresqui-ricas-ready-to-cook-fajita-front.png\",\"datePublished\":\"2021-05-27T00:05:00+00:00\",\"dateModified\":\"2024-10-16T16:15:41+00:00\",\"description\":\"Nuestras Tortillas de harina Fresqui-Ricas Listas para Cocinar, te facilitan lograr ese sabor aut\u00e9ntico de las tortillas caseras reci\u00e9n hechas.\",\"breadcrumb\":{\"@id\":\"https:\/\/guerrerotortillas.com\/es\/productos\/tortillas-de-harina-fresqui-ricas-fajita\/#breadcrumb\"},\"inLanguage\":\"es\",\"potentialAction\":[{\"@type\":\"ReadAction\",\"target\":[\"https:\/\/guerrerotortillas.com\/es\/productos\/tortillas-de-harina-fresqui-ricas-fajita\/\"]}]},{\"@type\":\"ImageObject\",\"inLanguage\":\"es\",\"@id\":\"https:\/\/guerrerotortillas.com\/es\/productos\/tortillas-de-harina-fresqui-ricas-fajita\/#primaryimage\",\"url\":\"https:\/\/guerrerotortillas.com\/wp-content\/uploads\/2021\/05\/fresqui-ricas-ready-to-cook-fajita-front.png\",\"contentUrl\":\"https:\/\/guerrerotortillas.com\/wp-content\/uploads\/2021\/05\/fresqui-ricas-ready-to-cook-fajita-front.png\",\"width\":1332,\"height\":1830},{\"@type\":\"BreadcrumbList\",\"@id\":\"https:\/\/guerrerotortillas.com\/es\/productos\/tortillas-de-harina-fresqui-ricas-fajita\/#breadcrumb\",\"itemListElement\":[{\"@type\":\"ListItem\",\"position\":1,\"name\":\"Inicio\",\"item\":\"https:\/\/guerrerotortillas.com\/es\/\"},{\"@type\":\"ListItem\",\"position\":2,\"name\":\"Tortillas de Harina\",\"item\":\"https:\/\/guerrerotortillas.com\/es\/product-category\/tortillas-de-harina\/\"},{\"@type\":\"ListItem\",\"position\":3,\"name\":\"Tortillas de Harina Fresqui-Ricas Listas para Cocinar Fajita\"}]},{\"@type\":\"WebSite\",\"@id\":\"https:\/\/guerrerotortillas.com\/es\/#website\",\"url\":\"https:\/\/guerrerotortillas.com\/es\/\",\"name\":\"Guerrero Tortillas\",\"description\":\"\",\"potentialAction\":[{\"@type\":\"SearchAction\",\"target\":{\"@type\":\"EntryPoint\",\"urlTemplate\":\"https:\/\/guerrerotortillas.com\/es\/?s={search_term_string}\"},\"query-input\":{\"@type\":\"PropertyValueSpecification\",\"valueRequired\":true,\"valueName\":\"search_term_string\"}}],\"inLanguage\":\"es\"}]}<\/script>\n<!-- \/ Yoast SEO plugin. -->","yoast_head_json":{"title":"Tortillas de Harina Fresqui-Ricas Listas para Cocinar Fajita - Guerrero Tortillas","description":"Nuestras Tortillas de harina Fresqui-Ricas Listas para Cocinar, te facilitan lograr ese sabor aut\u00e9ntico de las tortillas caseras reci\u00e9n hechas.","robots":{"index":"index","follow":"follow","max-snippet":"max-snippet:-1","max-image-preview":"max-image-preview:large","max-video-preview":"max-video-preview:-1"},"canonical":"https:\/\/guerrerotortillas.com\/es\/productos\/tortillas-de-harina-fresqui-ricas-fajita\/","og_locale":"es_ES","og_type":"article","og_title":"Tortillas de Harina Fresqui-Ricas Listas para Cocinar Fajita - Guerrero Tortillas","og_description":"Nuestras Tortillas de harina Fresqui-Ricas Listas para Cocinar, te facilitan lograr ese sabor aut\u00e9ntico de las tortillas caseras reci\u00e9n hechas.","og_url":"https:\/\/guerrerotortillas.com\/es\/productos\/tortillas-de-harina-fresqui-ricas-fajita\/","og_site_name":"Guerrero Tortillas","article_modified_time":"2024-10-16T16:15:41+00:00","og_image":[{"width":1332,"height":1830,"url":"https:\/\/guerrerotortillas.com\/wp-content\/uploads\/2021\/05\/fresqui-ricas-ready-to-cook-fajita-front.png","type":"image\/png"}],"twitter_card":"summary_large_image","schema":{"@context":"https:\/\/schema.org","@graph":[{"@type":"WebPage","@id":"https:\/\/guerrerotortillas.com\/es\/productos\/tortillas-de-harina-fresqui-ricas-fajita\/","url":"https:\/\/guerrerotortillas.com\/es\/productos\/tortillas-de-harina-fresqui-ricas-fajita\/","name":"Tortillas de Harina Fresqui-Ricas Listas para Cocinar Fajita - Guerrero Tortillas","isPartOf":{"@id":"https:\/\/guerrerotortillas.com\/es\/#website"},"primaryImageOfPage":{"@id":"https:\/\/guerrerotortillas.com\/es\/productos\/tortillas-de-harina-fresqui-ricas-fajita\/#primaryimage"},"image":{"@id":"https:\/\/guerrerotortillas.com\/es\/productos\/tortillas-de-harina-fresqui-ricas-fajita\/#primaryimage"},"thumbnailUrl":"https:\/\/guerrerotortillas.com\/wp-content\/uploads\/2021\/05\/fresqui-ricas-ready-to-cook-fajita-front.png","datePublished":"2021-05-27T00:05:00+00:00","dateModified":"2024-10-16T16:15:41+00:00","description":"Nuestras Tortillas de harina Fresqui-Ricas Listas para Cocinar, te facilitan lograr ese sabor aut\u00e9ntico de las tortillas caseras reci\u00e9n hechas.","breadcrumb":{"@id":"https:\/\/guerrerotortillas.com\/es\/productos\/tortillas-de-harina-fresqui-ricas-fajita\/#breadcrumb"},"inLanguage":"es","potentialAction":[{"@type":"ReadAction","target":["https:\/\/guerrerotortillas.com\/es\/productos\/tortillas-de-harina-fresqui-ricas-fajita\/"]}]},{"@type":"ImageObject","inLanguage":"es","@id":"https:\/\/guerrerotortillas.com\/es\/productos\/tortillas-de-harina-fresqui-ricas-fajita\/#primaryimage","url":"https:\/\/guerrerotortillas.com\/wp-content\/uploads\/2021\/05\/fresqui-ricas-ready-to-cook-fajita-front.png","contentUrl":"https:\/\/guerrerotortillas.com\/wp-content\/uploads\/2021\/05\/fresqui-ricas-ready-to-cook-fajita-front.png","width":1332,"height":1830},{"@type":"BreadcrumbList","@id":"https:\/\/guerrerotortillas.com\/es\/productos\/tortillas-de-harina-fresqui-ricas-fajita\/#breadcrumb","itemListElement":[{"@type":"ListItem","position":1,"name":"Inicio","item":"https:\/\/guerrerotortillas.com\/es\/"},{"@type":"ListItem","position":2,"name":"Tortillas de Harina","item":"https:\/\/guerrerotortillas.com\/es\/product-category\/tortillas-de-harina\/"},{"@type":"ListItem","position":3,"name":"Tortillas de Harina Fresqui-Ricas Listas para Cocinar Fajita"}]},{"@type":"WebSite","@id":"https:\/\/guerrerotortillas.com\/es\/#website","url":"https:\/\/guerrerotortillas.com\/es\/","name":"Guerrero Tortillas","description":"","potentialAction":[{"@type":"SearchAction","target":{"@type":"EntryPoint","urlTemplate":"https:\/\/guerrerotortillas.com\/es\/?s={search_term_string}"},"query-input":{"@type":"PropertyValueSpecification","valueRequired":true,"valueName":"search_term_string"}}],"inLanguage":"es"}]}},"_links":{"self":[{"href":"https:\/\/guerrerotortillas.com\/es\/wp-json\/wp\/v2\/product\/1713","targetHints":{"allow":["GET"]}}],"collection":[{"href":"https:\/\/guerrerotortillas.com\/es\/wp-json\/wp\/v2\/product"}],"about":[{"href":"https:\/\/guerrerotortillas.com\/es\/wp-json\/wp\/v2\/types\/product"}],"wp:featuredmedia":[{"embeddable":true,"href":"https:\/\/guerrerotortillas.com\/es\/wp-json\/wp\/v2\/media\/4199"}],"wp:attachment":[{"href":"https:\/\/guerrerotortillas.com\/es\/wp-json\/wp\/v2\/media?parent=1713"}],"wp:term":[{"taxonomy":"product_category","embeddable":true,"href":"https:\/\/guerrerotortillas.com\/es\/wp-json\/wp\/v2\/product_category?post=1713"},{"taxonomy":"product_type","embeddable":true,"href":"https:\/\/guerrerotortillas.com\/es\/wp-json\/wp\/v2\/product_type?post=1713"},{"taxonomy":"size","embeddable":true,"href":"https:\/\/guerrerotortillas.com\/es\/wp-json\/wp\/v2\/size?post=1713"},{"taxonomy":"diet_type","embeddable":true,"href":"https:\/\/guerrerotortillas.com\/es\/wp-json\/wp\/v2\/diet_type?post=1713"},{"taxonomy":"count","embeddable":true,"href":"https:\/\/guerrerotortillas.com\/es\/wp-json\/wp\/v2\/count?post=1713"}],"curies":[{"name":"wp","href":"https:\/\/api.w.org\/{rel}","templated":true}]}}