{"id":1711,"date":"2021-05-28T18:54:00","date_gmt":"2021-05-28T23:54:00","guid":{"rendered":"https:\/\/webprojects.rocks\/clientes\/alma\/guerrerofood\/wordpress\/products\/caseras-fajita-flour-tortillas\/"},"modified":"2026-02-19T17:53:14","modified_gmt":"2026-02-19T22:53:14","slug":"tortillas-de-harina-caseras-fajita","status":"publish","type":"product","link":"https:\/\/guerrerotortillas.com\/es\/productos\/tortillas-de-harina-caseras-fajita\/","title":{"rendered":"Tortillas de harina Caseras Fajita"},"content":{"rendered":"\n<p>Nuestras Tortillas de Harina Caseras de Guerrero est\u00e1n elaboradas como es debido, con ingredientes de calidad y m\u00e9todos de cocci\u00f3n de origen hist\u00f3rico que honran la herencia de todas las recetas tradicionales de tu familia. No importa si est\u00e1s preparando una receta ancestral o una tanda r\u00e1pida de tacos, la textura esponjosa y el sabor aut\u00e9ntico de nuestras tortillas mejorar\u00e1n cualquier platillo que sirvas. Tienen certificaci\u00f3n kosher, no contienen manteca, grasas trans, ni colesterol. Recomendamos servirlas con bistec encebollado, guacamole y col fresca para una comida de fin de semana r\u00e1pida y f\u00e1cil.<\/p>\n\n\n\n<p><strong>Ingredientes:<\/strong> Harina Blanqueada y Enriquecida (Harina, Niacina, Hierro, Mononitrato de Tiamina, Riboflavina, \u00c1cido F\u00f3lico), Agua, Aceite Vegetal (Aceites de Soya Interesterificado e Hidrogenado), Contiene 2% o menos de: Sal, Az\u00facar, Bicarbonato de Sodio, \u00c1cido Pirofosf\u00e1tico de Sodio, Monoglic\u00e9ridos Destilados, Goma de Celulosa, GomaGuar, \u00c1cido Fum\u00e1rico, y Propionato de Calcio y \u00c1cido S\u00f3rbico (para Mantener la Frescura).<\/p>\n","protected":false},"featured_media":4963,"template":"","product_category":[84],"product_type":[79],"size":[137],"diet_type":[],"count":[83,89],"class_list":["post-1711","product","type-product","status-publish","has-post-thumbnail","hentry","product_category-tortillas-de-harina","product_type-tortillas-es","size-6-inches-2","count-8-count-es","count-20-count-es"],"acf":[],"yoast_head":"<!-- This site is optimized with the Yoast SEO plugin v25.2 - https:\/\/yoast.com\/wordpress\/plugins\/seo\/ -->\n<title>Tortillas de harina Caseras Fajita - Guerrero Tortillas<\/title>\n<meta name=\"description\" content=\"Tortillas de harina Guerrero Caseras Fajita con ingredientes de calidad y t\u00e9cnicas comprobadas que honran la herencia de las comidas favoritas de su familia.\" \/>\n<meta name=\"robots\" content=\"index, follow, max-snippet:-1, max-image-preview:large, max-video-preview:-1\" \/>\n<link rel=\"canonical\" href=\"https:\/\/guerrerotortillas.com\/es\/productos\/tortillas-de-harina-caseras-fajita\/\" \/>\n<meta property=\"og:locale\" content=\"es_ES\" \/>\n<meta property=\"og:type\" content=\"article\" \/>\n<meta property=\"og:title\" content=\"Tortillas de harina Caseras Fajita - Guerrero Tortillas\" \/>\n<meta property=\"og:description\" content=\"Tortillas de harina Guerrero Caseras Fajita con ingredientes de calidad y t\u00e9cnicas comprobadas que honran la herencia de las comidas favoritas de su familia.\" \/>\n<meta property=\"og:url\" content=\"https:\/\/guerrerotortillas.com\/es\/productos\/tortillas-de-harina-caseras-fajita\/\" \/>\n<meta property=\"og:site_name\" content=\"Guerrero Tortillas\" \/>\n<meta property=\"article:modified_time\" content=\"2026-02-19T22:53:14+00:00\" \/>\n<meta property=\"og:image\" content=\"https:\/\/guerrerotortillas.com\/wp-content\/uploads\/2021\/05\/product-caseras-fajita-20-front-new.png\" \/>\n\t<meta property=\"og:image:width\" content=\"1200\" \/>\n\t<meta property=\"og:image:height\" content=\"1596\" \/>\n\t<meta property=\"og:image:type\" content=\"image\/png\" \/>\n<meta name=\"twitter:card\" content=\"summary_large_image\" \/>\n<script type=\"application\/ld+json\" class=\"yoast-schema-graph\">{\"@context\":\"https:\/\/schema.org\",\"@graph\":[{\"@type\":\"WebPage\",\"@id\":\"https:\/\/guerrerotortillas.com\/es\/productos\/tortillas-de-harina-caseras-fajita\/\",\"url\":\"https:\/\/guerrerotortillas.com\/es\/productos\/tortillas-de-harina-caseras-fajita\/\",\"name\":\"Tortillas de harina Caseras Fajita - Guerrero Tortillas\",\"isPartOf\":{\"@id\":\"https:\/\/guerrerotortillas.com\/es\/#website\"},\"primaryImageOfPage\":{\"@id\":\"https:\/\/guerrerotortillas.com\/es\/productos\/tortillas-de-harina-caseras-fajita\/#primaryimage\"},\"image\":{\"@id\":\"https:\/\/guerrerotortillas.com\/es\/productos\/tortillas-de-harina-caseras-fajita\/#primaryimage\"},\"thumbnailUrl\":\"https:\/\/guerrerotortillas.com\/wp-content\/uploads\/2021\/05\/product-caseras-fajita-20-front-new.png\",\"datePublished\":\"2021-05-28T23:54:00+00:00\",\"dateModified\":\"2026-02-19T22:53:14+00:00\",\"description\":\"Tortillas de harina Guerrero Caseras Fajita con ingredientes de calidad y t\u00e9cnicas comprobadas que honran la herencia de las comidas favoritas de su familia.\",\"breadcrumb\":{\"@id\":\"https:\/\/guerrerotortillas.com\/es\/productos\/tortillas-de-harina-caseras-fajita\/#breadcrumb\"},\"inLanguage\":\"es\",\"potentialAction\":[{\"@type\":\"ReadAction\",\"target\":[\"https:\/\/guerrerotortillas.com\/es\/productos\/tortillas-de-harina-caseras-fajita\/\"]}]},{\"@type\":\"ImageObject\",\"inLanguage\":\"es\",\"@id\":\"https:\/\/guerrerotortillas.com\/es\/productos\/tortillas-de-harina-caseras-fajita\/#primaryimage\",\"url\":\"https:\/\/guerrerotortillas.com\/wp-content\/uploads\/2021\/05\/product-caseras-fajita-20-front-new.png\",\"contentUrl\":\"https:\/\/guerrerotortillas.com\/wp-content\/uploads\/2021\/05\/product-caseras-fajita-20-front-new.png\",\"width\":1200,\"height\":1596},{\"@type\":\"BreadcrumbList\",\"@id\":\"https:\/\/guerrerotortillas.com\/es\/productos\/tortillas-de-harina-caseras-fajita\/#breadcrumb\",\"itemListElement\":[{\"@type\":\"ListItem\",\"position\":1,\"name\":\"Inicio\",\"item\":\"https:\/\/guerrerotortillas.com\/es\/\"},{\"@type\":\"ListItem\",\"position\":2,\"name\":\"Tortillas de Harina\",\"item\":\"https:\/\/guerrerotortillas.com\/es\/product-category\/tortillas-de-harina\/\"},{\"@type\":\"ListItem\",\"position\":3,\"name\":\"Tortillas de harina Caseras Fajita\"}]},{\"@type\":\"WebSite\",\"@id\":\"https:\/\/guerrerotortillas.com\/es\/#website\",\"url\":\"https:\/\/guerrerotortillas.com\/es\/\",\"name\":\"Guerrero Tortillas\",\"description\":\"\",\"potentialAction\":[{\"@type\":\"SearchAction\",\"target\":{\"@type\":\"EntryPoint\",\"urlTemplate\":\"https:\/\/guerrerotortillas.com\/es\/?s={search_term_string}\"},\"query-input\":{\"@type\":\"PropertyValueSpecification\",\"valueRequired\":true,\"valueName\":\"search_term_string\"}}],\"inLanguage\":\"es\"}]}<\/script>\n<!-- \/ Yoast SEO plugin. -->","yoast_head_json":{"title":"Tortillas de harina Caseras Fajita - Guerrero Tortillas","description":"Tortillas de harina Guerrero Caseras Fajita con ingredientes de calidad y t\u00e9cnicas comprobadas que honran la herencia de las comidas favoritas de su familia.","robots":{"index":"index","follow":"follow","max-snippet":"max-snippet:-1","max-image-preview":"max-image-preview:large","max-video-preview":"max-video-preview:-1"},"canonical":"https:\/\/guerrerotortillas.com\/es\/productos\/tortillas-de-harina-caseras-fajita\/","og_locale":"es_ES","og_type":"article","og_title":"Tortillas de harina Caseras Fajita - Guerrero Tortillas","og_description":"Tortillas de harina Guerrero Caseras Fajita con ingredientes de calidad y t\u00e9cnicas comprobadas que honran la herencia de las comidas favoritas de su familia.","og_url":"https:\/\/guerrerotortillas.com\/es\/productos\/tortillas-de-harina-caseras-fajita\/","og_site_name":"Guerrero Tortillas","article_modified_time":"2026-02-19T22:53:14+00:00","og_image":[{"width":1200,"height":1596,"url":"https:\/\/guerrerotortillas.com\/wp-content\/uploads\/2021\/05\/product-caseras-fajita-20-front-new.png","type":"image\/png"}],"twitter_card":"summary_large_image","schema":{"@context":"https:\/\/schema.org","@graph":[{"@type":"WebPage","@id":"https:\/\/guerrerotortillas.com\/es\/productos\/tortillas-de-harina-caseras-fajita\/","url":"https:\/\/guerrerotortillas.com\/es\/productos\/tortillas-de-harina-caseras-fajita\/","name":"Tortillas de harina Caseras Fajita - Guerrero Tortillas","isPartOf":{"@id":"https:\/\/guerrerotortillas.com\/es\/#website"},"primaryImageOfPage":{"@id":"https:\/\/guerrerotortillas.com\/es\/productos\/tortillas-de-harina-caseras-fajita\/#primaryimage"},"image":{"@id":"https:\/\/guerrerotortillas.com\/es\/productos\/tortillas-de-harina-caseras-fajita\/#primaryimage"},"thumbnailUrl":"https:\/\/guerrerotortillas.com\/wp-content\/uploads\/2021\/05\/product-caseras-fajita-20-front-new.png","datePublished":"2021-05-28T23:54:00+00:00","dateModified":"2026-02-19T22:53:14+00:00","description":"Tortillas de harina Guerrero Caseras Fajita con ingredientes de calidad y t\u00e9cnicas comprobadas que honran la herencia de las comidas favoritas de su familia.","breadcrumb":{"@id":"https:\/\/guerrerotortillas.com\/es\/productos\/tortillas-de-harina-caseras-fajita\/#breadcrumb"},"inLanguage":"es","potentialAction":[{"@type":"ReadAction","target":["https:\/\/guerrerotortillas.com\/es\/productos\/tortillas-de-harina-caseras-fajita\/"]}]},{"@type":"ImageObject","inLanguage":"es","@id":"https:\/\/guerrerotortillas.com\/es\/productos\/tortillas-de-harina-caseras-fajita\/#primaryimage","url":"https:\/\/guerrerotortillas.com\/wp-content\/uploads\/2021\/05\/product-caseras-fajita-20-front-new.png","contentUrl":"https:\/\/guerrerotortillas.com\/wp-content\/uploads\/2021\/05\/product-caseras-fajita-20-front-new.png","width":1200,"height":1596},{"@type":"BreadcrumbList","@id":"https:\/\/guerrerotortillas.com\/es\/productos\/tortillas-de-harina-caseras-fajita\/#breadcrumb","itemListElement":[{"@type":"ListItem","position":1,"name":"Inicio","item":"https:\/\/guerrerotortillas.com\/es\/"},{"@type":"ListItem","position":2,"name":"Tortillas de Harina","item":"https:\/\/guerrerotortillas.com\/es\/product-category\/tortillas-de-harina\/"},{"@type":"ListItem","position":3,"name":"Tortillas de harina Caseras Fajita"}]},{"@type":"WebSite","@id":"https:\/\/guerrerotortillas.com\/es\/#website","url":"https:\/\/guerrerotortillas.com\/es\/","name":"Guerrero Tortillas","description":"","potentialAction":[{"@type":"SearchAction","target":{"@type":"EntryPoint","urlTemplate":"https:\/\/guerrerotortillas.com\/es\/?s={search_term_string}"},"query-input":{"@type":"PropertyValueSpecification","valueRequired":true,"valueName":"search_term_string"}}],"inLanguage":"es"}]}},"_links":{"self":[{"href":"https:\/\/guerrerotortillas.com\/es\/wp-json\/wp\/v2\/product\/1711","targetHints":{"allow":["GET"]}}],"collection":[{"href":"https:\/\/guerrerotortillas.com\/es\/wp-json\/wp\/v2\/product"}],"about":[{"href":"https:\/\/guerrerotortillas.com\/es\/wp-json\/wp\/v2\/types\/product"}],"wp:featuredmedia":[{"embeddable":true,"href":"https:\/\/guerrerotortillas.com\/es\/wp-json\/wp\/v2\/media\/4963"}],"wp:attachment":[{"href":"https:\/\/guerrerotortillas.com\/es\/wp-json\/wp\/v2\/media?parent=1711"}],"wp:term":[{"taxonomy":"product_category","embeddable":true,"href":"https:\/\/guerrerotortillas.com\/es\/wp-json\/wp\/v2\/product_category?post=1711"},{"taxonomy":"product_type","embeddable":true,"href":"https:\/\/guerrerotortillas.com\/es\/wp-json\/wp\/v2\/product_type?post=1711"},{"taxonomy":"size","embeddable":true,"href":"https:\/\/guerrerotortillas.com\/es\/wp-json\/wp\/v2\/size?post=1711"},{"taxonomy":"diet_type","embeddable":true,"href":"https:\/\/guerrerotortillas.com\/es\/wp-json\/wp\/v2\/diet_type?post=1711"},{"taxonomy":"count","embeddable":true,"href":"https:\/\/guerrerotortillas.com\/es\/wp-json\/wp\/v2\/count?post=1711"}],"curies":[{"name":"wp","href":"https:\/\/api.w.org\/{rel}","templated":true}]}}