{"id":1710,"date":"2021-05-29T18:50:00","date_gmt":"2021-05-29T23:50:00","guid":{"rendered":"https:\/\/webprojects.rocks\/clientes\/alma\/guerrerofood\/wordpress\/products\/riquisimas-soft-taco-flour-tortillas\/"},"modified":"2024-06-28T13:48:21","modified_gmt":"2024-06-28T18:48:21","slug":"tortillas-de-harina-riquisimas-soft-taco","status":"publish","type":"product","link":"https:\/\/guerrerotortillas.com\/es\/productos\/tortillas-de-harina-riquisimas-soft-taco\/","title":{"rendered":"Tortillas de harina Riqu\u00edsimas Soft Taco"},"content":{"rendered":"\n<p>Nuestras Tortillas de Harina Riqu\u00edsimas de Guerrero tienen una textura suave y un aut\u00e9ntico sabor casero. Preparamos nuestras tortillas como siempre lo hemos hecho con ingredientes de alta calidad y m\u00e9todos de cocci\u00f3n de origen hist\u00f3rico para que sientas orgullo al servirlas con todas las recetas favoritas de tu familia. Adem\u00e1s, las Tortillas Riqu\u00edsimas de Harina Guerrero tienen certificaci\u00f3n kosher y no contienen manteca, grasas trans, ni colesterol. Funcionan a la maravilla con cualquiera de tus recetas tradicionales. Te recomendamos comerlas con mole y pollo y una pizca de cilantro fresco para una comida deliciosa y gratificante.<\/p>\n\n\n\n<p><strong>Ingredientes:<\/strong> Harina blanqueada y enriquecida (harina, niacina, hierro, mononitrato de tiamina, riboflavina, \u00e1cido f\u00f3lico), agua, mezcla de aceite vegetal y margarina (aceite de soya interesterificado, aceite hidrogenado de soya y\/o algod\u00f3n, mono- y digliceridos, lecitina de soya, saborizante artificial, beta-caroteno [color], vitamina A palmitato), contiene 2% o menos de: sal, levadura, melaza, \u00e1cido pirofosf\u00e1tico de sodio, bicarbonato de sodio, \u00e1cido fum\u00e1rico, monoglic\u00e9ridos destilados, y propionato de calcio y \u00e1cido s\u00f3rbico (para mantener la frescura).<\/p>\n","protected":false},"featured_media":4125,"template":"","product_category":[84],"product_type":[79],"size":[81],"diet_type":[151],"count":[82,87,95],"class_list":["post-1710","product","type-product","status-publish","has-post-thumbnail","hentry","product_category-tortillas-de-harina","product_type-tortillas-es","size-8-inches-es","diet_type-todos-tipos-dieta","count-10-count-es","count-24-count-es","count-40-count-es"],"acf":[],"yoast_head":"<!-- This site is optimized with the Yoast SEO plugin v25.2 - https:\/\/yoast.com\/wordpress\/plugins\/seo\/ -->\n<title>Tortillas de harina Riqu\u00edsimas Soft Taco - Guerrero Tortillas<\/title>\n<meta name=\"description\" content=\"Las tortillas de harina de taco suave Guerrero Riquisimas tienen un aut\u00e9ntico sabor casero y son perfectas para usar en recetas tradicionales mexicanas.\" \/>\n<meta name=\"robots\" content=\"index, follow, max-snippet:-1, max-image-preview:large, max-video-preview:-1\" \/>\n<link rel=\"canonical\" href=\"https:\/\/guerrerotortillas.com\/es\/productos\/tortillas-de-harina-riquisimas-soft-taco\/\" \/>\n<meta property=\"og:locale\" content=\"es_ES\" \/>\n<meta property=\"og:type\" content=\"article\" \/>\n<meta property=\"og:title\" content=\"Tortillas de harina Riqu\u00edsimas Soft Taco - Guerrero Tortillas\" \/>\n<meta property=\"og:description\" content=\"Las tortillas de harina de taco suave Guerrero Riquisimas tienen un aut\u00e9ntico sabor casero y son perfectas para usar en recetas tradicionales mexicanas.\" \/>\n<meta property=\"og:url\" content=\"https:\/\/guerrerotortillas.com\/es\/productos\/tortillas-de-harina-riquisimas-soft-taco\/\" \/>\n<meta property=\"og:site_name\" content=\"Guerrero Tortillas\" \/>\n<meta property=\"article:modified_time\" content=\"2024-06-28T18:48:21+00:00\" \/>\n<meta property=\"og:image\" content=\"https:\/\/guerrerotortillas.com\/wp-content\/uploads\/2021\/05\/riquisimas-front-795x1024.png\" \/>\n\t<meta property=\"og:image:width\" content=\"795\" \/>\n\t<meta property=\"og:image:height\" content=\"1024\" \/>\n\t<meta property=\"og:image:type\" content=\"image\/png\" \/>\n<meta name=\"twitter:card\" content=\"summary_large_image\" \/>\n<script type=\"application\/ld+json\" class=\"yoast-schema-graph\">{\"@context\":\"https:\/\/schema.org\",\"@graph\":[{\"@type\":\"WebPage\",\"@id\":\"https:\/\/guerrerotortillas.com\/es\/productos\/tortillas-de-harina-riquisimas-soft-taco\/\",\"url\":\"https:\/\/guerrerotortillas.com\/es\/productos\/tortillas-de-harina-riquisimas-soft-taco\/\",\"name\":\"Tortillas de harina Riqu\u00edsimas Soft Taco - Guerrero Tortillas\",\"isPartOf\":{\"@id\":\"https:\/\/guerrerotortillas.com\/es\/#website\"},\"primaryImageOfPage\":{\"@id\":\"https:\/\/guerrerotortillas.com\/es\/productos\/tortillas-de-harina-riquisimas-soft-taco\/#primaryimage\"},\"image\":{\"@id\":\"https:\/\/guerrerotortillas.com\/es\/productos\/tortillas-de-harina-riquisimas-soft-taco\/#primaryimage\"},\"thumbnailUrl\":\"https:\/\/guerrerotortillas.com\/wp-content\/uploads\/2021\/05\/riquisimas-front.png\",\"datePublished\":\"2021-05-29T23:50:00+00:00\",\"dateModified\":\"2024-06-28T18:48:21+00:00\",\"description\":\"Las tortillas de harina de taco suave Guerrero Riquisimas tienen un aut\u00e9ntico sabor casero y son perfectas para usar en recetas tradicionales mexicanas.\",\"breadcrumb\":{\"@id\":\"https:\/\/guerrerotortillas.com\/es\/productos\/tortillas-de-harina-riquisimas-soft-taco\/#breadcrumb\"},\"inLanguage\":\"es\",\"potentialAction\":[{\"@type\":\"ReadAction\",\"target\":[\"https:\/\/guerrerotortillas.com\/es\/productos\/tortillas-de-harina-riquisimas-soft-taco\/\"]}]},{\"@type\":\"ImageObject\",\"inLanguage\":\"es\",\"@id\":\"https:\/\/guerrerotortillas.com\/es\/productos\/tortillas-de-harina-riquisimas-soft-taco\/#primaryimage\",\"url\":\"https:\/\/guerrerotortillas.com\/wp-content\/uploads\/2021\/05\/riquisimas-front.png\",\"contentUrl\":\"https:\/\/guerrerotortillas.com\/wp-content\/uploads\/2021\/05\/riquisimas-front.png\",\"width\":1590,\"height\":2048},{\"@type\":\"BreadcrumbList\",\"@id\":\"https:\/\/guerrerotortillas.com\/es\/productos\/tortillas-de-harina-riquisimas-soft-taco\/#breadcrumb\",\"itemListElement\":[{\"@type\":\"ListItem\",\"position\":1,\"name\":\"Inicio\",\"item\":\"https:\/\/guerrerotortillas.com\/es\/\"},{\"@type\":\"ListItem\",\"position\":2,\"name\":\"Tortillas de Harina\",\"item\":\"https:\/\/guerrerotortillas.com\/es\/product-category\/tortillas-de-harina\/\"},{\"@type\":\"ListItem\",\"position\":3,\"name\":\"Tortillas de harina Riqu\u00edsimas Soft Taco\"}]},{\"@type\":\"WebSite\",\"@id\":\"https:\/\/guerrerotortillas.com\/es\/#website\",\"url\":\"https:\/\/guerrerotortillas.com\/es\/\",\"name\":\"Guerrero Tortillas\",\"description\":\"\",\"potentialAction\":[{\"@type\":\"SearchAction\",\"target\":{\"@type\":\"EntryPoint\",\"urlTemplate\":\"https:\/\/guerrerotortillas.com\/es\/?s={search_term_string}\"},\"query-input\":{\"@type\":\"PropertyValueSpecification\",\"valueRequired\":true,\"valueName\":\"search_term_string\"}}],\"inLanguage\":\"es\"}]}<\/script>\n<!-- \/ Yoast SEO plugin. -->","yoast_head_json":{"title":"Tortillas de harina Riqu\u00edsimas Soft Taco - Guerrero Tortillas","description":"Las tortillas de harina de taco suave Guerrero Riquisimas tienen un aut\u00e9ntico sabor casero y son perfectas para usar en recetas tradicionales mexicanas.","robots":{"index":"index","follow":"follow","max-snippet":"max-snippet:-1","max-image-preview":"max-image-preview:large","max-video-preview":"max-video-preview:-1"},"canonical":"https:\/\/guerrerotortillas.com\/es\/productos\/tortillas-de-harina-riquisimas-soft-taco\/","og_locale":"es_ES","og_type":"article","og_title":"Tortillas de harina Riqu\u00edsimas Soft Taco - Guerrero Tortillas","og_description":"Las tortillas de harina de taco suave Guerrero Riquisimas tienen un aut\u00e9ntico sabor casero y son perfectas para usar en recetas tradicionales mexicanas.","og_url":"https:\/\/guerrerotortillas.com\/es\/productos\/tortillas-de-harina-riquisimas-soft-taco\/","og_site_name":"Guerrero Tortillas","article_modified_time":"2024-06-28T18:48:21+00:00","og_image":[{"width":795,"height":1024,"url":"https:\/\/guerrerotortillas.com\/wp-content\/uploads\/2021\/05\/riquisimas-front-795x1024.png","type":"image\/png"}],"twitter_card":"summary_large_image","schema":{"@context":"https:\/\/schema.org","@graph":[{"@type":"WebPage","@id":"https:\/\/guerrerotortillas.com\/es\/productos\/tortillas-de-harina-riquisimas-soft-taco\/","url":"https:\/\/guerrerotortillas.com\/es\/productos\/tortillas-de-harina-riquisimas-soft-taco\/","name":"Tortillas de harina Riqu\u00edsimas Soft Taco - Guerrero Tortillas","isPartOf":{"@id":"https:\/\/guerrerotortillas.com\/es\/#website"},"primaryImageOfPage":{"@id":"https:\/\/guerrerotortillas.com\/es\/productos\/tortillas-de-harina-riquisimas-soft-taco\/#primaryimage"},"image":{"@id":"https:\/\/guerrerotortillas.com\/es\/productos\/tortillas-de-harina-riquisimas-soft-taco\/#primaryimage"},"thumbnailUrl":"https:\/\/guerrerotortillas.com\/wp-content\/uploads\/2021\/05\/riquisimas-front.png","datePublished":"2021-05-29T23:50:00+00:00","dateModified":"2024-06-28T18:48:21+00:00","description":"Las tortillas de harina de taco suave Guerrero Riquisimas tienen un aut\u00e9ntico sabor casero y son perfectas para usar en recetas tradicionales mexicanas.","breadcrumb":{"@id":"https:\/\/guerrerotortillas.com\/es\/productos\/tortillas-de-harina-riquisimas-soft-taco\/#breadcrumb"},"inLanguage":"es","potentialAction":[{"@type":"ReadAction","target":["https:\/\/guerrerotortillas.com\/es\/productos\/tortillas-de-harina-riquisimas-soft-taco\/"]}]},{"@type":"ImageObject","inLanguage":"es","@id":"https:\/\/guerrerotortillas.com\/es\/productos\/tortillas-de-harina-riquisimas-soft-taco\/#primaryimage","url":"https:\/\/guerrerotortillas.com\/wp-content\/uploads\/2021\/05\/riquisimas-front.png","contentUrl":"https:\/\/guerrerotortillas.com\/wp-content\/uploads\/2021\/05\/riquisimas-front.png","width":1590,"height":2048},{"@type":"BreadcrumbList","@id":"https:\/\/guerrerotortillas.com\/es\/productos\/tortillas-de-harina-riquisimas-soft-taco\/#breadcrumb","itemListElement":[{"@type":"ListItem","position":1,"name":"Inicio","item":"https:\/\/guerrerotortillas.com\/es\/"},{"@type":"ListItem","position":2,"name":"Tortillas de Harina","item":"https:\/\/guerrerotortillas.com\/es\/product-category\/tortillas-de-harina\/"},{"@type":"ListItem","position":3,"name":"Tortillas de harina Riqu\u00edsimas Soft Taco"}]},{"@type":"WebSite","@id":"https:\/\/guerrerotortillas.com\/es\/#website","url":"https:\/\/guerrerotortillas.com\/es\/","name":"Guerrero Tortillas","description":"","potentialAction":[{"@type":"SearchAction","target":{"@type":"EntryPoint","urlTemplate":"https:\/\/guerrerotortillas.com\/es\/?s={search_term_string}"},"query-input":{"@type":"PropertyValueSpecification","valueRequired":true,"valueName":"search_term_string"}}],"inLanguage":"es"}]}},"_links":{"self":[{"href":"https:\/\/guerrerotortillas.com\/es\/wp-json\/wp\/v2\/product\/1710","targetHints":{"allow":["GET"]}}],"collection":[{"href":"https:\/\/guerrerotortillas.com\/es\/wp-json\/wp\/v2\/product"}],"about":[{"href":"https:\/\/guerrerotortillas.com\/es\/wp-json\/wp\/v2\/types\/product"}],"wp:featuredmedia":[{"embeddable":true,"href":"https:\/\/guerrerotortillas.com\/es\/wp-json\/wp\/v2\/media\/4125"}],"wp:attachment":[{"href":"https:\/\/guerrerotortillas.com\/es\/wp-json\/wp\/v2\/media?parent=1710"}],"wp:term":[{"taxonomy":"product_category","embeddable":true,"href":"https:\/\/guerrerotortillas.com\/es\/wp-json\/wp\/v2\/product_category?post=1710"},{"taxonomy":"product_type","embeddable":true,"href":"https:\/\/guerrerotortillas.com\/es\/wp-json\/wp\/v2\/product_type?post=1710"},{"taxonomy":"size","embeddable":true,"href":"https:\/\/guerrerotortillas.com\/es\/wp-json\/wp\/v2\/size?post=1710"},{"taxonomy":"diet_type","embeddable":true,"href":"https:\/\/guerrerotortillas.com\/es\/wp-json\/wp\/v2\/diet_type?post=1710"},{"taxonomy":"count","embeddable":true,"href":"https:\/\/guerrerotortillas.com\/es\/wp-json\/wp\/v2\/count?post=1710"}],"curies":[{"name":"wp","href":"https:\/\/api.w.org\/{rel}","templated":true}]}}