{"id":1709,"date":"2021-05-12T20:12:00","date_gmt":"2021-05-13T01:12:00","guid":{"rendered":"https:\/\/webprojects.rocks\/clientes\/alma\/guerrerofood\/wordpress\/products\/red-pepper-tiritas-cracklins\/"},"modified":"2022-03-01T19:43:27","modified_gmt":"2022-03-02T00:43:27","slug":"tiritas-de-chicharron-con-chile-rojo","status":"publish","type":"product","link":"https:\/\/guerrerotortillas.com\/es\/productos\/tiritas-de-chicharron-con-chile-rojo\/","title":{"rendered":"Tiritas de Chicharr\u00f3n con Chile Rojo"},"content":{"rendered":"\n<p>Guerrero solo produce lo mejor. Nuestras Tiritas de Chicharr\u00f3n con Chile Rojo Guerrero no son la excepci\u00f3n. Nuestras Tiritas de Chicharr\u00f3n son picositas, crujientes y deliciosas. Sirven para comerse como botana o para darles un toque picosito a tus platos aut\u00e9nticos mexicanos favoritos. No importa c\u00f3mo las prefieras, las Tiritas de Chicharr\u00f3n con Chile Rojo Guerrero son Un pedacito de M\u00e9xico.<\/p>\n\n\n\n<p><strong>Ingredientes:<\/strong> Grasa de puerco con piel, sal, Glutamato de Monosodio, Chile Rojo.<\/p>\n","protected":false},"featured_media":2737,"template":"","product_category":[90],"product_type":[92],"size":[],"diet_type":[147,151,169],"count":[93],"class_list":["post-1709","product","type-product","status-publish","has-post-thumbnail","hentry","product_category-bocadillos","product_type-snacks-es","diet_type-gulten-free","diet_type-todos-tipos-dieta","diet_type-bajo-carbohidratos","count-5-5-oz-es"],"acf":[],"yoast_head":"<!-- This site is optimized with the Yoast SEO plugin v25.2 - https:\/\/yoast.com\/wordpress\/plugins\/seo\/ -->\n<title>Tiritas de Chicharr\u00f3n con Chile Rojo - Guerrero Tortillas<\/title>\n<meta name=\"description\" content=\"Flavorful y crocantesas, los tiritas de chicharr\u00f3n con chile rojo de Guerrero son un excelente refrigerio o para condimentar sus platillos mexicanos favoritos.\" \/>\n<meta name=\"robots\" content=\"index, follow, max-snippet:-1, max-image-preview:large, max-video-preview:-1\" \/>\n<link rel=\"canonical\" href=\"https:\/\/guerrerotortillas.com\/es\/productos\/tiritas-de-chicharron-con-chile-rojo\/\" \/>\n<meta property=\"og:locale\" content=\"es_ES\" \/>\n<meta property=\"og:type\" content=\"article\" \/>\n<meta property=\"og:title\" content=\"Tiritas de Chicharr\u00f3n con Chile Rojo - Guerrero Tortillas\" \/>\n<meta property=\"og:description\" content=\"Flavorful y crocantesas, los tiritas de chicharr\u00f3n con chile rojo de Guerrero son un excelente refrigerio o para condimentar sus platillos mexicanos favoritos.\" \/>\n<meta property=\"og:url\" content=\"https:\/\/guerrerotortillas.com\/es\/productos\/tiritas-de-chicharron-con-chile-rojo\/\" \/>\n<meta property=\"og:site_name\" content=\"Guerrero Tortillas\" \/>\n<meta property=\"article:modified_time\" content=\"2022-03-02T00:43:27+00:00\" \/>\n<meta property=\"og:image\" content=\"https:\/\/guerrerotortillas.com\/wp-content\/uploads\/2021\/05\/4856480001.FRONT_.png\" \/>\n\t<meta property=\"og:image:width\" content=\"1193\" \/>\n\t<meta property=\"og:image:height\" content=\"1895\" \/>\n\t<meta property=\"og:image:type\" content=\"image\/png\" \/>\n<meta name=\"twitter:card\" content=\"summary_large_image\" \/>\n<script type=\"application\/ld+json\" class=\"yoast-schema-graph\">{\"@context\":\"https:\/\/schema.org\",\"@graph\":[{\"@type\":\"WebPage\",\"@id\":\"https:\/\/guerrerotortillas.com\/es\/productos\/tiritas-de-chicharron-con-chile-rojo\/\",\"url\":\"https:\/\/guerrerotortillas.com\/es\/productos\/tiritas-de-chicharron-con-chile-rojo\/\",\"name\":\"Tiritas de Chicharr\u00f3n con Chile Rojo - Guerrero Tortillas\",\"isPartOf\":{\"@id\":\"https:\/\/guerrerotortillas.com\/es\/#website\"},\"primaryImageOfPage\":{\"@id\":\"https:\/\/guerrerotortillas.com\/es\/productos\/tiritas-de-chicharron-con-chile-rojo\/#primaryimage\"},\"image\":{\"@id\":\"https:\/\/guerrerotortillas.com\/es\/productos\/tiritas-de-chicharron-con-chile-rojo\/#primaryimage\"},\"thumbnailUrl\":\"https:\/\/guerrerotortillas.com\/wp-content\/uploads\/2021\/05\/4856480001.FRONT_.png\",\"datePublished\":\"2021-05-13T01:12:00+00:00\",\"dateModified\":\"2022-03-02T00:43:27+00:00\",\"description\":\"Flavorful y crocantesas, los tiritas de chicharr\u00f3n con chile rojo de Guerrero son un excelente refrigerio o para condimentar sus platillos mexicanos favoritos.\",\"breadcrumb\":{\"@id\":\"https:\/\/guerrerotortillas.com\/es\/productos\/tiritas-de-chicharron-con-chile-rojo\/#breadcrumb\"},\"inLanguage\":\"es\",\"potentialAction\":[{\"@type\":\"ReadAction\",\"target\":[\"https:\/\/guerrerotortillas.com\/es\/productos\/tiritas-de-chicharron-con-chile-rojo\/\"]}]},{\"@type\":\"ImageObject\",\"inLanguage\":\"es\",\"@id\":\"https:\/\/guerrerotortillas.com\/es\/productos\/tiritas-de-chicharron-con-chile-rojo\/#primaryimage\",\"url\":\"https:\/\/guerrerotortillas.com\/wp-content\/uploads\/2021\/05\/4856480001.FRONT_.png\",\"contentUrl\":\"https:\/\/guerrerotortillas.com\/wp-content\/uploads\/2021\/05\/4856480001.FRONT_.png\",\"width\":1193,\"height\":1895},{\"@type\":\"BreadcrumbList\",\"@id\":\"https:\/\/guerrerotortillas.com\/es\/productos\/tiritas-de-chicharron-con-chile-rojo\/#breadcrumb\",\"itemListElement\":[{\"@type\":\"ListItem\",\"position\":1,\"name\":\"Inicio\",\"item\":\"https:\/\/guerrerotortillas.com\/es\/\"},{\"@type\":\"ListItem\",\"position\":2,\"name\":\"Bocadillos\",\"item\":\"https:\/\/guerrerotortillas.com\/es\/product-category\/bocadillos\/\"},{\"@type\":\"ListItem\",\"position\":3,\"name\":\"Tiritas de Chicharr\u00f3n con Chile Rojo\"}]},{\"@type\":\"WebSite\",\"@id\":\"https:\/\/guerrerotortillas.com\/es\/#website\",\"url\":\"https:\/\/guerrerotortillas.com\/es\/\",\"name\":\"Guerrero Tortillas\",\"description\":\"\",\"potentialAction\":[{\"@type\":\"SearchAction\",\"target\":{\"@type\":\"EntryPoint\",\"urlTemplate\":\"https:\/\/guerrerotortillas.com\/es\/?s={search_term_string}\"},\"query-input\":{\"@type\":\"PropertyValueSpecification\",\"valueRequired\":true,\"valueName\":\"search_term_string\"}}],\"inLanguage\":\"es\"}]}<\/script>\n<!-- \/ Yoast SEO plugin. -->","yoast_head_json":{"title":"Tiritas de Chicharr\u00f3n con Chile Rojo - Guerrero Tortillas","description":"Flavorful y crocantesas, los tiritas de chicharr\u00f3n con chile rojo de Guerrero son un excelente refrigerio o para condimentar sus platillos mexicanos favoritos.","robots":{"index":"index","follow":"follow","max-snippet":"max-snippet:-1","max-image-preview":"max-image-preview:large","max-video-preview":"max-video-preview:-1"},"canonical":"https:\/\/guerrerotortillas.com\/es\/productos\/tiritas-de-chicharron-con-chile-rojo\/","og_locale":"es_ES","og_type":"article","og_title":"Tiritas de Chicharr\u00f3n con Chile Rojo - Guerrero Tortillas","og_description":"Flavorful y crocantesas, los tiritas de chicharr\u00f3n con chile rojo de Guerrero son un excelente refrigerio o para condimentar sus platillos mexicanos favoritos.","og_url":"https:\/\/guerrerotortillas.com\/es\/productos\/tiritas-de-chicharron-con-chile-rojo\/","og_site_name":"Guerrero Tortillas","article_modified_time":"2022-03-02T00:43:27+00:00","og_image":[{"width":1193,"height":1895,"url":"https:\/\/guerrerotortillas.com\/wp-content\/uploads\/2021\/05\/4856480001.FRONT_.png","type":"image\/png"}],"twitter_card":"summary_large_image","schema":{"@context":"https:\/\/schema.org","@graph":[{"@type":"WebPage","@id":"https:\/\/guerrerotortillas.com\/es\/productos\/tiritas-de-chicharron-con-chile-rojo\/","url":"https:\/\/guerrerotortillas.com\/es\/productos\/tiritas-de-chicharron-con-chile-rojo\/","name":"Tiritas de Chicharr\u00f3n con Chile Rojo - Guerrero Tortillas","isPartOf":{"@id":"https:\/\/guerrerotortillas.com\/es\/#website"},"primaryImageOfPage":{"@id":"https:\/\/guerrerotortillas.com\/es\/productos\/tiritas-de-chicharron-con-chile-rojo\/#primaryimage"},"image":{"@id":"https:\/\/guerrerotortillas.com\/es\/productos\/tiritas-de-chicharron-con-chile-rojo\/#primaryimage"},"thumbnailUrl":"https:\/\/guerrerotortillas.com\/wp-content\/uploads\/2021\/05\/4856480001.FRONT_.png","datePublished":"2021-05-13T01:12:00+00:00","dateModified":"2022-03-02T00:43:27+00:00","description":"Flavorful y crocantesas, los tiritas de chicharr\u00f3n con chile rojo de Guerrero son un excelente refrigerio o para condimentar sus platillos mexicanos favoritos.","breadcrumb":{"@id":"https:\/\/guerrerotortillas.com\/es\/productos\/tiritas-de-chicharron-con-chile-rojo\/#breadcrumb"},"inLanguage":"es","potentialAction":[{"@type":"ReadAction","target":["https:\/\/guerrerotortillas.com\/es\/productos\/tiritas-de-chicharron-con-chile-rojo\/"]}]},{"@type":"ImageObject","inLanguage":"es","@id":"https:\/\/guerrerotortillas.com\/es\/productos\/tiritas-de-chicharron-con-chile-rojo\/#primaryimage","url":"https:\/\/guerrerotortillas.com\/wp-content\/uploads\/2021\/05\/4856480001.FRONT_.png","contentUrl":"https:\/\/guerrerotortillas.com\/wp-content\/uploads\/2021\/05\/4856480001.FRONT_.png","width":1193,"height":1895},{"@type":"BreadcrumbList","@id":"https:\/\/guerrerotortillas.com\/es\/productos\/tiritas-de-chicharron-con-chile-rojo\/#breadcrumb","itemListElement":[{"@type":"ListItem","position":1,"name":"Inicio","item":"https:\/\/guerrerotortillas.com\/es\/"},{"@type":"ListItem","position":2,"name":"Bocadillos","item":"https:\/\/guerrerotortillas.com\/es\/product-category\/bocadillos\/"},{"@type":"ListItem","position":3,"name":"Tiritas de Chicharr\u00f3n con Chile Rojo"}]},{"@type":"WebSite","@id":"https:\/\/guerrerotortillas.com\/es\/#website","url":"https:\/\/guerrerotortillas.com\/es\/","name":"Guerrero Tortillas","description":"","potentialAction":[{"@type":"SearchAction","target":{"@type":"EntryPoint","urlTemplate":"https:\/\/guerrerotortillas.com\/es\/?s={search_term_string}"},"query-input":{"@type":"PropertyValueSpecification","valueRequired":true,"valueName":"search_term_string"}}],"inLanguage":"es"}]}},"_links":{"self":[{"href":"https:\/\/guerrerotortillas.com\/es\/wp-json\/wp\/v2\/product\/1709","targetHints":{"allow":["GET"]}}],"collection":[{"href":"https:\/\/guerrerotortillas.com\/es\/wp-json\/wp\/v2\/product"}],"about":[{"href":"https:\/\/guerrerotortillas.com\/es\/wp-json\/wp\/v2\/types\/product"}],"wp:featuredmedia":[{"embeddable":true,"href":"https:\/\/guerrerotortillas.com\/es\/wp-json\/wp\/v2\/media\/2737"}],"wp:attachment":[{"href":"https:\/\/guerrerotortillas.com\/es\/wp-json\/wp\/v2\/media?parent=1709"}],"wp:term":[{"taxonomy":"product_category","embeddable":true,"href":"https:\/\/guerrerotortillas.com\/es\/wp-json\/wp\/v2\/product_category?post=1709"},{"taxonomy":"product_type","embeddable":true,"href":"https:\/\/guerrerotortillas.com\/es\/wp-json\/wp\/v2\/product_type?post=1709"},{"taxonomy":"size","embeddable":true,"href":"https:\/\/guerrerotortillas.com\/es\/wp-json\/wp\/v2\/size?post=1709"},{"taxonomy":"diet_type","embeddable":true,"href":"https:\/\/guerrerotortillas.com\/es\/wp-json\/wp\/v2\/diet_type?post=1709"},{"taxonomy":"count","embeddable":true,"href":"https:\/\/guerrerotortillas.com\/es\/wp-json\/wp\/v2\/count?post=1709"}],"curies":[{"name":"wp","href":"https:\/\/api.w.org\/{rel}","templated":true}]}}