{"id":1708,"date":"2021-05-30T20:15:00","date_gmt":"2021-05-31T01:15:00","guid":{"rendered":"https:\/\/webprojects.rocks\/clientes\/alma\/guerrerofood\/wordpress\/products\/la-las-soft-taco-flour-tortillas\/"},"modified":"2022-03-10T14:44:43","modified_gmt":"2022-03-10T19:44:43","slug":"tortillas-de-harina-soft-taco-la-las","status":"publish","type":"product","link":"https:\/\/guerrerotortillas.com\/es\/productos\/tortillas-de-harina-soft-taco-la-las\/","title":{"rendered":"Tortillas de Harina tama\u00f1o Soft Taco La La&#8217;s"},"content":{"rendered":"\n<p>Hechas de la manera tradicional, La La\u2019s lleva a tu cocina el sabor a mantequilla y la textura de este pilar de la cocina mexicana. Preparadas con ingredientes de alta calidad, las Tortillas de Harina para La La&#8217;s de Guerrero son el acompa\u00f1ante perfecto para disfrutar de una receta aut\u00e9ntica repleta de los sabores con los que creciste.<\/p>\n\n\n\n<p><strong>Ingredientes:<\/strong> Harina blanqueada y enriquecida (harina, niacina, hierro, mononitrato de tiamina, riboflavina, \u00e1cido f\u00f3lico), agua, aceite vegetal (aceites de soya interesterificado e hidrogenado), contiene 2% o menos de: sal, bicarbonato de sodio, \u00e1cido pirofosf\u00e1tico de sodio, \u00e1cido fum\u00e1rico, y propionato de calcio y \u00e1cido s\u00f3rbico (para mantener la frescura).<\/p>\n","protected":false},"featured_media":2232,"template":"","product_category":[84],"product_type":[79],"size":[81],"diet_type":[151],"count":[89],"class_list":["post-1708","product","type-product","status-publish","has-post-thumbnail","hentry","product_category-tortillas-de-harina","product_type-tortillas-es","size-8-inches-es","diet_type-todos-tipos-dieta","count-20-count-es"],"acf":[],"yoast_head":"<!-- This site is optimized with the Yoast SEO plugin v25.2 - https:\/\/yoast.com\/wordpress\/plugins\/seo\/ -->\n<title>Tortillas de Harina tama\u00f1o Soft Taco La La&#039;s - Guerrero Tortillas<\/title>\n<meta name=\"description\" content=\"Tortillas de Harina tama\u00f1o Soft Taco La La&#039;s son el compa\u00f1ero perfecto para disfrutar de una receta aut\u00e9ntica llena de los sabores con los que creciste.\" \/>\n<meta name=\"robots\" content=\"index, follow, max-snippet:-1, max-image-preview:large, max-video-preview:-1\" \/>\n<link rel=\"canonical\" href=\"https:\/\/guerrerotortillas.com\/es\/productos\/tortillas-de-harina-soft-taco-la-las\/\" \/>\n<meta property=\"og:locale\" content=\"es_ES\" \/>\n<meta property=\"og:type\" content=\"article\" \/>\n<meta property=\"og:title\" content=\"Tortillas de Harina tama\u00f1o Soft Taco La La&#039;s - Guerrero Tortillas\" \/>\n<meta property=\"og:description\" content=\"Tortillas de Harina tama\u00f1o Soft Taco La La&#039;s son el compa\u00f1ero perfecto para disfrutar de una receta aut\u00e9ntica llena de los sabores con los que creciste.\" \/>\n<meta property=\"og:url\" content=\"https:\/\/guerrerotortillas.com\/es\/productos\/tortillas-de-harina-soft-taco-la-las\/\" \/>\n<meta property=\"og:site_name\" content=\"Guerrero Tortillas\" \/>\n<meta property=\"article:modified_time\" content=\"2022-03-10T19:44:43+00:00\" \/>\n<meta property=\"og:image\" content=\"https:\/\/guerrerotortillas.com\/wp-content\/uploads\/2021\/04\/48564000098-preview.png\" \/>\n\t<meta property=\"og:image:width\" content=\"260\" \/>\n\t<meta property=\"og:image:height\" content=\"300\" \/>\n\t<meta property=\"og:image:type\" content=\"image\/png\" \/>\n<meta name=\"twitter:card\" content=\"summary_large_image\" \/>\n<script type=\"application\/ld+json\" class=\"yoast-schema-graph\">{\"@context\":\"https:\/\/schema.org\",\"@graph\":[{\"@type\":\"WebPage\",\"@id\":\"https:\/\/guerrerotortillas.com\/es\/productos\/tortillas-de-harina-soft-taco-la-las\/\",\"url\":\"https:\/\/guerrerotortillas.com\/es\/productos\/tortillas-de-harina-soft-taco-la-las\/\",\"name\":\"Tortillas de Harina tama\u00f1o Soft Taco La La's - Guerrero Tortillas\",\"isPartOf\":{\"@id\":\"https:\/\/guerrerotortillas.com\/es\/#website\"},\"primaryImageOfPage\":{\"@id\":\"https:\/\/guerrerotortillas.com\/es\/productos\/tortillas-de-harina-soft-taco-la-las\/#primaryimage\"},\"image\":{\"@id\":\"https:\/\/guerrerotortillas.com\/es\/productos\/tortillas-de-harina-soft-taco-la-las\/#primaryimage\"},\"thumbnailUrl\":\"https:\/\/guerrerotortillas.com\/wp-content\/uploads\/2021\/04\/48564000098-preview.png\",\"datePublished\":\"2021-05-31T01:15:00+00:00\",\"dateModified\":\"2022-03-10T19:44:43+00:00\",\"description\":\"Tortillas de Harina tama\u00f1o Soft Taco La La's son el compa\u00f1ero perfecto para disfrutar de una receta aut\u00e9ntica llena de los sabores con los que creciste.\",\"breadcrumb\":{\"@id\":\"https:\/\/guerrerotortillas.com\/es\/productos\/tortillas-de-harina-soft-taco-la-las\/#breadcrumb\"},\"inLanguage\":\"es\",\"potentialAction\":[{\"@type\":\"ReadAction\",\"target\":[\"https:\/\/guerrerotortillas.com\/es\/productos\/tortillas-de-harina-soft-taco-la-las\/\"]}]},{\"@type\":\"ImageObject\",\"inLanguage\":\"es\",\"@id\":\"https:\/\/guerrerotortillas.com\/es\/productos\/tortillas-de-harina-soft-taco-la-las\/#primaryimage\",\"url\":\"https:\/\/guerrerotortillas.com\/wp-content\/uploads\/2021\/04\/48564000098-preview.png\",\"contentUrl\":\"https:\/\/guerrerotortillas.com\/wp-content\/uploads\/2021\/04\/48564000098-preview.png\",\"width\":260,\"height\":300},{\"@type\":\"BreadcrumbList\",\"@id\":\"https:\/\/guerrerotortillas.com\/es\/productos\/tortillas-de-harina-soft-taco-la-las\/#breadcrumb\",\"itemListElement\":[{\"@type\":\"ListItem\",\"position\":1,\"name\":\"Inicio\",\"item\":\"https:\/\/guerrerotortillas.com\/es\/\"},{\"@type\":\"ListItem\",\"position\":2,\"name\":\"Tortillas de Harina\",\"item\":\"https:\/\/guerrerotortillas.com\/es\/product-category\/tortillas-de-harina\/\"},{\"@type\":\"ListItem\",\"position\":3,\"name\":\"Tortillas de Harina tama\u00f1o Soft Taco La La&#8217;s\"}]},{\"@type\":\"WebSite\",\"@id\":\"https:\/\/guerrerotortillas.com\/es\/#website\",\"url\":\"https:\/\/guerrerotortillas.com\/es\/\",\"name\":\"Guerrero Tortillas\",\"description\":\"\",\"potentialAction\":[{\"@type\":\"SearchAction\",\"target\":{\"@type\":\"EntryPoint\",\"urlTemplate\":\"https:\/\/guerrerotortillas.com\/es\/?s={search_term_string}\"},\"query-input\":{\"@type\":\"PropertyValueSpecification\",\"valueRequired\":true,\"valueName\":\"search_term_string\"}}],\"inLanguage\":\"es\"}]}<\/script>\n<!-- \/ Yoast SEO plugin. -->","yoast_head_json":{"title":"Tortillas de Harina tama\u00f1o Soft Taco La La's - Guerrero Tortillas","description":"Tortillas de Harina tama\u00f1o Soft Taco La La's son el compa\u00f1ero perfecto para disfrutar de una receta aut\u00e9ntica llena de los sabores con los que creciste.","robots":{"index":"index","follow":"follow","max-snippet":"max-snippet:-1","max-image-preview":"max-image-preview:large","max-video-preview":"max-video-preview:-1"},"canonical":"https:\/\/guerrerotortillas.com\/es\/productos\/tortillas-de-harina-soft-taco-la-las\/","og_locale":"es_ES","og_type":"article","og_title":"Tortillas de Harina tama\u00f1o Soft Taco La La's - Guerrero Tortillas","og_description":"Tortillas de Harina tama\u00f1o Soft Taco La La's son el compa\u00f1ero perfecto para disfrutar de una receta aut\u00e9ntica llena de los sabores con los que creciste.","og_url":"https:\/\/guerrerotortillas.com\/es\/productos\/tortillas-de-harina-soft-taco-la-las\/","og_site_name":"Guerrero Tortillas","article_modified_time":"2022-03-10T19:44:43+00:00","og_image":[{"width":260,"height":300,"url":"https:\/\/guerrerotortillas.com\/wp-content\/uploads\/2021\/04\/48564000098-preview.png","type":"image\/png"}],"twitter_card":"summary_large_image","schema":{"@context":"https:\/\/schema.org","@graph":[{"@type":"WebPage","@id":"https:\/\/guerrerotortillas.com\/es\/productos\/tortillas-de-harina-soft-taco-la-las\/","url":"https:\/\/guerrerotortillas.com\/es\/productos\/tortillas-de-harina-soft-taco-la-las\/","name":"Tortillas de Harina tama\u00f1o Soft Taco La La's - Guerrero Tortillas","isPartOf":{"@id":"https:\/\/guerrerotortillas.com\/es\/#website"},"primaryImageOfPage":{"@id":"https:\/\/guerrerotortillas.com\/es\/productos\/tortillas-de-harina-soft-taco-la-las\/#primaryimage"},"image":{"@id":"https:\/\/guerrerotortillas.com\/es\/productos\/tortillas-de-harina-soft-taco-la-las\/#primaryimage"},"thumbnailUrl":"https:\/\/guerrerotortillas.com\/wp-content\/uploads\/2021\/04\/48564000098-preview.png","datePublished":"2021-05-31T01:15:00+00:00","dateModified":"2022-03-10T19:44:43+00:00","description":"Tortillas de Harina tama\u00f1o Soft Taco La La's son el compa\u00f1ero perfecto para disfrutar de una receta aut\u00e9ntica llena de los sabores con los que creciste.","breadcrumb":{"@id":"https:\/\/guerrerotortillas.com\/es\/productos\/tortillas-de-harina-soft-taco-la-las\/#breadcrumb"},"inLanguage":"es","potentialAction":[{"@type":"ReadAction","target":["https:\/\/guerrerotortillas.com\/es\/productos\/tortillas-de-harina-soft-taco-la-las\/"]}]},{"@type":"ImageObject","inLanguage":"es","@id":"https:\/\/guerrerotortillas.com\/es\/productos\/tortillas-de-harina-soft-taco-la-las\/#primaryimage","url":"https:\/\/guerrerotortillas.com\/wp-content\/uploads\/2021\/04\/48564000098-preview.png","contentUrl":"https:\/\/guerrerotortillas.com\/wp-content\/uploads\/2021\/04\/48564000098-preview.png","width":260,"height":300},{"@type":"BreadcrumbList","@id":"https:\/\/guerrerotortillas.com\/es\/productos\/tortillas-de-harina-soft-taco-la-las\/#breadcrumb","itemListElement":[{"@type":"ListItem","position":1,"name":"Inicio","item":"https:\/\/guerrerotortillas.com\/es\/"},{"@type":"ListItem","position":2,"name":"Tortillas de Harina","item":"https:\/\/guerrerotortillas.com\/es\/product-category\/tortillas-de-harina\/"},{"@type":"ListItem","position":3,"name":"Tortillas de Harina tama\u00f1o Soft Taco La La&#8217;s"}]},{"@type":"WebSite","@id":"https:\/\/guerrerotortillas.com\/es\/#website","url":"https:\/\/guerrerotortillas.com\/es\/","name":"Guerrero Tortillas","description":"","potentialAction":[{"@type":"SearchAction","target":{"@type":"EntryPoint","urlTemplate":"https:\/\/guerrerotortillas.com\/es\/?s={search_term_string}"},"query-input":{"@type":"PropertyValueSpecification","valueRequired":true,"valueName":"search_term_string"}}],"inLanguage":"es"}]}},"_links":{"self":[{"href":"https:\/\/guerrerotortillas.com\/es\/wp-json\/wp\/v2\/product\/1708","targetHints":{"allow":["GET"]}}],"collection":[{"href":"https:\/\/guerrerotortillas.com\/es\/wp-json\/wp\/v2\/product"}],"about":[{"href":"https:\/\/guerrerotortillas.com\/es\/wp-json\/wp\/v2\/types\/product"}],"wp:featuredmedia":[{"embeddable":true,"href":"https:\/\/guerrerotortillas.com\/es\/wp-json\/wp\/v2\/media\/2232"}],"wp:attachment":[{"href":"https:\/\/guerrerotortillas.com\/es\/wp-json\/wp\/v2\/media?parent=1708"}],"wp:term":[{"taxonomy":"product_category","embeddable":true,"href":"https:\/\/guerrerotortillas.com\/es\/wp-json\/wp\/v2\/product_category?post=1708"},{"taxonomy":"product_type","embeddable":true,"href":"https:\/\/guerrerotortillas.com\/es\/wp-json\/wp\/v2\/product_type?post=1708"},{"taxonomy":"size","embeddable":true,"href":"https:\/\/guerrerotortillas.com\/es\/wp-json\/wp\/v2\/size?post=1708"},{"taxonomy":"diet_type","embeddable":true,"href":"https:\/\/guerrerotortillas.com\/es\/wp-json\/wp\/v2\/diet_type?post=1708"},{"taxonomy":"count","embeddable":true,"href":"https:\/\/guerrerotortillas.com\/es\/wp-json\/wp\/v2\/count?post=1708"}],"curies":[{"name":"wp","href":"https:\/\/api.w.org\/{rel}","templated":true}]}}