{"id":1702,"date":"2021-05-20T20:24:00","date_gmt":"2021-05-21T01:24:00","guid":{"rendered":"https:\/\/webprojects.rocks\/clientes\/alma\/guerrerofood\/wordpress\/products\/nutri-ricas-carb-watch-whole-wheat-tortillas\/"},"modified":"2024-06-25T13:49:37","modified_gmt":"2024-06-25T18:49:37","slug":"tortillas-de-harina-integral-carb-watch","status":"publish","type":"product","link":"https:\/\/guerrerotortillas.com\/es\/productos\/tortillas-de-harina-integral-carb-watch\/","title":{"rendered":"Tortillas Carb Watch Whole Wheat"},"content":{"rendered":"\n<p>\u00a1Gran sabor y solo 2 g netos de carbohidratos! Guerrero quiere ayudarte a vivir un estilo de vida \u00f3ptimo con mejores opciones para ti y para tu familia. Estas tortillas son bajas en carbohidratos, con solo 2 g netos de carbohidratos, y tienen un alto contenido de fibra y solo 60 calor\u00edas por tortilla, cero az\u00facar, cero grasas trans y contienen nutritivas semillas de linaza. \u00bfY lo mejor? Est\u00e1n hechas siguiendo las tradiciones para que puedas disfrutar ese delicioso y aut\u00e9ntico sabor que pondr\u00e1 Un pedacito de M\u00e9xico en tu mesa.<\/p>\n","protected":false},"featured_media":4121,"template":"","product_category":[178],"product_type":[79],"size":[132],"diet_type":[151],"count":[82,83],"class_list":["post-1702","product","type-product","status-publish","has-post-thumbnail","hentry","product_category-tortillas-bajas-en-carbohidratos","product_type-tortillas-es","size-6-5-inches","diet_type-todos-tipos-dieta","count-10-count-es","count-8-count-es"],"acf":[],"yoast_head":"<!-- This site is optimized with the Yoast SEO plugin v25.2 - https:\/\/yoast.com\/wordpress\/plugins\/seo\/ -->\n<title>Tortillas Carb Watch Whole Wheat - Guerrero Tortillas<\/title>\n<meta name=\"description\" content=\"\u00a1Solo 3 g de carbohidratos netos! Coma sano con las tortillas de trigo integral bajas en carbohidratos Carb Watch de Guerrero.\" \/>\n<meta name=\"robots\" content=\"index, follow, max-snippet:-1, max-image-preview:large, max-video-preview:-1\" \/>\n<link rel=\"canonical\" href=\"https:\/\/guerrerotortillas.com\/es\/productos\/tortillas-de-harina-integral-carb-watch\/\" \/>\n<meta property=\"og:locale\" content=\"es_ES\" \/>\n<meta property=\"og:type\" content=\"article\" \/>\n<meta property=\"og:title\" content=\"Tortillas Carb Watch Whole Wheat - Guerrero Tortillas\" \/>\n<meta property=\"og:description\" content=\"\u00a1Solo 3 g de carbohidratos netos! Coma sano con las tortillas de trigo integral bajas en carbohidratos Carb Watch de Guerrero.\" \/>\n<meta property=\"og:url\" content=\"https:\/\/guerrerotortillas.com\/es\/productos\/tortillas-de-harina-integral-carb-watch\/\" \/>\n<meta property=\"og:site_name\" content=\"Guerrero Tortillas\" \/>\n<meta property=\"article:modified_time\" content=\"2024-06-25T18:49:37+00:00\" \/>\n<meta property=\"og:image\" content=\"https:\/\/guerrerotortillas.com\/wp-content\/uploads\/2021\/05\/carb-watch-wheat-product-front-new.png\" \/>\n\t<meta property=\"og:image:width\" content=\"735\" \/>\n\t<meta property=\"og:image:height\" content=\"1000\" \/>\n\t<meta property=\"og:image:type\" content=\"image\/png\" \/>\n<meta name=\"twitter:card\" content=\"summary_large_image\" \/>\n<script type=\"application\/ld+json\" class=\"yoast-schema-graph\">{\"@context\":\"https:\/\/schema.org\",\"@graph\":[{\"@type\":\"WebPage\",\"@id\":\"https:\/\/guerrerotortillas.com\/es\/productos\/tortillas-de-harina-integral-carb-watch\/\",\"url\":\"https:\/\/guerrerotortillas.com\/es\/productos\/tortillas-de-harina-integral-carb-watch\/\",\"name\":\"Tortillas Carb Watch Whole Wheat - Guerrero Tortillas\",\"isPartOf\":{\"@id\":\"https:\/\/guerrerotortillas.com\/es\/#website\"},\"primaryImageOfPage\":{\"@id\":\"https:\/\/guerrerotortillas.com\/es\/productos\/tortillas-de-harina-integral-carb-watch\/#primaryimage\"},\"image\":{\"@id\":\"https:\/\/guerrerotortillas.com\/es\/productos\/tortillas-de-harina-integral-carb-watch\/#primaryimage\"},\"thumbnailUrl\":\"https:\/\/guerrerotortillas.com\/wp-content\/uploads\/2021\/05\/carb-watch-wheat-product-front-new.png\",\"datePublished\":\"2021-05-21T01:24:00+00:00\",\"dateModified\":\"2024-06-25T18:49:37+00:00\",\"description\":\"\u00a1Solo 3 g de carbohidratos netos! Coma sano con las tortillas de trigo integral bajas en carbohidratos Carb Watch de Guerrero.\",\"breadcrumb\":{\"@id\":\"https:\/\/guerrerotortillas.com\/es\/productos\/tortillas-de-harina-integral-carb-watch\/#breadcrumb\"},\"inLanguage\":\"es\",\"potentialAction\":[{\"@type\":\"ReadAction\",\"target\":[\"https:\/\/guerrerotortillas.com\/es\/productos\/tortillas-de-harina-integral-carb-watch\/\"]}]},{\"@type\":\"ImageObject\",\"inLanguage\":\"es\",\"@id\":\"https:\/\/guerrerotortillas.com\/es\/productos\/tortillas-de-harina-integral-carb-watch\/#primaryimage\",\"url\":\"https:\/\/guerrerotortillas.com\/wp-content\/uploads\/2021\/05\/carb-watch-wheat-product-front-new.png\",\"contentUrl\":\"https:\/\/guerrerotortillas.com\/wp-content\/uploads\/2021\/05\/carb-watch-wheat-product-front-new.png\",\"width\":735,\"height\":1000},{\"@type\":\"BreadcrumbList\",\"@id\":\"https:\/\/guerrerotortillas.com\/es\/productos\/tortillas-de-harina-integral-carb-watch\/#breadcrumb\",\"itemListElement\":[{\"@type\":\"ListItem\",\"position\":1,\"name\":\"Inicio\",\"item\":\"https:\/\/guerrerotortillas.com\/es\/\"},{\"@type\":\"ListItem\",\"position\":2,\"name\":\"Tortillas Bajas en Carbohidratos\",\"item\":\"https:\/\/guerrerotortillas.com\/es\/product-category\/tortillas-bajas-en-carbohidratos\/\"},{\"@type\":\"ListItem\",\"position\":3,\"name\":\"Tortillas Carb Watch Whole Wheat\"}]},{\"@type\":\"WebSite\",\"@id\":\"https:\/\/guerrerotortillas.com\/es\/#website\",\"url\":\"https:\/\/guerrerotortillas.com\/es\/\",\"name\":\"Guerrero Tortillas\",\"description\":\"\",\"potentialAction\":[{\"@type\":\"SearchAction\",\"target\":{\"@type\":\"EntryPoint\",\"urlTemplate\":\"https:\/\/guerrerotortillas.com\/es\/?s={search_term_string}\"},\"query-input\":{\"@type\":\"PropertyValueSpecification\",\"valueRequired\":true,\"valueName\":\"search_term_string\"}}],\"inLanguage\":\"es\"}]}<\/script>\n<!-- \/ Yoast SEO plugin. -->","yoast_head_json":{"title":"Tortillas Carb Watch Whole Wheat - Guerrero Tortillas","description":"\u00a1Solo 3 g de carbohidratos netos! Coma sano con las tortillas de trigo integral bajas en carbohidratos Carb Watch de Guerrero.","robots":{"index":"index","follow":"follow","max-snippet":"max-snippet:-1","max-image-preview":"max-image-preview:large","max-video-preview":"max-video-preview:-1"},"canonical":"https:\/\/guerrerotortillas.com\/es\/productos\/tortillas-de-harina-integral-carb-watch\/","og_locale":"es_ES","og_type":"article","og_title":"Tortillas Carb Watch Whole Wheat - Guerrero Tortillas","og_description":"\u00a1Solo 3 g de carbohidratos netos! Coma sano con las tortillas de trigo integral bajas en carbohidratos Carb Watch de Guerrero.","og_url":"https:\/\/guerrerotortillas.com\/es\/productos\/tortillas-de-harina-integral-carb-watch\/","og_site_name":"Guerrero Tortillas","article_modified_time":"2024-06-25T18:49:37+00:00","og_image":[{"width":735,"height":1000,"url":"https:\/\/guerrerotortillas.com\/wp-content\/uploads\/2021\/05\/carb-watch-wheat-product-front-new.png","type":"image\/png"}],"twitter_card":"summary_large_image","schema":{"@context":"https:\/\/schema.org","@graph":[{"@type":"WebPage","@id":"https:\/\/guerrerotortillas.com\/es\/productos\/tortillas-de-harina-integral-carb-watch\/","url":"https:\/\/guerrerotortillas.com\/es\/productos\/tortillas-de-harina-integral-carb-watch\/","name":"Tortillas Carb Watch Whole Wheat - Guerrero Tortillas","isPartOf":{"@id":"https:\/\/guerrerotortillas.com\/es\/#website"},"primaryImageOfPage":{"@id":"https:\/\/guerrerotortillas.com\/es\/productos\/tortillas-de-harina-integral-carb-watch\/#primaryimage"},"image":{"@id":"https:\/\/guerrerotortillas.com\/es\/productos\/tortillas-de-harina-integral-carb-watch\/#primaryimage"},"thumbnailUrl":"https:\/\/guerrerotortillas.com\/wp-content\/uploads\/2021\/05\/carb-watch-wheat-product-front-new.png","datePublished":"2021-05-21T01:24:00+00:00","dateModified":"2024-06-25T18:49:37+00:00","description":"\u00a1Solo 3 g de carbohidratos netos! Coma sano con las tortillas de trigo integral bajas en carbohidratos Carb Watch de Guerrero.","breadcrumb":{"@id":"https:\/\/guerrerotortillas.com\/es\/productos\/tortillas-de-harina-integral-carb-watch\/#breadcrumb"},"inLanguage":"es","potentialAction":[{"@type":"ReadAction","target":["https:\/\/guerrerotortillas.com\/es\/productos\/tortillas-de-harina-integral-carb-watch\/"]}]},{"@type":"ImageObject","inLanguage":"es","@id":"https:\/\/guerrerotortillas.com\/es\/productos\/tortillas-de-harina-integral-carb-watch\/#primaryimage","url":"https:\/\/guerrerotortillas.com\/wp-content\/uploads\/2021\/05\/carb-watch-wheat-product-front-new.png","contentUrl":"https:\/\/guerrerotortillas.com\/wp-content\/uploads\/2021\/05\/carb-watch-wheat-product-front-new.png","width":735,"height":1000},{"@type":"BreadcrumbList","@id":"https:\/\/guerrerotortillas.com\/es\/productos\/tortillas-de-harina-integral-carb-watch\/#breadcrumb","itemListElement":[{"@type":"ListItem","position":1,"name":"Inicio","item":"https:\/\/guerrerotortillas.com\/es\/"},{"@type":"ListItem","position":2,"name":"Tortillas Bajas en Carbohidratos","item":"https:\/\/guerrerotortillas.com\/es\/product-category\/tortillas-bajas-en-carbohidratos\/"},{"@type":"ListItem","position":3,"name":"Tortillas Carb Watch Whole Wheat"}]},{"@type":"WebSite","@id":"https:\/\/guerrerotortillas.com\/es\/#website","url":"https:\/\/guerrerotortillas.com\/es\/","name":"Guerrero Tortillas","description":"","potentialAction":[{"@type":"SearchAction","target":{"@type":"EntryPoint","urlTemplate":"https:\/\/guerrerotortillas.com\/es\/?s={search_term_string}"},"query-input":{"@type":"PropertyValueSpecification","valueRequired":true,"valueName":"search_term_string"}}],"inLanguage":"es"}]}},"_links":{"self":[{"href":"https:\/\/guerrerotortillas.com\/es\/wp-json\/wp\/v2\/product\/1702","targetHints":{"allow":["GET"]}}],"collection":[{"href":"https:\/\/guerrerotortillas.com\/es\/wp-json\/wp\/v2\/product"}],"about":[{"href":"https:\/\/guerrerotortillas.com\/es\/wp-json\/wp\/v2\/types\/product"}],"wp:featuredmedia":[{"embeddable":true,"href":"https:\/\/guerrerotortillas.com\/es\/wp-json\/wp\/v2\/media\/4121"}],"wp:attachment":[{"href":"https:\/\/guerrerotortillas.com\/es\/wp-json\/wp\/v2\/media?parent=1702"}],"wp:term":[{"taxonomy":"product_category","embeddable":true,"href":"https:\/\/guerrerotortillas.com\/es\/wp-json\/wp\/v2\/product_category?post=1702"},{"taxonomy":"product_type","embeddable":true,"href":"https:\/\/guerrerotortillas.com\/es\/wp-json\/wp\/v2\/product_type?post=1702"},{"taxonomy":"size","embeddable":true,"href":"https:\/\/guerrerotortillas.com\/es\/wp-json\/wp\/v2\/size?post=1702"},{"taxonomy":"diet_type","embeddable":true,"href":"https:\/\/guerrerotortillas.com\/es\/wp-json\/wp\/v2\/diet_type?post=1702"},{"taxonomy":"count","embeddable":true,"href":"https:\/\/guerrerotortillas.com\/es\/wp-json\/wp\/v2\/count?post=1702"}],"curies":[{"name":"wp","href":"https:\/\/api.w.org\/{rel}","templated":true}]}}