{"id":2041,"date":"2021-05-22T12:48:16","date_gmt":"2021-05-22T17:48:16","guid":{"rendered":"https:\/\/dev.guerrerotortillas.com\/where-to-buy\/"},"modified":"2023-11-17T16:07:51","modified_gmt":"2023-11-17T21:07:51","slug":"localizador-tiendas","status":"publish","type":"page","link":"https:\/\/guerrerotortillas.com\/es\/localizador-tiendas\/","title":{"rendered":"Donde Comprar"},"content":{"rendered":"\n<p>Encuentra tu producto favorito de Guerrero en una tienda cerca a ti. Sugerimos consultar con tu supermercado local o hacer un pedido en l\u00ednea a trav\u00e9s de tu minorista favorito para garantizar la disponibilidad del producto.<\/p>\n\n<div id=\"destini-locator\" class=\"destini-locator-class\" locator-id=\"2557\" alpha-code=\"9FD\" locator-name=\"Guerrero OCL\" client-id=\"guerreroocl\"><\/div><script src=\"https:\/\/lets.shop\/productFirstSnippet.js?id=destini-locator\" charset=\"utf-8\"><\/script>\n","protected":false},"excerpt":{"rendered":"<p>Encuentra tu producto favorito de Guerrero en una tienda cerca a ti. Sugerimos consultar con tu supermercado local o hacer un pedido en l\u00ednea a trav\u00e9s de tu minorista favorito para garantizar la disponibilidad del producto.<\/p>\n","protected":false},"author":3,"featured_media":1170,"parent":0,"menu_order":0,"comment_status":"closed","ping_status":"closed","template":"page-custom.php","meta":{"_acf_changed":false,"inline_featured_image":false,"footnotes":""},"class_list":["post-2041","page","type-page","status-publish","has-post-thumbnail","hentry"],"acf":[],"yoast_head":"<!-- This site is optimized with the Yoast SEO plugin v25.2 - https:\/\/yoast.com\/wordpress\/plugins\/seo\/ -->\n<title>Donde Comprar - Guerrero Tortillas<\/title>\n<meta name=\"description\" content=\"Busca d\u00f3nde comprar cerca de ti, o en l\u00ednea, las tortillas, tostadas y snacks de Guerrero. Puedes buscar por ubicaci\u00f3n o por alg\u00fan producto en espec\u00edfico.\" \/>\n<meta name=\"robots\" content=\"index, follow, max-snippet:-1, max-image-preview:large, max-video-preview:-1\" \/>\n<link rel=\"canonical\" href=\"https:\/\/guerrerotortillas.com\/es\/localizador-tiendas\/\" \/>\n<meta property=\"og:locale\" content=\"es_ES\" \/>\n<meta property=\"og:type\" content=\"article\" \/>\n<meta property=\"og:title\" content=\"Donde Comprar - Guerrero Tortillas\" \/>\n<meta property=\"og:description\" content=\"Busca d\u00f3nde comprar cerca de ti, o en l\u00ednea, las tortillas, tostadas y snacks de Guerrero. Puedes buscar por ubicaci\u00f3n o por alg\u00fan producto en espec\u00edfico.\" \/>\n<meta property=\"og:url\" content=\"https:\/\/guerrerotortillas.com\/es\/localizador-tiendas\/\" \/>\n<meta property=\"og:site_name\" content=\"Guerrero Tortillas\" \/>\n<meta property=\"article:modified_time\" content=\"2023-11-17T21:07:51+00:00\" \/>\n<meta property=\"og:image\" content=\"https:\/\/guerrerotortillas.com\/wp-content\/uploads\/2021\/04\/shirmp_tostadas.jpg\" \/>\n\t<meta property=\"og:image:width\" content=\"1799\" \/>\n\t<meta property=\"og:image:height\" content=\"1199\" \/>\n\t<meta property=\"og:image:type\" content=\"image\/jpeg\" \/>\n<meta name=\"twitter:card\" content=\"summary_large_image\" \/>\n<script type=\"application\/ld+json\" class=\"yoast-schema-graph\">{\"@context\":\"https:\/\/schema.org\",\"@graph\":[{\"@type\":\"WebPage\",\"@id\":\"https:\/\/guerrerotortillas.com\/es\/localizador-tiendas\/\",\"url\":\"https:\/\/guerrerotortillas.com\/es\/localizador-tiendas\/\",\"name\":\"Donde Comprar - Guerrero Tortillas\",\"isPartOf\":{\"@id\":\"https:\/\/guerrerotortillas.com\/es\/#website\"},\"primaryImageOfPage\":{\"@id\":\"https:\/\/guerrerotortillas.com\/es\/localizador-tiendas\/#primaryimage\"},\"image\":{\"@id\":\"https:\/\/guerrerotortillas.com\/es\/localizador-tiendas\/#primaryimage\"},\"thumbnailUrl\":\"https:\/\/guerrerotortillas.com\/wp-content\/uploads\/2021\/04\/shirmp_tostadas.jpg\",\"datePublished\":\"2021-05-22T17:48:16+00:00\",\"dateModified\":\"2023-11-17T21:07:51+00:00\",\"description\":\"Busca d\u00f3nde comprar cerca de ti, o en l\u00ednea, las tortillas, tostadas y snacks de Guerrero. Puedes buscar por ubicaci\u00f3n o por alg\u00fan producto en espec\u00edfico.\",\"breadcrumb\":{\"@id\":\"https:\/\/guerrerotortillas.com\/es\/localizador-tiendas\/#breadcrumb\"},\"inLanguage\":\"es\",\"potentialAction\":[{\"@type\":\"ReadAction\",\"target\":[\"https:\/\/guerrerotortillas.com\/es\/localizador-tiendas\/\"]}]},{\"@type\":\"ImageObject\",\"inLanguage\":\"es\",\"@id\":\"https:\/\/guerrerotortillas.com\/es\/localizador-tiendas\/#primaryimage\",\"url\":\"https:\/\/guerrerotortillas.com\/wp-content\/uploads\/2021\/04\/shirmp_tostadas.jpg\",\"contentUrl\":\"https:\/\/guerrerotortillas.com\/wp-content\/uploads\/2021\/04\/shirmp_tostadas.jpg\",\"width\":1799,\"height\":1199,\"caption\":\"Shrimp tostadas\"},{\"@type\":\"BreadcrumbList\",\"@id\":\"https:\/\/guerrerotortillas.com\/es\/localizador-tiendas\/#breadcrumb\",\"itemListElement\":[{\"@type\":\"ListItem\",\"position\":1,\"name\":\"Inicio\",\"item\":\"https:\/\/guerrerotortillas.com\/es\/\"},{\"@type\":\"ListItem\",\"position\":2,\"name\":\"Donde Comprar\"}]},{\"@type\":\"WebSite\",\"@id\":\"https:\/\/guerrerotortillas.com\/es\/#website\",\"url\":\"https:\/\/guerrerotortillas.com\/es\/\",\"name\":\"Guerrero Tortillas\",\"description\":\"\",\"potentialAction\":[{\"@type\":\"SearchAction\",\"target\":{\"@type\":\"EntryPoint\",\"urlTemplate\":\"https:\/\/guerrerotortillas.com\/es\/?s={search_term_string}\"},\"query-input\":{\"@type\":\"PropertyValueSpecification\",\"valueRequired\":true,\"valueName\":\"search_term_string\"}}],\"inLanguage\":\"es\"}]}<\/script>\n<!-- \/ Yoast SEO plugin. -->","yoast_head_json":{"title":"Donde Comprar - Guerrero Tortillas","description":"Busca d\u00f3nde comprar cerca de ti, o en l\u00ednea, las tortillas, tostadas y snacks de Guerrero. Puedes buscar por ubicaci\u00f3n o por alg\u00fan producto en espec\u00edfico.","robots":{"index":"index","follow":"follow","max-snippet":"max-snippet:-1","max-image-preview":"max-image-preview:large","max-video-preview":"max-video-preview:-1"},"canonical":"https:\/\/guerrerotortillas.com\/es\/localizador-tiendas\/","og_locale":"es_ES","og_type":"article","og_title":"Donde Comprar - Guerrero Tortillas","og_description":"Busca d\u00f3nde comprar cerca de ti, o en l\u00ednea, las tortillas, tostadas y snacks de Guerrero. Puedes buscar por ubicaci\u00f3n o por alg\u00fan producto en espec\u00edfico.","og_url":"https:\/\/guerrerotortillas.com\/es\/localizador-tiendas\/","og_site_name":"Guerrero Tortillas","article_modified_time":"2023-11-17T21:07:51+00:00","og_image":[{"width":1799,"height":1199,"url":"https:\/\/guerrerotortillas.com\/wp-content\/uploads\/2021\/04\/shirmp_tostadas.jpg","type":"image\/jpeg"}],"twitter_card":"summary_large_image","schema":{"@context":"https:\/\/schema.org","@graph":[{"@type":"WebPage","@id":"https:\/\/guerrerotortillas.com\/es\/localizador-tiendas\/","url":"https:\/\/guerrerotortillas.com\/es\/localizador-tiendas\/","name":"Donde Comprar - Guerrero Tortillas","isPartOf":{"@id":"https:\/\/guerrerotortillas.com\/es\/#website"},"primaryImageOfPage":{"@id":"https:\/\/guerrerotortillas.com\/es\/localizador-tiendas\/#primaryimage"},"image":{"@id":"https:\/\/guerrerotortillas.com\/es\/localizador-tiendas\/#primaryimage"},"thumbnailUrl":"https:\/\/guerrerotortillas.com\/wp-content\/uploads\/2021\/04\/shirmp_tostadas.jpg","datePublished":"2021-05-22T17:48:16+00:00","dateModified":"2023-11-17T21:07:51+00:00","description":"Busca d\u00f3nde comprar cerca de ti, o en l\u00ednea, las tortillas, tostadas y snacks de Guerrero. Puedes buscar por ubicaci\u00f3n o por alg\u00fan producto en espec\u00edfico.","breadcrumb":{"@id":"https:\/\/guerrerotortillas.com\/es\/localizador-tiendas\/#breadcrumb"},"inLanguage":"es","potentialAction":[{"@type":"ReadAction","target":["https:\/\/guerrerotortillas.com\/es\/localizador-tiendas\/"]}]},{"@type":"ImageObject","inLanguage":"es","@id":"https:\/\/guerrerotortillas.com\/es\/localizador-tiendas\/#primaryimage","url":"https:\/\/guerrerotortillas.com\/wp-content\/uploads\/2021\/04\/shirmp_tostadas.jpg","contentUrl":"https:\/\/guerrerotortillas.com\/wp-content\/uploads\/2021\/04\/shirmp_tostadas.jpg","width":1799,"height":1199,"caption":"Shrimp tostadas"},{"@type":"BreadcrumbList","@id":"https:\/\/guerrerotortillas.com\/es\/localizador-tiendas\/#breadcrumb","itemListElement":[{"@type":"ListItem","position":1,"name":"Inicio","item":"https:\/\/guerrerotortillas.com\/es\/"},{"@type":"ListItem","position":2,"name":"Donde Comprar"}]},{"@type":"WebSite","@id":"https:\/\/guerrerotortillas.com\/es\/#website","url":"https:\/\/guerrerotortillas.com\/es\/","name":"Guerrero Tortillas","description":"","potentialAction":[{"@type":"SearchAction","target":{"@type":"EntryPoint","urlTemplate":"https:\/\/guerrerotortillas.com\/es\/?s={search_term_string}"},"query-input":{"@type":"PropertyValueSpecification","valueRequired":true,"valueName":"search_term_string"}}],"inLanguage":"es"}]}},"_links":{"self":[{"href":"https:\/\/guerrerotortillas.com\/es\/wp-json\/wp\/v2\/pages\/2041","targetHints":{"allow":["GET"]}}],"collection":[{"href":"https:\/\/guerrerotortillas.com\/es\/wp-json\/wp\/v2\/pages"}],"about":[{"href":"https:\/\/guerrerotortillas.com\/es\/wp-json\/wp\/v2\/types\/page"}],"author":[{"embeddable":true,"href":"https:\/\/guerrerotortillas.com\/es\/wp-json\/wp\/v2\/users\/3"}],"replies":[{"embeddable":true,"href":"https:\/\/guerrerotortillas.com\/es\/wp-json\/wp\/v2\/comments?post=2041"}],"version-history":[{"count":5,"href":"https:\/\/guerrerotortillas.com\/es\/wp-json\/wp\/v2\/pages\/2041\/revisions"}],"predecessor-version":[{"id":3903,"href":"https:\/\/guerrerotortillas.com\/es\/wp-json\/wp\/v2\/pages\/2041\/revisions\/3903"}],"wp:featuredmedia":[{"embeddable":true,"href":"https:\/\/guerrerotortillas.com\/es\/wp-json\/wp\/v2\/media\/1170"}],"wp:attachment":[{"href":"https:\/\/guerrerotortillas.com\/es\/wp-json\/wp\/v2\/media?parent=2041"}],"curies":[{"name":"wp","href":"https:\/\/api.w.org\/{rel}","templated":true}]}}