{"id":1700,"date":"2021-03-25T14:34:26","date_gmt":"2021-03-25T19:34:26","guid":{"rendered":"https:\/\/webprojects.rocks\/clientes\/alma\/guerrerofood\/wordpress\/supply-chain\/"},"modified":"2022-01-26T18:49:38","modified_gmt":"2022-01-26T23:49:38","slug":"cadena-de-abastecimiento","status":"publish","type":"page","link":"https:\/\/guerrerotortillas.com\/es\/cadena-de-abastecimiento\/","title":{"rendered":"Cadena de Abastecimiento"},"content":{"rendered":"\n<div class=\"big-title\">\n    <h2><span>Transparencia en la cadena de abastecimiento:<\/span> California SB 657<\/h2>\n<\/div>\n\n\n\n<p><strong>A partir del 1\u00ba de enero, 2012, la Ley de Transparencia en la Cadena de Abastecimiento del 2012 en California (SB 657) va a requerir que los grandes fabricantes y los minoristas que vendan productos en California hagan algunos manifiestos con respecto a sus esfuerzos para hacer frente a la esclavitud y la trata de personas.<\/strong> Esta Ley tiene por objeto garantizar que los fabricantes y los vendedores hagan manifiestos sus esfuerzos para erradicar la esclavitud y la trata de personas de sus cadenas de suministro.<\/p>\n\n\n\n<p>Corporaci\u00f3n Gruma dba Mission Foods est\u00e1 comprometida a cumplir con altos est\u00e1ndares \u00e9ticos en la conducci\u00f3n de sus negocios. Estamos comprometidos con los objetivos de la ley SB 657 y tenemos el compromiso de cumplir con todas las leyes y reglamentos que rigen los esfuerzos para hacer frente a la esclavitud y la trata de personas. Para establecer y mantener relaciones con nuestros proveedores, les pedimos que se comprometan a los mismos est\u00e1ndares \u00e9ticos, y que no est\u00e9n vinculados con actividades que podr\u00edan considerarse abusivas o de explotaci\u00f3n, incluida la trata de personas y la esclavitud.<\/p>\n\n\n\n<p>Mission Foods tiene el compromiso de verificar nuestra cadena de abastecimiento de productos para garantizar el cumplimiento de las leyes que rigen la esclavitud y la trata de personas. Estas verificaciones no se incluyen actualmente en una certificaci\u00f3n con respecto a los materiales utilizados en la fabricaci\u00f3n de cada proveedor, y no incluyen el uso de terceros.<\/p>\n\n\n\n<p>Mission Foods lleva a cabo auditor\u00edas exhaustivas de sus proveedores para cerciorarse de la seguridad alimenticia, y por lo tanto, muchas cuestiones relacionadas con la seguridad de los trabajadores y sus derechos humanos, pueden ser descubiertas y tratadas. Mission Foods tambi\u00e9n tiene auditores para la mayor\u00eda de sus proveedores internacionales. Mission Foods emplea, principalmente, los servicios del American Institute of Baking. El American Institute of Baking lleva a cabo auditor\u00edas de seguridad alimenticia sin previo aviso en las fabricas de Mission Foods situadas en los Estados Unidos.<\/p>\n\n\n\n<p>Mission Foods cuenta con un sistema riguroso de contabilidad interna para sus proveedores. Los proveedores est\u00e1n obligados a presentar informaci\u00f3n detallada sobre los materiales incorporados en los productos que venden Mission Foods. Las certificaciones de dichos materiales deben incluir los subcomponentes de los materiales y materias primas, con toda la informaci\u00f3n DEL pa\u00eds de origen y fuentes de informaci\u00f3n detalladas. Para cualquier materia prima o componente de origen chino, Mission Foods pide la presentaci\u00f3n de una por parte de un tercero en las instalaciones de dicho proveedor.<\/p>\n\n\n\n<p>Como parte de su sistema de contabilidad interno y para asegurar el cumplimiento de todas las leyes y regulaciones, Mission Foods puede tomar acci\u00f3n si descubre violaciones, incluyendo solicitar la pronta acci\u00f3n de las presuntas violaciones, y las acciones correctivas, as\u00ed como el potencial de terminar las relaciones con los proveedores en el caso de violaciones o si las violaciones no pueden ser remediadas adecuadamente.<\/p>\n\n\n\n<p><strong>Mission Foods tiene un fuerte programa de capacitaci\u00f3n de empleados que actualmente est\u00e1 en revisi\u00f3n para incluir formaci\u00f3n sobre c\u00f3mo minimizar el riesgo potencial de esclavitud y trata de personas en la cadena de abastecimiento.<\/strong><\/p>\n","protected":false},"excerpt":{"rendered":"<p>Transparencia en la cadena de abastecimiento: California SB 657 A partir del 1\u00ba de enero, 2012, la Ley de Transparencia en la Cadena de Abastecimiento del 2012 en California (SB 657) va a requerir que los grandes fabricantes y los minoristas que vendan productos en California hagan algunos manifiestos con respecto a sus esfuerzos para [&hellip;]<\/p>\n","protected":false},"author":3,"featured_media":1329,"parent":0,"menu_order":0,"comment_status":"closed","ping_status":"closed","template":"page-supply-chain.php","meta":{"_acf_changed":false,"inline_featured_image":false,"footnotes":""},"class_list":["post-1700","page","type-page","status-publish","has-post-thumbnail","hentry"],"acf":[],"yoast_head":"<!-- This site is optimized with the Yoast SEO plugin v25.2 - https:\/\/yoast.com\/wordpress\/plugins\/seo\/ -->\n<title>Cadena de Abastecimiento - Guerrero Tortillas<\/title>\n<meta name=\"description\" content=\"Cumplimos con SB 657. Conozca nuestros esfuerzos para erradicar la esclavitud y la trata de personas de nuestras cadenas de suministro.\" \/>\n<meta name=\"robots\" content=\"index, follow, max-snippet:-1, max-image-preview:large, max-video-preview:-1\" \/>\n<link rel=\"canonical\" href=\"https:\/\/guerrerotortillas.com\/es\/cadena-de-abastecimiento\/\" \/>\n<meta property=\"og:locale\" content=\"es_ES\" \/>\n<meta property=\"og:type\" content=\"article\" \/>\n<meta property=\"og:title\" content=\"Cadena de Abastecimiento - Guerrero Tortillas\" \/>\n<meta property=\"og:description\" content=\"Cumplimos con SB 657. Conozca nuestros esfuerzos para erradicar la esclavitud y la trata de personas de nuestras cadenas de suministro.\" \/>\n<meta property=\"og:url\" content=\"https:\/\/guerrerotortillas.com\/es\/cadena-de-abastecimiento\/\" \/>\n<meta property=\"og:site_name\" content=\"Guerrero Tortillas\" \/>\n<meta property=\"article:modified_time\" content=\"2022-01-26T23:49:38+00:00\" \/>\n<meta property=\"og:image\" content=\"https:\/\/guerrerotortillas.com\/wp-content\/uploads\/2021\/04\/Sin-ti\u0301tulo-2.jpg\" \/>\n\t<meta property=\"og:image:width\" content=\"1920\" \/>\n\t<meta property=\"og:image:height\" content=\"510\" \/>\n\t<meta property=\"og:image:type\" content=\"image\/jpeg\" \/>\n<meta name=\"twitter:card\" content=\"summary_large_image\" \/>\n<script type=\"application\/ld+json\" class=\"yoast-schema-graph\">{\"@context\":\"https:\/\/schema.org\",\"@graph\":[{\"@type\":\"WebPage\",\"@id\":\"https:\/\/guerrerotortillas.com\/es\/cadena-de-abastecimiento\/\",\"url\":\"https:\/\/guerrerotortillas.com\/es\/cadena-de-abastecimiento\/\",\"name\":\"Cadena de Abastecimiento - Guerrero Tortillas\",\"isPartOf\":{\"@id\":\"https:\/\/guerrerotortillas.com\/es\/#website\"},\"primaryImageOfPage\":{\"@id\":\"https:\/\/guerrerotortillas.com\/es\/cadena-de-abastecimiento\/#primaryimage\"},\"image\":{\"@id\":\"https:\/\/guerrerotortillas.com\/es\/cadena-de-abastecimiento\/#primaryimage\"},\"thumbnailUrl\":\"https:\/\/guerrerotortillas.com\/wp-content\/uploads\/2021\/04\/Sin-ti\u0301tulo-2.jpg\",\"datePublished\":\"2021-03-25T19:34:26+00:00\",\"dateModified\":\"2022-01-26T23:49:38+00:00\",\"description\":\"Cumplimos con SB 657. Conozca nuestros esfuerzos para erradicar la esclavitud y la trata de personas de nuestras cadenas de suministro.\",\"breadcrumb\":{\"@id\":\"https:\/\/guerrerotortillas.com\/es\/cadena-de-abastecimiento\/#breadcrumb\"},\"inLanguage\":\"es\",\"potentialAction\":[{\"@type\":\"ReadAction\",\"target\":[\"https:\/\/guerrerotortillas.com\/es\/cadena-de-abastecimiento\/\"]}]},{\"@type\":\"ImageObject\",\"inLanguage\":\"es\",\"@id\":\"https:\/\/guerrerotortillas.com\/es\/cadena-de-abastecimiento\/#primaryimage\",\"url\":\"https:\/\/guerrerotortillas.com\/wp-content\/uploads\/2021\/04\/Sin-ti\u0301tulo-2.jpg\",\"contentUrl\":\"https:\/\/guerrerotortillas.com\/wp-content\/uploads\/2021\/04\/Sin-ti\u0301tulo-2.jpg\",\"width\":1920,\"height\":510,\"caption\":\"photo of a Pozole dish\"},{\"@type\":\"BreadcrumbList\",\"@id\":\"https:\/\/guerrerotortillas.com\/es\/cadena-de-abastecimiento\/#breadcrumb\",\"itemListElement\":[{\"@type\":\"ListItem\",\"position\":1,\"name\":\"Inicio\",\"item\":\"https:\/\/guerrerotortillas.com\/es\/\"},{\"@type\":\"ListItem\",\"position\":2,\"name\":\"Cadena de Abastecimiento\"}]},{\"@type\":\"WebSite\",\"@id\":\"https:\/\/guerrerotortillas.com\/es\/#website\",\"url\":\"https:\/\/guerrerotortillas.com\/es\/\",\"name\":\"Guerrero Tortillas\",\"description\":\"\",\"potentialAction\":[{\"@type\":\"SearchAction\",\"target\":{\"@type\":\"EntryPoint\",\"urlTemplate\":\"https:\/\/guerrerotortillas.com\/es\/?s={search_term_string}\"},\"query-input\":{\"@type\":\"PropertyValueSpecification\",\"valueRequired\":true,\"valueName\":\"search_term_string\"}}],\"inLanguage\":\"es\"}]}<\/script>\n<!-- \/ Yoast SEO plugin. -->","yoast_head_json":{"title":"Cadena de Abastecimiento - Guerrero Tortillas","description":"Cumplimos con SB 657. Conozca nuestros esfuerzos para erradicar la esclavitud y la trata de personas de nuestras cadenas de suministro.","robots":{"index":"index","follow":"follow","max-snippet":"max-snippet:-1","max-image-preview":"max-image-preview:large","max-video-preview":"max-video-preview:-1"},"canonical":"https:\/\/guerrerotortillas.com\/es\/cadena-de-abastecimiento\/","og_locale":"es_ES","og_type":"article","og_title":"Cadena de Abastecimiento - Guerrero Tortillas","og_description":"Cumplimos con SB 657. Conozca nuestros esfuerzos para erradicar la esclavitud y la trata de personas de nuestras cadenas de suministro.","og_url":"https:\/\/guerrerotortillas.com\/es\/cadena-de-abastecimiento\/","og_site_name":"Guerrero Tortillas","article_modified_time":"2022-01-26T23:49:38+00:00","og_image":[{"width":1920,"height":510,"url":"https:\/\/guerrerotortillas.com\/wp-content\/uploads\/2021\/04\/Sin-ti\u0301tulo-2.jpg","type":"image\/jpeg"}],"twitter_card":"summary_large_image","schema":{"@context":"https:\/\/schema.org","@graph":[{"@type":"WebPage","@id":"https:\/\/guerrerotortillas.com\/es\/cadena-de-abastecimiento\/","url":"https:\/\/guerrerotortillas.com\/es\/cadena-de-abastecimiento\/","name":"Cadena de Abastecimiento - Guerrero Tortillas","isPartOf":{"@id":"https:\/\/guerrerotortillas.com\/es\/#website"},"primaryImageOfPage":{"@id":"https:\/\/guerrerotortillas.com\/es\/cadena-de-abastecimiento\/#primaryimage"},"image":{"@id":"https:\/\/guerrerotortillas.com\/es\/cadena-de-abastecimiento\/#primaryimage"},"thumbnailUrl":"https:\/\/guerrerotortillas.com\/wp-content\/uploads\/2021\/04\/Sin-ti\u0301tulo-2.jpg","datePublished":"2021-03-25T19:34:26+00:00","dateModified":"2022-01-26T23:49:38+00:00","description":"Cumplimos con SB 657. Conozca nuestros esfuerzos para erradicar la esclavitud y la trata de personas de nuestras cadenas de suministro.","breadcrumb":{"@id":"https:\/\/guerrerotortillas.com\/es\/cadena-de-abastecimiento\/#breadcrumb"},"inLanguage":"es","potentialAction":[{"@type":"ReadAction","target":["https:\/\/guerrerotortillas.com\/es\/cadena-de-abastecimiento\/"]}]},{"@type":"ImageObject","inLanguage":"es","@id":"https:\/\/guerrerotortillas.com\/es\/cadena-de-abastecimiento\/#primaryimage","url":"https:\/\/guerrerotortillas.com\/wp-content\/uploads\/2021\/04\/Sin-ti\u0301tulo-2.jpg","contentUrl":"https:\/\/guerrerotortillas.com\/wp-content\/uploads\/2021\/04\/Sin-ti\u0301tulo-2.jpg","width":1920,"height":510,"caption":"photo of a Pozole dish"},{"@type":"BreadcrumbList","@id":"https:\/\/guerrerotortillas.com\/es\/cadena-de-abastecimiento\/#breadcrumb","itemListElement":[{"@type":"ListItem","position":1,"name":"Inicio","item":"https:\/\/guerrerotortillas.com\/es\/"},{"@type":"ListItem","position":2,"name":"Cadena de Abastecimiento"}]},{"@type":"WebSite","@id":"https:\/\/guerrerotortillas.com\/es\/#website","url":"https:\/\/guerrerotortillas.com\/es\/","name":"Guerrero Tortillas","description":"","potentialAction":[{"@type":"SearchAction","target":{"@type":"EntryPoint","urlTemplate":"https:\/\/guerrerotortillas.com\/es\/?s={search_term_string}"},"query-input":{"@type":"PropertyValueSpecification","valueRequired":true,"valueName":"search_term_string"}}],"inLanguage":"es"}]}},"_links":{"self":[{"href":"https:\/\/guerrerotortillas.com\/es\/wp-json\/wp\/v2\/pages\/1700","targetHints":{"allow":["GET"]}}],"collection":[{"href":"https:\/\/guerrerotortillas.com\/es\/wp-json\/wp\/v2\/pages"}],"about":[{"href":"https:\/\/guerrerotortillas.com\/es\/wp-json\/wp\/v2\/types\/page"}],"author":[{"embeddable":true,"href":"https:\/\/guerrerotortillas.com\/es\/wp-json\/wp\/v2\/users\/3"}],"replies":[{"embeddable":true,"href":"https:\/\/guerrerotortillas.com\/es\/wp-json\/wp\/v2\/comments?post=1700"}],"version-history":[{"count":1,"href":"https:\/\/guerrerotortillas.com\/es\/wp-json\/wp\/v2\/pages\/1700\/revisions"}],"predecessor-version":[{"id":2960,"href":"https:\/\/guerrerotortillas.com\/es\/wp-json\/wp\/v2\/pages\/1700\/revisions\/2960"}],"wp:featuredmedia":[{"embeddable":true,"href":"https:\/\/guerrerotortillas.com\/es\/wp-json\/wp\/v2\/media\/1329"}],"wp:attachment":[{"href":"https:\/\/guerrerotortillas.com\/es\/wp-json\/wp\/v2\/media?parent=1700"}],"curies":[{"name":"wp","href":"https:\/\/api.w.org\/{rel}","templated":true}]}}