{"id":1692,"date":"2021-04-26T12:20:21","date_gmt":"2021-04-26T17:20:21","guid":{"rendered":"https:\/\/webprojects.rocks\/clientes\/alma\/guerrerofood\/wordpress\/about-us\/"},"modified":"2023-02-22T12:49:40","modified_gmt":"2023-02-22T17:49:40","slug":"quienes-somos","status":"publish","type":"page","link":"https:\/\/guerrerotortillas.com\/es\/quienes-somos\/","title":{"rendered":"Quienes somos"},"content":{"rendered":"","protected":false},"excerpt":{"rendered":"","protected":false},"author":3,"featured_media":2244,"parent":0,"menu_order":0,"comment_status":"closed","ping_status":"closed","template":"","meta":{"_acf_changed":false,"inline_featured_image":false,"footnotes":""},"class_list":["post-1692","page","type-page","status-publish","has-post-thumbnail","hentry"],"acf":[],"yoast_head":"<!-- This site is optimized with the Yoast SEO plugin v25.2 - https:\/\/yoast.com\/wordpress\/plugins\/seo\/ -->\n<title>Quienes somos - Guerrero Tortillas<\/title>\n<meta name=\"description\" content=\"Conoce m\u00e1s acerca de Guerrero y c\u00f3mo hemos conservado nuestra tradici\u00f3n de generar memorias a trav\u00e9s de productos alimenticios de calidad y aut\u00e9nticamente mexicanos.\" \/>\n<meta name=\"robots\" content=\"index, follow, max-snippet:-1, max-image-preview:large, max-video-preview:-1\" \/>\n<link rel=\"canonical\" href=\"https:\/\/guerrerotortillas.com\/es\/quienes-somos\/\" \/>\n<meta property=\"og:locale\" content=\"es_ES\" \/>\n<meta property=\"og:type\" content=\"article\" \/>\n<meta property=\"og:title\" content=\"Quienes somos - Guerrero Tortillas\" \/>\n<meta property=\"og:description\" content=\"Conoce m\u00e1s acerca de Guerrero y c\u00f3mo hemos conservado nuestra tradici\u00f3n de generar memorias a trav\u00e9s de productos alimenticios de calidad y aut\u00e9nticamente mexicanos.\" \/>\n<meta property=\"og:url\" content=\"https:\/\/guerrerotortillas.com\/es\/quienes-somos\/\" \/>\n<meta property=\"og:site_name\" content=\"Guerrero Tortillas\" \/>\n<meta property=\"article:modified_time\" content=\"2023-02-22T17:49:40+00:00\" \/>\n<meta property=\"og:image\" content=\"https:\/\/guerrerotortillas.com\/wp-content\/uploads\/2021\/05\/banner3.jpeg\" \/>\n\t<meta property=\"og:image:width\" content=\"1920\" \/>\n\t<meta property=\"og:image:height\" content=\"1080\" \/>\n\t<meta property=\"og:image:type\" content=\"image\/jpeg\" \/>\n<meta name=\"twitter:card\" content=\"summary_large_image\" \/>\n<script type=\"application\/ld+json\" class=\"yoast-schema-graph\">{\"@context\":\"https:\/\/schema.org\",\"@graph\":[{\"@type\":\"WebPage\",\"@id\":\"https:\/\/guerrerotortillas.com\/es\/quienes-somos\/\",\"url\":\"https:\/\/guerrerotortillas.com\/es\/quienes-somos\/\",\"name\":\"Quienes somos - Guerrero Tortillas\",\"isPartOf\":{\"@id\":\"https:\/\/guerrerotortillas.com\/es\/#website\"},\"primaryImageOfPage\":{\"@id\":\"https:\/\/guerrerotortillas.com\/es\/quienes-somos\/#primaryimage\"},\"image\":{\"@id\":\"https:\/\/guerrerotortillas.com\/es\/quienes-somos\/#primaryimage\"},\"thumbnailUrl\":\"https:\/\/guerrerotortillas.com\/wp-content\/uploads\/2021\/05\/banner3.jpeg\",\"datePublished\":\"2021-04-26T17:20:21+00:00\",\"dateModified\":\"2023-02-22T17:49:40+00:00\",\"description\":\"Conoce m\u00e1s acerca de Guerrero y c\u00f3mo hemos conservado nuestra tradici\u00f3n de generar memorias a trav\u00e9s de productos alimenticios de calidad y aut\u00e9nticamente mexicanos.\",\"breadcrumb\":{\"@id\":\"https:\/\/guerrerotortillas.com\/es\/quienes-somos\/#breadcrumb\"},\"inLanguage\":\"es\",\"potentialAction\":[{\"@type\":\"ReadAction\",\"target\":[\"https:\/\/guerrerotortillas.com\/es\/quienes-somos\/\"]}]},{\"@type\":\"ImageObject\",\"inLanguage\":\"es\",\"@id\":\"https:\/\/guerrerotortillas.com\/es\/quienes-somos\/#primaryimage\",\"url\":\"https:\/\/guerrerotortillas.com\/wp-content\/uploads\/2021\/05\/banner3.jpeg\",\"contentUrl\":\"https:\/\/guerrerotortillas.com\/wp-content\/uploads\/2021\/05\/banner3.jpeg\",\"width\":1920,\"height\":1080,\"caption\":\"Tacos made with Guerrero Tortillas\"},{\"@type\":\"BreadcrumbList\",\"@id\":\"https:\/\/guerrerotortillas.com\/es\/quienes-somos\/#breadcrumb\",\"itemListElement\":[{\"@type\":\"ListItem\",\"position\":1,\"name\":\"Inicio\",\"item\":\"https:\/\/guerrerotortillas.com\/es\/\"},{\"@type\":\"ListItem\",\"position\":2,\"name\":\"Quienes somos\"}]},{\"@type\":\"WebSite\",\"@id\":\"https:\/\/guerrerotortillas.com\/es\/#website\",\"url\":\"https:\/\/guerrerotortillas.com\/es\/\",\"name\":\"Guerrero Tortillas\",\"description\":\"\",\"potentialAction\":[{\"@type\":\"SearchAction\",\"target\":{\"@type\":\"EntryPoint\",\"urlTemplate\":\"https:\/\/guerrerotortillas.com\/es\/?s={search_term_string}\"},\"query-input\":{\"@type\":\"PropertyValueSpecification\",\"valueRequired\":true,\"valueName\":\"search_term_string\"}}],\"inLanguage\":\"es\"}]}<\/script>\n<!-- \/ Yoast SEO plugin. -->","yoast_head_json":{"title":"Quienes somos - Guerrero Tortillas","description":"Conoce m\u00e1s acerca de Guerrero y c\u00f3mo hemos conservado nuestra tradici\u00f3n de generar memorias a trav\u00e9s de productos alimenticios de calidad y aut\u00e9nticamente mexicanos.","robots":{"index":"index","follow":"follow","max-snippet":"max-snippet:-1","max-image-preview":"max-image-preview:large","max-video-preview":"max-video-preview:-1"},"canonical":"https:\/\/guerrerotortillas.com\/es\/quienes-somos\/","og_locale":"es_ES","og_type":"article","og_title":"Quienes somos - Guerrero Tortillas","og_description":"Conoce m\u00e1s acerca de Guerrero y c\u00f3mo hemos conservado nuestra tradici\u00f3n de generar memorias a trav\u00e9s de productos alimenticios de calidad y aut\u00e9nticamente mexicanos.","og_url":"https:\/\/guerrerotortillas.com\/es\/quienes-somos\/","og_site_name":"Guerrero Tortillas","article_modified_time":"2023-02-22T17:49:40+00:00","og_image":[{"width":1920,"height":1080,"url":"https:\/\/guerrerotortillas.com\/wp-content\/uploads\/2021\/05\/banner3.jpeg","type":"image\/jpeg"}],"twitter_card":"summary_large_image","schema":{"@context":"https:\/\/schema.org","@graph":[{"@type":"WebPage","@id":"https:\/\/guerrerotortillas.com\/es\/quienes-somos\/","url":"https:\/\/guerrerotortillas.com\/es\/quienes-somos\/","name":"Quienes somos - Guerrero Tortillas","isPartOf":{"@id":"https:\/\/guerrerotortillas.com\/es\/#website"},"primaryImageOfPage":{"@id":"https:\/\/guerrerotortillas.com\/es\/quienes-somos\/#primaryimage"},"image":{"@id":"https:\/\/guerrerotortillas.com\/es\/quienes-somos\/#primaryimage"},"thumbnailUrl":"https:\/\/guerrerotortillas.com\/wp-content\/uploads\/2021\/05\/banner3.jpeg","datePublished":"2021-04-26T17:20:21+00:00","dateModified":"2023-02-22T17:49:40+00:00","description":"Conoce m\u00e1s acerca de Guerrero y c\u00f3mo hemos conservado nuestra tradici\u00f3n de generar memorias a trav\u00e9s de productos alimenticios de calidad y aut\u00e9nticamente mexicanos.","breadcrumb":{"@id":"https:\/\/guerrerotortillas.com\/es\/quienes-somos\/#breadcrumb"},"inLanguage":"es","potentialAction":[{"@type":"ReadAction","target":["https:\/\/guerrerotortillas.com\/es\/quienes-somos\/"]}]},{"@type":"ImageObject","inLanguage":"es","@id":"https:\/\/guerrerotortillas.com\/es\/quienes-somos\/#primaryimage","url":"https:\/\/guerrerotortillas.com\/wp-content\/uploads\/2021\/05\/banner3.jpeg","contentUrl":"https:\/\/guerrerotortillas.com\/wp-content\/uploads\/2021\/05\/banner3.jpeg","width":1920,"height":1080,"caption":"Tacos made with Guerrero Tortillas"},{"@type":"BreadcrumbList","@id":"https:\/\/guerrerotortillas.com\/es\/quienes-somos\/#breadcrumb","itemListElement":[{"@type":"ListItem","position":1,"name":"Inicio","item":"https:\/\/guerrerotortillas.com\/es\/"},{"@type":"ListItem","position":2,"name":"Quienes somos"}]},{"@type":"WebSite","@id":"https:\/\/guerrerotortillas.com\/es\/#website","url":"https:\/\/guerrerotortillas.com\/es\/","name":"Guerrero Tortillas","description":"","potentialAction":[{"@type":"SearchAction","target":{"@type":"EntryPoint","urlTemplate":"https:\/\/guerrerotortillas.com\/es\/?s={search_term_string}"},"query-input":{"@type":"PropertyValueSpecification","valueRequired":true,"valueName":"search_term_string"}}],"inLanguage":"es"}]}},"_links":{"self":[{"href":"https:\/\/guerrerotortillas.com\/es\/wp-json\/wp\/v2\/pages\/1692","targetHints":{"allow":["GET"]}}],"collection":[{"href":"https:\/\/guerrerotortillas.com\/es\/wp-json\/wp\/v2\/pages"}],"about":[{"href":"https:\/\/guerrerotortillas.com\/es\/wp-json\/wp\/v2\/types\/page"}],"author":[{"embeddable":true,"href":"https:\/\/guerrerotortillas.com\/es\/wp-json\/wp\/v2\/users\/3"}],"replies":[{"embeddable":true,"href":"https:\/\/guerrerotortillas.com\/es\/wp-json\/wp\/v2\/comments?post=1692"}],"version-history":[{"count":6,"href":"https:\/\/guerrerotortillas.com\/es\/wp-json\/wp\/v2\/pages\/1692\/revisions"}],"predecessor-version":[{"id":3449,"href":"https:\/\/guerrerotortillas.com\/es\/wp-json\/wp\/v2\/pages\/1692\/revisions\/3449"}],"wp:featuredmedia":[{"embeddable":true,"href":"https:\/\/guerrerotortillas.com\/es\/wp-json\/wp\/v2\/media\/2244"}],"wp:attachment":[{"href":"https:\/\/guerrerotortillas.com\/es\/wp-json\/wp\/v2\/media?parent=1692"}],"curies":[{"name":"wp","href":"https:\/\/api.w.org\/{rel}","templated":true}]}}